{"id":999,"date":"2023-02-17T21:57:36","date_gmt":"2023-02-18T00:57:36","guid":{"rendered":"https:\/\/wp.ufpel.edu.br\/pecos\/?page_id=999"},"modified":"2023-02-17T22:32:56","modified_gmt":"2023-02-18T01:32:56","slug":"volume-13-numero-1-2021","status":"publish","type":"page","link":"https:\/\/wp.ufpel.edu.br\/pecos\/volume-13-numero-1-2021\/","title":{"rendered":"Volume 13, N\u00famero 1, 2021"},"content":{"rendered":"<p>Volume 13, N\u00famero 1, 2021<\/p>\n<p>Artigos T\u00e9cnicos e Cient\u00edficos<\/p>\n<p>FURTADO, Mayana Peres; Barbin, Eduardo Luiz. <a href=\"https:\/\/wp.ufpel.edu.br\/pecos\/files\/2021\/06\/artigo_pecos_mayana_2021_06_25.pdf\">Pulpotomia Parcial de Cvek na Abordagem Conservadora do Tecido Pulpar Exposto em Dentes Permanentes<\/a>. Plataforma de Ensino Continuado de Odontologia e Sa\u00fade (PECOS), Pelotas, 2021. Dispon\u00edvel em:<br \/>\n&lt;www.ufpel.edu.br\/pecos&gt;. Acesso em: 25 jun. 2021.<\/p>\n<p>VALDUGA, Gabriel Nunes; FURTADO, Mayana Peres; BARBIN, Eduardo Luiz. <a href=\"https:\/\/wp.ufpel.edu.br\/pecos\/files\/2021\/01\/artigo_pecos_gabriel_valduga_2021_01_11.pdf\">Protocolo e pressupostos da t\u00e9cnica de apicifica\u00e7\u00e3o com barreira de MTA para dentes imaturos necr\u00f3ticos<\/a>. Plataforma de Ensino Continuado de Odontologia e Sa\u00fade (PECOS), Pelotas, 2021. Dispon\u00edvel em: &lt;www.ufpel.edu.br\/pecos&gt;. Acesso em: 11 jan. 2021.<\/p>\n<p>SILVA, Bernardo Franco; FURTADO, Mayana Peres; BARBIN, Eduardo Luiz. <a href=\"https:\/\/wp.ufpel.edu.br\/pecos\/files\/2021\/03\/artigo_pecos_bernardo_franco_2021_03_08.pdf\">Terap\u00eautica para dentes imaturos com polpa n\u00e3o vital: revasculariza\u00e7\u00e3o<\/a>. Plataforma de Ensino Continuado de Odontologia e Sa\u00fade (PECOS), Pelotas, 2021. Dispon\u00edvel em: &lt;www.ufpel.edu.br\/pecos&gt;. Acesso em: 15 mar. 2021.<\/p>\n<p>MORAES, Andr\u00e9 Rodrigues; DIAS JUNIOR, Luciano Rodrigues, FURTADO, Mayana Peres, BARBIN, Eduardo Luiz. <a href=\"https:\/\/wp.ufpel.edu.br\/pecos\/files\/2021\/09\/artigo_pecos_andre_luciano_c_pilot_2021_09_08.pdf\">Pr\u00e9-Instrumenta\u00e7\u00e3o com Preparo Manual do \u201cGlide Path\u201d e Caracteriza\u00e7\u00e3o das Limas C-Pilot e C+<\/a>. Plataforma de Ensino Continuado de Odontologia e Sa\u00fade (PECOS), Pelotas, RS, 2021. Dispon\u00edvel em: &lt;www.ufpel.edu.br\/pecos&gt;. Acesso em: 23 mar. 2021.<\/p>\n<p>MORAES, Andr\u00e9 Rodrigues; DIAS JUNIOR, Luciano Rodrigues; FURTADO, Mayana Peres; BARBIN, Eduardo Luiz. <a href=\"https:\/\/wp.ufpel.edu.br\/pecos\/files\/2021\/10\/artigo_pecos_andre_luciano_r_pilot_2021_10_21.pdf\">Preparo Reciprocante Assim\u00e9trico do &#8220;Glide Path&#8221;: R-Pilot e WaveOne Gold Glider<\/a>. Plataforma de Ensino Continuado de Odontologia e Sa\u00fade (PECOS), Pelotas, RS, 2021. Dispon\u00edvel em: &lt;www.ufpel.edu.br\/pecos&gt;. Acesso em: 21 out. 2021.<\/p>\n","protected":false},"excerpt":{"rendered":"<p>Volume 13, N\u00famero 1, 2021 Artigos T\u00e9cnicos e Cient\u00edficos FURTADO, Mayana Peres; Barbin, Eduardo Luiz. Pulpotomia Parcial de Cvek na Abordagem Conservadora do Tecido Pulpar Exposto em Dentes Permanentes. Plataforma de Ensino Continuado de Odontologia e Sa\u00fade (PECOS), Pelotas, 2021. Dispon\u00edvel em: &lt;www.ufpel.edu.br\/pecos&gt;. Acesso em: 25 jun. 2021. VALDUGA, Gabriel Nunes; FURTADO, Mayana Peres; BARBIN, [&hellip;]<\/p>\n","protected":false},"author":30,"featured_media":0,"parent":0,"menu_order":0,"comment_status":"closed","ping_status":"closed","template":"","meta":{"footnotes":""},"class_list":["post-999","page","type-page","status-publish","hentry"],"jetpack_sharing_enabled":true,"_links":{"self":[{"href":"https:\/\/wp.ufpel.edu.br\/pecos\/wp-json\/wp\/v2\/pages\/999","targetHints":{"allow":["GET"]}}],"collection":[{"href":"https:\/\/wp.ufpel.edu.br\/pecos\/wp-json\/wp\/v2\/pages"}],"about":[{"href":"https:\/\/wp.ufpel.edu.br\/pecos\/wp-json\/wp\/v2\/types\/page"}],"author":[{"embeddable":true,"href":"https:\/\/wp.ufpel.edu.br\/pecos\/wp-json\/wp\/v2\/users\/30"}],"replies":[{"embeddable":true,"href":"https:\/\/wp.ufpel.edu.br\/pecos\/wp-json\/wp\/v2\/comments?post=999"}],"version-history":[{"count":7,"href":"https:\/\/wp.ufpel.edu.br\/pecos\/wp-json\/wp\/v2\/pages\/999\/revisions"}],"predecessor-version":[{"id":1020,"href":"https:\/\/wp.ufpel.edu.br\/pecos\/wp-json\/wp\/v2\/pages\/999\/revisions\/1020"}],"wp:attachment":[{"href":"https:\/\/wp.ufpel.edu.br\/pecos\/wp-json\/wp\/v2\/media?parent=999"}],"curies":[{"name":"wp","href":"https:\/\/api.w.org\/{rel}","templated":true}]}}