{"id":994,"date":"2023-02-17T21:56:41","date_gmt":"2023-02-18T00:56:41","guid":{"rendered":"https:\/\/wp.ufpel.edu.br\/pecos\/?page_id=994"},"modified":"2023-02-17T21:56:41","modified_gmt":"2023-02-18T00:56:41","slug":"volume-12-numero-1-2020","status":"publish","type":"page","link":"https:\/\/wp.ufpel.edu.br\/pecos\/volume-12-numero-1-2020\/","title":{"rendered":"Volume 12, N\u00famero 1, 2020"},"content":{"rendered":"<p>Volume 12, N\u00famero 1, 2020<\/p>\n<p>Not\u00edcias<\/p>\n<p class=\"corTexto\"><a href=\"https:\/\/wp.ufpel.edu.br\/pecos\/2020\/08\/25\/a-iadt-publicou-nova-versao-do-guia-para-manejo-das-injurias-dentais-traumaticas\/\">A IADT Publicou Nova Vers\u00e3o do Guia para Manejo das Inj\u00farias Dentais Traum\u00e1ticas<\/a><\/p>\n","protected":false},"excerpt":{"rendered":"<p>Volume 12, N\u00famero 1, 2020 Not\u00edcias A IADT Publicou Nova Vers\u00e3o do Guia para Manejo das Inj\u00farias Dentais Traum\u00e1ticas<\/p>\n","protected":false},"author":30,"featured_media":0,"parent":0,"menu_order":0,"comment_status":"closed","ping_status":"closed","template":"","meta":{"footnotes":""},"class_list":["post-994","page","type-page","status-publish","hentry"],"jetpack_sharing_enabled":true,"_links":{"self":[{"href":"https:\/\/wp.ufpel.edu.br\/pecos\/wp-json\/wp\/v2\/pages\/994","targetHints":{"allow":["GET"]}}],"collection":[{"href":"https:\/\/wp.ufpel.edu.br\/pecos\/wp-json\/wp\/v2\/pages"}],"about":[{"href":"https:\/\/wp.ufpel.edu.br\/pecos\/wp-json\/wp\/v2\/types\/page"}],"author":[{"embeddable":true,"href":"https:\/\/wp.ufpel.edu.br\/pecos\/wp-json\/wp\/v2\/users\/30"}],"replies":[{"embeddable":true,"href":"https:\/\/wp.ufpel.edu.br\/pecos\/wp-json\/wp\/v2\/comments?post=994"}],"version-history":[{"count":2,"href":"https:\/\/wp.ufpel.edu.br\/pecos\/wp-json\/wp\/v2\/pages\/994\/revisions"}],"predecessor-version":[{"id":997,"href":"https:\/\/wp.ufpel.edu.br\/pecos\/wp-json\/wp\/v2\/pages\/994\/revisions\/997"}],"wp:attachment":[{"href":"https:\/\/wp.ufpel.edu.br\/pecos\/wp-json\/wp\/v2\/media?parent=994"}],"curies":[{"name":"wp","href":"https:\/\/api.w.org\/{rel}","templated":true}]}}