{"id":985,"date":"2023-02-17T21:53:28","date_gmt":"2023-02-18T00:53:28","guid":{"rendered":"https:\/\/wp.ufpel.edu.br\/pecos\/?page_id=985"},"modified":"2023-02-17T23:00:55","modified_gmt":"2023-02-18T02:00:55","slug":"volume-10-numero-1-2018","status":"publish","type":"page","link":"https:\/\/wp.ufpel.edu.br\/pecos\/volume-10-numero-1-2018\/","title":{"rendered":"Volume 10, N\u00famero 1, 2018"},"content":{"rendered":"<p>Volume 10, N\u00famero 1, 2018<\/p>\n<p>Artigos T\u00e9cnicos e Cient\u00edficos<\/p>\n<p>BARBIN, Eduardo Luiz; SPAN\u00d3, J\u00falio C\u00e9sar Emboava. <a href=\"https:\/\/wp.ufpel.edu.br\/pecos\/ferramenta-de-odontometria-radiografica\/\">Ferramenta de Odontometria Radiogr\u00e1fica: Apresenta\u00e7\u00e3o e Aspectos Gerais<\/a>. Plataforma de Ensino Continuado de Odontologia e Sa\u00fade (PECOS), Pelotas, 2018. Dispon\u00edvel em: &lt;www.ufpel.edu.br\/pecos&gt;. Acesso em: 13 set. 2018.<\/p>\n<p>BARBIN, Eduardo Luiz; SPAN\u00d3, J\u00falio C\u00e9sar Emboava. <a href=\"https:\/\/wp.ufpel.edu.br\/pecos\/ferramenta-de-diluicao-de-hipoclorito-de-sodio\/\">Ferramenta de Dilui\u00e7\u00e3o de Hipoclorito de S\u00f3dio: Aspectos Gerais para Utiliza\u00e7\u00e3o em Endodontia e Odontologia Geral<\/a>. Plataforma de Ensino Continuado de Odontologia e Sa\u00fade (PECOS), Pelotas, 2018. Dispon\u00edvel em: &lt;www.ufpel.edu.br\/pecos&gt;. Acesso em: 13 set. 2018.<\/p>\n<p>Not\u00edcias<\/p>\n<p class=\"corTexto\"><a href=\"https:\/\/wp.ufpel.edu.br\/pecos\/2018\/10\/30\/app-livre-da-iadt-para-acoes-e-terapeutica-de-urgencia-para-dentes-traumatizados\/\">App Livre da IADT para A\u00e7\u00f5es de Urg\u00eancia e Terap\u00eautica de Dentes Traumatizados<\/a><\/p>\n<p class=\"corTexto\"><a href=\"https:\/\/wp.ufpel.edu.br\/pecos\/2018\/07\/26\/comunicado-de-seguranca-de-medicamentos-da-fda-sobre-clorexidina\/\">Comunicado de Seguran\u00e7a de Medicamentos da FDA sobre Clorexidina<\/a><\/p>\n","protected":false},"excerpt":{"rendered":"<p>Volume 10, N\u00famero 1, 2018 Artigos T\u00e9cnicos e Cient\u00edficos BARBIN, Eduardo Luiz; SPAN\u00d3, J\u00falio C\u00e9sar Emboava. Ferramenta de Odontometria Radiogr\u00e1fica: Apresenta\u00e7\u00e3o e Aspectos Gerais. Plataforma de Ensino Continuado de Odontologia e Sa\u00fade (PECOS), Pelotas, 2018. Dispon\u00edvel em: &lt;www.ufpel.edu.br\/pecos&gt;. Acesso em: 13 set. 2018. BARBIN, Eduardo Luiz; SPAN\u00d3, J\u00falio C\u00e9sar Emboava. Ferramenta de Dilui\u00e7\u00e3o de Hipoclorito [&hellip;]<\/p>\n","protected":false},"author":30,"featured_media":0,"parent":0,"menu_order":0,"comment_status":"closed","ping_status":"closed","template":"","meta":{"footnotes":""},"class_list":["post-985","page","type-page","status-publish","hentry"],"jetpack_sharing_enabled":true,"_links":{"self":[{"href":"https:\/\/wp.ufpel.edu.br\/pecos\/wp-json\/wp\/v2\/pages\/985","targetHints":{"allow":["GET"]}}],"collection":[{"href":"https:\/\/wp.ufpel.edu.br\/pecos\/wp-json\/wp\/v2\/pages"}],"about":[{"href":"https:\/\/wp.ufpel.edu.br\/pecos\/wp-json\/wp\/v2\/types\/page"}],"author":[{"embeddable":true,"href":"https:\/\/wp.ufpel.edu.br\/pecos\/wp-json\/wp\/v2\/users\/30"}],"replies":[{"embeddable":true,"href":"https:\/\/wp.ufpel.edu.br\/pecos\/wp-json\/wp\/v2\/comments?post=985"}],"version-history":[{"count":3,"href":"https:\/\/wp.ufpel.edu.br\/pecos\/wp-json\/wp\/v2\/pages\/985\/revisions"}],"predecessor-version":[{"id":1034,"href":"https:\/\/wp.ufpel.edu.br\/pecos\/wp-json\/wp\/v2\/pages\/985\/revisions\/1034"}],"wp:attachment":[{"href":"https:\/\/wp.ufpel.edu.br\/pecos\/wp-json\/wp\/v2\/media?parent=985"}],"curies":[{"name":"wp","href":"https:\/\/api.w.org\/{rel}","templated":true}]}}