{"id":974,"date":"2023-02-17T21:49:33","date_gmt":"2023-02-18T00:49:33","guid":{"rendered":"https:\/\/wp.ufpel.edu.br\/pecos\/?page_id=974"},"modified":"2023-02-22T20:22:26","modified_gmt":"2023-02-22T23:22:26","slug":"volume-8-numero-1-2016","status":"publish","type":"page","link":"https:\/\/wp.ufpel.edu.br\/pecos\/volume-8-numero-1-2016\/","title":{"rendered":"Volume 8, N\u00famero 1, 2016"},"content":{"rendered":"<p>Volume 8, N\u00famero 1, 2016<\/p>\n<p>Artigos T\u00e9cnicos e Cient\u00edficos<\/p>\n<p>ALC\u00c2NTARA, L. M.; BARBIN, E. L.; SPAN\u00d3, J. C. E.; FERREIRA, N. S. <a href=\"https:\/\/wp.ufpel.edu.br\/pecos\/files\/2016\/09\/tecnica_goerig_2016_09_22_sf.pdf\">Pressupostos e protocolos da t\u00e9cnica de instrumenta\u00e7\u00e3o de canais radiculares em molares usando o princ\u00edpio \u201cstep-down\u201d de Goerig et al. (1982)<\/a>.\u00a0Plataforma de Ensino Continuado de Odontologia e Sa\u00fade (PECOS), Pelotas, 2016. Dispon\u00edvel em:<br \/>\n&lt;www.ufpel.edu.br\/pecos&gt;. Acesso em: 05 set. 2021.<\/p>\n<p>ABOU-RASS, M.; FRANK, A. L.; GLICK, D. H. <a href=\"https:\/\/wp.ufpel.edu.br\/pecos\/files\/2015\/03\/abou_rass_versao_en_pt_2016_09_06.pdf\">M\u00e9todo de Limagem Anticurvatura para Preparo de Canal Radicular Curvo<\/a>. Tradu\u00e7\u00e3o de: \u201cThe anticurvature filing method to prepare the curved root canal. 1980, JADA, 101,792-794\u201d. Vers\u00e3o em l\u00edngua portuguesa por: SENNA, R. A.; BARBIN, E. L., 2016. Dispon\u00edvel em &lt;http:\/\/www.ufpel.edu.br\/pecos&gt;. Acesso em: 06 set. 2016.<\/p>\n<p>Not\u00edcias<\/p>\n<p class=\"corTexto\"><a href=\"https:\/\/wp.ufpel.edu.br\/pecos\/2016\/09\/23\/acucar-adicionado-e-risco-de-doenca-cardiovascular-em-criancas\/\">A\u00e7\u00facar Adicionado e Risco de Doen\u00e7a Cardiovascular em Crian\u00e7as<\/a><\/p>\n<p class=\"corTexto\"><a href=\"https:\/\/wp.ufpel.edu.br\/pecos\/2016\/09\/21\/obra-reforma-sanitaria-brasileira-contribuicao-para-a-compreensao-e-critica-disponivel-no-sitio-do-scielo\/\">Obra \u201cReforma sanit\u00e1ria brasileira: contribui\u00e7\u00e3o para a compreens\u00e3o e cr\u00edtica\u201d dispon\u00edvel no s\u00edtio da SciELO<\/a><\/p>\n","protected":false},"excerpt":{"rendered":"<p>Volume 8, N\u00famero 1, 2016 Artigos T\u00e9cnicos e Cient\u00edficos ALC\u00c2NTARA, L. M.; BARBIN, E. L.; SPAN\u00d3, J. C. E.; FERREIRA, N. S. Pressupostos e protocolos da t\u00e9cnica de instrumenta\u00e7\u00e3o de canais radiculares em molares usando o princ\u00edpio \u201cstep-down\u201d de Goerig et al. (1982).\u00a0Plataforma de Ensino Continuado de Odontologia e Sa\u00fade (PECOS), Pelotas, 2016. Dispon\u00edvel em: [&hellip;]<\/p>\n","protected":false},"author":30,"featured_media":0,"parent":0,"menu_order":0,"comment_status":"closed","ping_status":"closed","template":"","meta":{"footnotes":""},"class_list":["post-974","page","type-page","status-publish","hentry"],"jetpack_sharing_enabled":true,"_links":{"self":[{"href":"https:\/\/wp.ufpel.edu.br\/pecos\/wp-json\/wp\/v2\/pages\/974","targetHints":{"allow":["GET"]}}],"collection":[{"href":"https:\/\/wp.ufpel.edu.br\/pecos\/wp-json\/wp\/v2\/pages"}],"about":[{"href":"https:\/\/wp.ufpel.edu.br\/pecos\/wp-json\/wp\/v2\/types\/page"}],"author":[{"embeddable":true,"href":"https:\/\/wp.ufpel.edu.br\/pecos\/wp-json\/wp\/v2\/users\/30"}],"replies":[{"embeddable":true,"href":"https:\/\/wp.ufpel.edu.br\/pecos\/wp-json\/wp\/v2\/comments?post=974"}],"version-history":[{"count":6,"href":"https:\/\/wp.ufpel.edu.br\/pecos\/wp-json\/wp\/v2\/pages\/974\/revisions"}],"predecessor-version":[{"id":1028,"href":"https:\/\/wp.ufpel.edu.br\/pecos\/wp-json\/wp\/v2\/pages\/974\/revisions\/1028"}],"wp:attachment":[{"href":"https:\/\/wp.ufpel.edu.br\/pecos\/wp-json\/wp\/v2\/media?parent=974"}],"curies":[{"name":"wp","href":"https:\/\/api.w.org\/{rel}","templated":true}]}}