{"id":969,"date":"2023-02-17T21:33:42","date_gmt":"2023-02-18T00:33:42","guid":{"rendered":"https:\/\/wp.ufpel.edu.br\/pecos\/?page_id=969"},"modified":"2023-02-17T22:45:12","modified_gmt":"2023-02-18T01:45:12","slug":"volume-7-numero-1-2015","status":"publish","type":"page","link":"https:\/\/wp.ufpel.edu.br\/pecos\/volume-7-numero-1-2015\/","title":{"rendered":"Volume 7, N\u00famero 1, 2015"},"content":{"rendered":"<p>Volume 7, N\u00famero 1, 2015<\/p>\n<p>Artigos T\u00e9cnicos e Cient\u00edficos<\/p>\n<p>CARPENA, Lucas Pinto; PAZIN, Igor do Carmo; ALC\u00c2NTARA, Let\u00edcia Moreira; FERREIRA, N\u00e1dia de Souza e BARBIN, Eduardo Luiz. <a href=\"https:\/\/wp.ufpel.edu.br\/pecos\/files\/2015\/12\/princ_trat_end_mol_2015_12_14.pdf\">Princ\u00edpios do Tratamento Endod\u00f4ntico em Molares<\/a>. Plataforma de Ensino Continuado de Odontologia e Sa\u00fade (PECOS), Pelotas, 2015. Dispon\u00edvel em: &lt;http:\/\/www.ufpel.edu.br\/pecos\/&gt;. Acesso em: 14 dez. 2015.<\/p>\n<p>Not\u00edcias<\/p>\n<p class=\"corTexto\"><a href=\"https:\/\/wp.ufpel.edu.br\/pecos\/2015\/08\/20\/rede-brasileira-de-avaliacao-de-tecnologias-em-saude-rebrats\/\">Rede Brasileira de Avalia\u00e7\u00e3o de Tecnologias em Sa\u00fade (REBRATS)<\/a><\/p>\n<p class=\"corTexto\"><a href=\"https:\/\/wp.ufpel.edu.br\/pecos\/2015\/03\/24\/propugnando-pela-conscientizacao-do-consumo-de-sodio\/\">Propugnando pela Conscientiza\u00e7\u00e3o do Consumo de S\u00f3dio<\/a><\/p>\n","protected":false},"excerpt":{"rendered":"<p>Volume 7, N\u00famero 1, 2015 Artigos T\u00e9cnicos e Cient\u00edficos CARPENA, Lucas Pinto; PAZIN, Igor do Carmo; ALC\u00c2NTARA, Let\u00edcia Moreira; FERREIRA, N\u00e1dia de Souza e BARBIN, Eduardo Luiz. Princ\u00edpios do Tratamento Endod\u00f4ntico em Molares. Plataforma de Ensino Continuado de Odontologia e Sa\u00fade (PECOS), Pelotas, 2015. Dispon\u00edvel em: &lt;http:\/\/www.ufpel.edu.br\/pecos\/&gt;. Acesso em: 14 dez. 2015. Not\u00edcias Rede Brasileira [&hellip;]<\/p>\n","protected":false},"author":30,"featured_media":0,"parent":0,"menu_order":0,"comment_status":"closed","ping_status":"closed","template":"","meta":{"footnotes":""},"class_list":["post-969","page","type-page","status-publish","hentry"],"jetpack_sharing_enabled":true,"_links":{"self":[{"href":"https:\/\/wp.ufpel.edu.br\/pecos\/wp-json\/wp\/v2\/pages\/969","targetHints":{"allow":["GET"]}}],"collection":[{"href":"https:\/\/wp.ufpel.edu.br\/pecos\/wp-json\/wp\/v2\/pages"}],"about":[{"href":"https:\/\/wp.ufpel.edu.br\/pecos\/wp-json\/wp\/v2\/types\/page"}],"author":[{"embeddable":true,"href":"https:\/\/wp.ufpel.edu.br\/pecos\/wp-json\/wp\/v2\/users\/30"}],"replies":[{"embeddable":true,"href":"https:\/\/wp.ufpel.edu.br\/pecos\/wp-json\/wp\/v2\/comments?post=969"}],"version-history":[{"count":3,"href":"https:\/\/wp.ufpel.edu.br\/pecos\/wp-json\/wp\/v2\/pages\/969\/revisions"}],"predecessor-version":[{"id":1029,"href":"https:\/\/wp.ufpel.edu.br\/pecos\/wp-json\/wp\/v2\/pages\/969\/revisions\/1029"}],"wp:attachment":[{"href":"https:\/\/wp.ufpel.edu.br\/pecos\/wp-json\/wp\/v2\/media?parent=969"}],"curies":[{"name":"wp","href":"https:\/\/api.w.org\/{rel}","templated":true}]}}