{"id":965,"date":"2023-02-17T21:31:25","date_gmt":"2023-02-18T00:31:25","guid":{"rendered":"https:\/\/wp.ufpel.edu.br\/pecos\/?page_id=965"},"modified":"2023-02-17T23:11:43","modified_gmt":"2023-02-18T02:11:43","slug":"volume-6-numero-1-2014","status":"publish","type":"page","link":"https:\/\/wp.ufpel.edu.br\/pecos\/volume-6-numero-1-2014\/","title":{"rendered":"Volume 6, N\u00famero 1, 2014"},"content":{"rendered":"<p>Volume 6, N\u00famero 1, 2014<\/p>\n<p>Livros<\/p>\n<p>SILVEIRA, Francis Tentardini; MORAES, Nathali\u00ea Egues. BARBIN, Eduardo Luiz. <a href=\"https:\/\/wp.ufpel.edu.br\/pecos\/files\/2015\/03\/reflex_ceo-_118_121.pdf\">Reflex\u00f5es sobre o C\u00f3digo de \u00c9tica Odontol\u00f3gica Aprovado pela Resolu\u00e7\u00e3o CFO N\u00ba 118\/2012<\/a>. Plataforma de Ensino Continuado de Odontologia e Sa\u00fade (PECOS), Pelotas, 2014. Dispon\u00edvel em: &lt;http:\/\/www.ufpel.edu.br\/pecos\/&gt;. Acesso em: 17<br \/>\nfev. 2023.<\/p>\n<p>Not\u00edcias<\/p>\n<p class=\"corTexto\"><a href=\"https:\/\/wp.ufpel.edu.br\/pecos\/2014\/08\/22\/portaria-interministerial-no-16462014-institui-o-graduaceo\/\">Portaria Interministerial N\u00ba 1646\/2014 Institui o GraduaCEO<\/a><\/p>\n<p class=\"corTexto\"><a href=\"https:\/\/wp.ufpel.edu.br\/pecos\/2014\/05\/27\/consulta-a-tabela-unificada-de-procedimento-sus-pela-internet\/\">Consulta \u00e0 Tabela Unificada de Procedimento SUS pela Internet<\/a><\/p>\n","protected":false},"excerpt":{"rendered":"<p>Volume 6, N\u00famero 1, 2014 Livros SILVEIRA, Francis Tentardini; MORAES, Nathali\u00ea Egues. BARBIN, Eduardo Luiz. Reflex\u00f5es sobre o C\u00f3digo de \u00c9tica Odontol\u00f3gica Aprovado pela Resolu\u00e7\u00e3o CFO N\u00ba 118\/2012. Plataforma de Ensino Continuado de Odontologia e Sa\u00fade (PECOS), Pelotas, 2014. Dispon\u00edvel em: &lt;http:\/\/www.ufpel.edu.br\/pecos\/&gt;. Acesso em: 17 fev. 2023. Not\u00edcias Portaria Interministerial N\u00ba 1646\/2014 Institui o GraduaCEO [&hellip;]<\/p>\n","protected":false},"author":30,"featured_media":0,"parent":0,"menu_order":0,"comment_status":"closed","ping_status":"closed","template":"","meta":{"footnotes":""},"class_list":["post-965","page","type-page","status-publish","hentry"],"jetpack_sharing_enabled":true,"_links":{"self":[{"href":"https:\/\/wp.ufpel.edu.br\/pecos\/wp-json\/wp\/v2\/pages\/965","targetHints":{"allow":["GET"]}}],"collection":[{"href":"https:\/\/wp.ufpel.edu.br\/pecos\/wp-json\/wp\/v2\/pages"}],"about":[{"href":"https:\/\/wp.ufpel.edu.br\/pecos\/wp-json\/wp\/v2\/types\/page"}],"author":[{"embeddable":true,"href":"https:\/\/wp.ufpel.edu.br\/pecos\/wp-json\/wp\/v2\/users\/30"}],"replies":[{"embeddable":true,"href":"https:\/\/wp.ufpel.edu.br\/pecos\/wp-json\/wp\/v2\/comments?post=965"}],"version-history":[{"count":3,"href":"https:\/\/wp.ufpel.edu.br\/pecos\/wp-json\/wp\/v2\/pages\/965\/revisions"}],"predecessor-version":[{"id":1046,"href":"https:\/\/wp.ufpel.edu.br\/pecos\/wp-json\/wp\/v2\/pages\/965\/revisions\/1046"}],"wp:attachment":[{"href":"https:\/\/wp.ufpel.edu.br\/pecos\/wp-json\/wp\/v2\/media?parent=965"}],"curies":[{"name":"wp","href":"https:\/\/api.w.org\/{rel}","templated":true}]}}