{"id":956,"date":"2023-02-17T21:28:11","date_gmt":"2023-02-18T00:28:11","guid":{"rendered":"https:\/\/wp.ufpel.edu.br\/pecos\/?page_id=956"},"modified":"2023-02-17T23:11:05","modified_gmt":"2023-02-18T02:11:05","slug":"volume-4-numero-1-2012","status":"publish","type":"page","link":"https:\/\/wp.ufpel.edu.br\/pecos\/volume-4-numero-1-2012\/","title":{"rendered":"Volume 4, N\u00famero 1, 2012"},"content":{"rendered":"<p>Volume 4, N\u00famero 1, 2012<\/p>\n<p>Artigos T\u00e9cnicos e Cient\u00edficos<\/p>\n<p>BARBIN, Eduardo Luiz; SPAN\u00d3, J\u00falio C\u00e9sar Emboava; DE MATOS, Maickel; SCHNORRENBERGER, Rochele. <a href=\"https:\/\/wp.ufpel.edu.br\/pecos\/files\/2015\/03\/aspectos-preliminares-do-comprometimento-pulpar-eou-do-periodonto-apical.pdf\">Aspectos Preliminares do Comprometimento Pulpar e\/ou do Periodonto Apical<\/a>. Plataforma de Ensino Continuado de Odontologia e Sa\u00fade (PECOS), Pelotas, 2012. Dispon\u00edvel em: &lt;http:\/\/www.ufpel.edu.br\/pecos\/&gt;. Acesso em: 30 jul. 2012.<\/p>\n<p>BARBIN, Eduardo Luiz; SPAN\u00d3, J\u00falio C\u00e9sar Emboava; DE MATOS, Maickel; SCHNORRENBERGER, Rochele. <a href=\"https:\/\/wp.ufpel.edu.br\/pecos\/files\/2015\/03\/aspectos-do-diagnostico-das-pulpopatias-e-das-periapicopatias.pdf\">Metodologia e Sistem\u00e1tica de Diagn\u00f3stico das Pulpopatias e Periapicopatias<\/a>. Plataforma de Ensino Continuado de Odontologia e Sa\u00fade (PECOS), Pelotas, 2012. Dispon\u00edvel em: &lt;http:\/\/www.ufpel.edu.br\/pecos\/&gt;. Acessado em: 27 jul. 2012.<\/p>\n<p>BARBIN, Eduardo Luiz; SPAN\u00d3, J\u00falio C\u00e9sar Emboava; DE MATOS, Maickel; SCHNORRENBERGER, Rochele. <a href=\"https:\/\/wp.ufpel.edu.br\/pecos\/files\/2015\/03\/aspectos-gerais-do-comprometimento-pulpar.pdf\">Aspectos Gerais do Comprometimento Pulpar<\/a>. Plataforma de Ensino Continuado de Odontologia e Sa\u00fade (PECOS), Pelotas, 2012. Dispon\u00edvel em: &lt;http:\/\/www.ufpel.edu.br\/pecos\/&gt;. Acesso em: 01 ago. 2012.<\/p>\n<p>BARBIN, Eduardo Luiz; SPAN\u00d3, J\u00falio C\u00e9sar Emboava; DE MATOS, Maickel; SCHNORRENBERGER, Rochele. <a href=\"https:\/\/wp.ufpel.edu.br\/pecos\/files\/2015\/03\/aspectos-gerais-do-comprometimento-do-periodonto-apical.pdf\">Aspectos Gerais do Comprometimento do Periodonto Apical<\/a>. Plataforma de Ensino Continuado de Odontologia e Sa\u00fade (PECOS), Pelotas, 2012. Dispon\u00edvel em: &lt;http:\/\/www.ufpel.edu.br\/pecos\/&gt;. Acesso em: 24 ago. 2012.<\/p>\n<p>BARBIN, Eduardo Luiz; SPAN\u00d3, J\u00falio C\u00e9sar Emboava; DE MATOS, Maickel; SCHNORRENBERGER, Rochele. <a href=\"https:\/\/wp.ufpel.edu.br\/pecos\/files\/2015\/03\/Classificacoes-das-Pulpopatias-e-Periapicopatias-elaboradas-pela-OMS.pdf\">Classifica\u00e7\u00f5es das pulpopatias e periapicopatias elaboradas pela OMS<\/a>. Plataforma de Ensino Continuado de Odontologia e Sa\u00fade (PECOS), Pelotas, 2012. Dispon\u00edvel em: &lt;http:\/\/www.ufpel.edu.br\/pecos\/&gt;. Acesso em: 27 ago. 2012.<\/p>\n<p>Not\u00edcias<\/p>\n<p class=\"corTexto\"><a href=\"https:\/\/wp.ufpel.edu.br\/pecos\/2012\/06\/25\/regulamentacao-dos-valores-aplicados-pelas-esferas-de-governo-em-saude-publica\/\">Regulamenta\u00e7\u00e3o dos Valores Aplicados pelas Esferas de Governo em Sa\u00fade P\u00fablica<\/a><\/p>\n<p class=\"corTexto\"><a href=\"https:\/\/wp.ufpel.edu.br\/pecos\/2012\/06\/14\/o-sistema-de-bibliotecas-da-ufpel-disponibiliza-conteudo-livre-na-internet\/\">O Sistema de Bibliotecas da UFPel Disponibiliza Conte\u00fado Livre na Internet<\/a><\/p>\n<p class=\"corTexto\"><a href=\"https:\/\/wp.ufpel.edu.br\/pecos\/2012\/06\/01\/portal-de-periodicos-saude-baseada-em-evidencias\/\">Portal de Peri\u00f3dicos: Sa\u00fade Baseada em Evid\u00eancias<\/a><\/p>\n","protected":false},"excerpt":{"rendered":"<p>Volume 4, N\u00famero 1, 2012 Artigos T\u00e9cnicos e Cient\u00edficos BARBIN, Eduardo Luiz; SPAN\u00d3, J\u00falio C\u00e9sar Emboava; DE MATOS, Maickel; SCHNORRENBERGER, Rochele. Aspectos Preliminares do Comprometimento Pulpar e\/ou do Periodonto Apical. Plataforma de Ensino Continuado de Odontologia e Sa\u00fade (PECOS), Pelotas, 2012. Dispon\u00edvel em: &lt;http:\/\/www.ufpel.edu.br\/pecos\/&gt;. Acesso em: 30 jul. 2012. BARBIN, Eduardo Luiz; SPAN\u00d3, J\u00falio C\u00e9sar [&hellip;]<\/p>\n","protected":false},"author":30,"featured_media":0,"parent":0,"menu_order":0,"comment_status":"closed","ping_status":"closed","template":"","meta":{"footnotes":""},"class_list":["post-956","page","type-page","status-publish","hentry"],"jetpack_sharing_enabled":true,"_links":{"self":[{"href":"https:\/\/wp.ufpel.edu.br\/pecos\/wp-json\/wp\/v2\/pages\/956","targetHints":{"allow":["GET"]}}],"collection":[{"href":"https:\/\/wp.ufpel.edu.br\/pecos\/wp-json\/wp\/v2\/pages"}],"about":[{"href":"https:\/\/wp.ufpel.edu.br\/pecos\/wp-json\/wp\/v2\/types\/page"}],"author":[{"embeddable":true,"href":"https:\/\/wp.ufpel.edu.br\/pecos\/wp-json\/wp\/v2\/users\/30"}],"replies":[{"embeddable":true,"href":"https:\/\/wp.ufpel.edu.br\/pecos\/wp-json\/wp\/v2\/comments?post=956"}],"version-history":[{"count":6,"href":"https:\/\/wp.ufpel.edu.br\/pecos\/wp-json\/wp\/v2\/pages\/956\/revisions"}],"predecessor-version":[{"id":1044,"href":"https:\/\/wp.ufpel.edu.br\/pecos\/wp-json\/wp\/v2\/pages\/956\/revisions\/1044"}],"wp:attachment":[{"href":"https:\/\/wp.ufpel.edu.br\/pecos\/wp-json\/wp\/v2\/media?parent=956"}],"curies":[{"name":"wp","href":"https:\/\/api.w.org\/{rel}","templated":true}]}}