{"id":952,"date":"2023-02-17T21:26:18","date_gmt":"2023-02-18T00:26:18","guid":{"rendered":"https:\/\/wp.ufpel.edu.br\/pecos\/?page_id=952"},"modified":"2023-02-17T22:36:54","modified_gmt":"2023-02-18T01:36:54","slug":"volume-3-numero-1-2011","status":"publish","type":"page","link":"https:\/\/wp.ufpel.edu.br\/pecos\/volume-3-numero-1-2011\/","title":{"rendered":"Volume 3, N\u00famero 1, 2011"},"content":{"rendered":"<p>Volume 3, N\u00famero 1, 2011<\/p>\n<p>Artigos T\u00e9cnicos e Cient\u00edficos<\/p>\n<p>BARBIN, Eduardo Luiz; SPAN\u00d3, J\u00falio C\u00e9sar Emboava. <a href=\"https:\/\/wp.ufpel.edu.br\/pecos\/files\/2015\/03\/01_pa_urgencias_odonto_endo_2011_04_12.pdf\">Atendimento de Urg\u00eancia em Endodontia<\/a>. Plataforma de Ensino Continuado de Odontologia e Sa\u00fade (PECOS), Pelotas, 2011. Dispon\u00edvel em: &lt;www.ufpel.edu.br\/pecos&gt;. Acesso em: 01 abr. 2011.<\/p>\n","protected":false},"excerpt":{"rendered":"<p>Volume 3, N\u00famero 1, 2011 Artigos T\u00e9cnicos e Cient\u00edficos BARBIN, Eduardo Luiz; SPAN\u00d3, J\u00falio C\u00e9sar Emboava. Atendimento de Urg\u00eancia em Endodontia. Plataforma de Ensino Continuado de Odontologia e Sa\u00fade (PECOS), Pelotas, 2011. Dispon\u00edvel em: &lt;www.ufpel.edu.br\/pecos&gt;. Acesso em: 01 abr. 2011.<\/p>\n","protected":false},"author":30,"featured_media":0,"parent":0,"menu_order":0,"comment_status":"closed","ping_status":"closed","template":"","meta":{"footnotes":""},"class_list":["post-952","page","type-page","status-publish","hentry"],"jetpack_sharing_enabled":true,"_links":{"self":[{"href":"https:\/\/wp.ufpel.edu.br\/pecos\/wp-json\/wp\/v2\/pages\/952","targetHints":{"allow":["GET"]}}],"collection":[{"href":"https:\/\/wp.ufpel.edu.br\/pecos\/wp-json\/wp\/v2\/pages"}],"about":[{"href":"https:\/\/wp.ufpel.edu.br\/pecos\/wp-json\/wp\/v2\/types\/page"}],"author":[{"embeddable":true,"href":"https:\/\/wp.ufpel.edu.br\/pecos\/wp-json\/wp\/v2\/users\/30"}],"replies":[{"embeddable":true,"href":"https:\/\/wp.ufpel.edu.br\/pecos\/wp-json\/wp\/v2\/comments?post=952"}],"version-history":[{"count":3,"href":"https:\/\/wp.ufpel.edu.br\/pecos\/wp-json\/wp\/v2\/pages\/952\/revisions"}],"predecessor-version":[{"id":1023,"href":"https:\/\/wp.ufpel.edu.br\/pecos\/wp-json\/wp\/v2\/pages\/952\/revisions\/1023"}],"wp:attachment":[{"href":"https:\/\/wp.ufpel.edu.br\/pecos\/wp-json\/wp\/v2\/media?parent=952"}],"curies":[{"name":"wp","href":"https:\/\/api.w.org\/{rel}","templated":true}]}}