{"id":947,"date":"2023-02-17T21:23:41","date_gmt":"2023-02-18T00:23:41","guid":{"rendered":"https:\/\/wp.ufpel.edu.br\/pecos\/?page_id=947"},"modified":"2023-02-22T20:20:13","modified_gmt":"2023-02-22T23:20:13","slug":"volume-2-numero-1-2010","status":"publish","type":"page","link":"https:\/\/wp.ufpel.edu.br\/pecos\/volume-2-numero-1-2010\/","title":{"rendered":"Volume 2, N\u00famero 1, 2010"},"content":{"rendered":"<p>Volume 2, N\u00famero 1, 2010<\/p>\n<p>Artigos T\u00e9cnicos e Cient\u00edficos<\/p>\n<p>BARBIN, Eduardo Luiz; SPAN\u00d3, J\u00falio C\u00e9sar Emboava. <a href=\"https:\/\/wp.ufpel.edu.br\/pecos\/files\/2015\/03\/reabsorcoesdentariasradiculares.pdf\">Reabsor\u00e7\u00f5es Dent\u00e1rias Radiculares<\/a>. Plataforma de Ensino Continuado de Odontologia e Sa\u00fade (PECOS), Pelotas, 2010. Dispon\u00edvel em: &lt;www.ufpel.edu.br\/pecos&gt;. Acesso em: 27 jul. 2012.<\/p>\n<p>BARBIN, Eduardo Luiz; SPAN\u00d3, J\u00falio C\u00e9sar Emboava. <a href=\"https:\/\/wp.ufpel.edu.br\/pecos\/files\/2015\/03\/terapiaendodonticarizogeneseincompleta.pdf\">Terapia Endod\u00f4ntica em Dentes Permanentes Jovens com Rizog\u00eanese Incompleta (\u00c1pice Aberto)<\/a>. Plataforma de Ensino Continuado de Odontologia e Sa\u00fade (PECOS), Pelotas, 2010. Dispon\u00edvel em: &lt;www.ufpel.edu.br\/pecos&gt;. Acesso em: 25 ago. 2012.<\/p>\n<p>WALDEMARIN, Renato Fabr\u00edcio de Andrade; CAMACHO, Guilherme Bri\u00e3o, BARBIN, Eduardo Luiz; SPAN\u00d3, J\u00falio C\u00e9sar Emboava. <a href=\"https:\/\/wp.ufpel.edu.br\/pecos\/files\/2015\/03\/protesepinointraendoniti.pdf\">Aspectos da Reabilita\u00e7\u00e3o Prot\u00e9tica de Dentes Submetidos \u00e0 Microcirurgia Endod\u00f4ntica com Instrumentos Rotat\u00f3rios de NiTi<\/a>. Plataforma de Ensino Continuado de Odontologia e Sa\u00fade (PECOS), Pelotas, 2010. Dispon\u00edvel em: &lt;www.ufpel.edu.br\/pecos&gt;. Acesso em: 2 jul. 2012.<\/p>\n<p>WALDEMARIN, Renato Fabr\u00edcio de Andrade; CAMACHO, Guilherme Bri\u00e3o. <a href=\"https:\/\/wp.ufpel.edu.br\/pecos\/files\/2015\/03\/Principios-dos-Preparos-em-Protese-Parcial-Fixa-PPF.pdf\">Princ\u00edpios dos Preparos em Pr\u00f3tese Parcial Fixa (PPF)<\/a>. Plataforma de Ensino Continuado de Odontologia e Sa\u00fade (PECOS), Pelotas, 2010. Dispon\u00edvel em: &lt;www.ufpel.edu.br\/pecos&gt;. Acesso em: 31 ago. 2010.<\/p>\n<p>WALDEMARIN, Renato Fabr\u00edcio de Andrade; CAMACHO, Guilherme Bri\u00e3o, BARBIN, Eduardo Luiz; SPAN\u00d3, J\u00falio C\u00e9sar Emboava.\u00a0<a href=\"https:\/\/wp.ufpel.edu.br\/pecos\/files\/2015\/03\/PROTESE-PARCIAL-REMOVIVEL-%E2%80%93-SISTEMA-DE-RETENCAO-I.pdf\">Pr\u00f3tese Parcial Remov\u00edvel: sistema de reten\u00e7\u00e3o I<\/a>. Plataforma de Ensino Continuado de Odontologia e Sa\u00fade (PECOS), Pelotas, 2010. Dispon\u00edvel em: &lt;www.ufpel.edu.br\/pecos&gt;. Acesso em: 1 jul. 2010.<\/p>\n<p>Protocolos<\/p>\n<p>WALDEMARIN, Renato Fabr\u00edcio de Andrade; CRUZEIRO, Mario Thadeo Rodrigues;\u00a0CAMACHO, Guilherme Bri\u00e3o; FAOT, Fernanda. <a href=\"https:\/\/wp.ufpel.edu.br\/pecos\/files\/2015\/03\/encaixamento-encaixotamento-dos-moldes-.pdf\">Encaixamento: encaixotamento dos moldes<\/a>. Plataforma de Ensino Continuado de Odontologia e Sa\u00fade (PECOS), Pelotas, 2010. Dispon\u00edvel em: &lt;www.ufpel.edu.br\/pecos&gt;. Acesso em: 08 jul. 2010.<\/p>\n<p>WALDEMARIN, Renato Fabr\u00edcio de Andrade; CAMACHO, Guilherme Bri\u00e3o, FERST, Vin\u00edcius Marcel. <a href=\"https:\/\/wp.ufpel.edu.br\/pecos\/files\/2015\/03\/protocolo-nmf.pdf\">Protocolo de confec\u00e7\u00e3o de N\u00facleos Met\u00e1licos Fundidos<\/a>. Plataforma de Ensino Continuado de Odontologia e Sa\u00fade (PECOS), Pelotas, 2010. Dispon\u00edvel em: &lt;www.ufpel.edu.br\/pecos&gt;. Acesso em: 13 set. 2010.<\/p>\n<p>WALDEMARIN, Renato Fabr\u00edcio de Andrade; CAMACHO, Guilherme Bri\u00e3o, FERST, Vin\u00edcius Marcel. <a href=\"https:\/\/wp.ufpel.edu.br\/pecos\/files\/2015\/03\/protocolo-pufppf.pdf\">Protocolo de confec\u00e7\u00e3o de pr\u00f3teses parciais fixas (PPF) e pr\u00f3teses unit\u00e1rias fixas (PUF)<\/a>. Plataforma de Ensino Continuado de Odontologia e Sa\u00fade (PECOS), Pelotas, 2010. Dispon\u00edvel em: &lt;www.ufpel.edu.br\/pecos&gt;. Acesso em: 07 jul. 2010.<\/p>\n<p>WALDEMARIN, Renato Fabr\u00edcio de Andrade; CAMACHO, Guilherme Bri\u00e3o, FERST, Vin\u00edcius Marcel. <a href=\"https:\/\/wp.ufpel.edu.br\/pecos\/files\/2015\/03\/provisorios-ppf.pdf\">Protocolo de confec\u00e7\u00e3o de Provis\u00f3rios em pr\u00f3teses parciais fixas (PPF) e pr\u00f3teses unit\u00e1rias fixas (PUF)<\/a>. Plataforma de Ensino Continuado de Odontologia e Sa\u00fade (PECOS), Pelotas, 2010. Dispon\u00edvel em: &lt;www.ufpel.edu.br\/pecos&gt;. Acesso em: 07 set. 2010.<\/p>\n<p>WALDEMARIN, Renato Fabr\u00edcio de Andrade; CAMACHO, Guilherme Bri\u00e3o. <a href=\"https:\/\/wp.ufpel.edu.br\/pecos\/files\/2015\/03\/protocolorelacoesmmparpt.pdf\">Protocolo do relacionamento maxilo mandibular para pr\u00f3teses totais (par)<\/a>. Plataforma de Ensino Continuado de Odontologia e Sa\u00fade (PECOS), Pelotas, 2010. Dispon\u00edvel em: &lt;www.ufpel.edu.br\/pecos&gt;. Acesso em: 29 out. 2010.<\/p>\n<p>WALDEMARIN, Renato Fabr\u00edcio de Andrade; CAMACHO, Guilherme Bri\u00e3o. <a href=\"https:\/\/wp.ufpel.edu.br\/pecos\/files\/2015\/03\/protocolo-ppr.pdf\">Protocolo do tratamento reabilitador prot\u00e9tico com pr\u00f3teses parciais remov\u00edveis (PPR)<\/a>. Plataforma de Ensino Continuado de Odontologia e Sa\u00fade (PECOS), Pelotas, 2010. Dispon\u00edvel em: &lt;www.ufpel.edu.br\/pecos&gt;. Acesso em: 07 jul. 2010.<\/p>\n<p>WALDEMARIN, Renato Fabr\u00edcio de Andrade; CAMACHO, Guilherme Bri\u00e3o. <a href=\"https:\/\/wp.ufpel.edu.br\/pecos\/files\/2015\/03\/protocolotratamentoparpt.pdf\">Protocolo do tratamento reabilitador prot\u00e9tico com pr\u00f3teses totais (par)<\/a>. Plataforma de Ensino Continuado de Odontologia e Sa\u00fade (PECOS), Pelotas, 2010. Dispon\u00edvel em: &lt;www.ufpel.edu.br\/pecos&gt;. Acesso em: 6 out. 2010.<\/p>\n<p>Not\u00edcias<\/p>\n<p class=\"corTexto\"><a href=\"https:\/\/wp.ufpel.edu.br\/pecos\/2010\/11\/23\/controle-de-medicamentos-a-base-de-substancias-classificadas-como-antimicrobianos\/\">Controle de Medicamentos \u00e0 Base de Subst\u00e2ncias Classificadas como Antimicrobianos<\/a><\/p>\n<p class=\"corTexto\"><a href=\"https:\/\/wp.ufpel.edu.br\/pecos\/2010\/10\/02\/sitio-site-principal-da-pecos\/\">S\u00edtio (\u201cSite\u201d) Principal da PECOS<\/a><\/p>\n<p class=\"corTexto\"><a href=\"https:\/\/wp.ufpel.edu.br\/pecos\/2010\/07\/06\/perfil-atual-e-tendencias-do-cirurgiao-dentista-brasileiro\/\">Perfil Atual e Tend\u00eancias do Cirurgi\u00e3o-dentista Brasileiro<\/a><\/p>\n<p class=\"corTexto\"><a href=\"https:\/\/wp.ufpel.edu.br\/pecos\/2010\/06\/17\/a-importancia-da-divulgacao-cientifica\/\">A import\u00e2ncia da Divulga\u00e7\u00e3o Cient\u00edfica<\/a><\/p>\n<p class=\"corTexto\"><a href=\"https:\/\/wp.ufpel.edu.br\/pecos\/2010\/02\/21\/premio-bernhard-gross\/\">Pr\u00eamio Bernhard Gross<\/a><\/p>\n<p class=\"corTexto\"><a href=\"https:\/\/wp.ufpel.edu.br\/pecos\/2010\/01\/26\/269\/\">A Admir\u00e1vel Obra de Zilda Arns<\/a><\/p>\n<p class=\"corTexto\"><a href=\"https:\/\/wp.ufpel.edu.br\/pecos\/2010\/01\/21\/dose-diaria-de-paracetamol-deve-cair\/\">Dose di\u00e1ria de Paracetamol deve cair<\/a><\/p>\n<p class=\"corTexto\"><a href=\"https:\/\/wp.ufpel.edu.br\/pecos\/2010\/01\/21\/participacao-colaborativa-e-%e2%80%9cbest-effort%e2%80%9d\/\">Participa\u00e7\u00e3o Colaborativa e \u201cBest Effort\u201d<\/a><\/p>\n","protected":false},"excerpt":{"rendered":"<p>Volume 2, N\u00famero 1, 2010 Artigos T\u00e9cnicos e Cient\u00edficos BARBIN, Eduardo Luiz; SPAN\u00d3, J\u00falio C\u00e9sar Emboava. Reabsor\u00e7\u00f5es Dent\u00e1rias Radiculares. Plataforma de Ensino Continuado de Odontologia e Sa\u00fade (PECOS), Pelotas, 2010. Dispon\u00edvel em: &lt;www.ufpel.edu.br\/pecos&gt;. Acesso em: 27 jul. 2012. BARBIN, Eduardo Luiz; SPAN\u00d3, J\u00falio C\u00e9sar Emboava. Terapia Endod\u00f4ntica em Dentes Permanentes Jovens com Rizog\u00eanese Incompleta (\u00c1pice [&hellip;]<\/p>\n","protected":false},"author":30,"featured_media":0,"parent":0,"menu_order":0,"comment_status":"closed","ping_status":"closed","template":"","meta":{"footnotes":""},"class_list":["post-947","page","type-page","status-publish","hentry"],"jetpack_sharing_enabled":true,"_links":{"self":[{"href":"https:\/\/wp.ufpel.edu.br\/pecos\/wp-json\/wp\/v2\/pages\/947","targetHints":{"allow":["GET"]}}],"collection":[{"href":"https:\/\/wp.ufpel.edu.br\/pecos\/wp-json\/wp\/v2\/pages"}],"about":[{"href":"https:\/\/wp.ufpel.edu.br\/pecos\/wp-json\/wp\/v2\/types\/page"}],"author":[{"embeddable":true,"href":"https:\/\/wp.ufpel.edu.br\/pecos\/wp-json\/wp\/v2\/users\/30"}],"replies":[{"embeddable":true,"href":"https:\/\/wp.ufpel.edu.br\/pecos\/wp-json\/wp\/v2\/comments?post=947"}],"version-history":[{"count":14,"href":"https:\/\/wp.ufpel.edu.br\/pecos\/wp-json\/wp\/v2\/pages\/947\/revisions"}],"predecessor-version":[{"id":1059,"href":"https:\/\/wp.ufpel.edu.br\/pecos\/wp-json\/wp\/v2\/pages\/947\/revisions\/1059"}],"wp:attachment":[{"href":"https:\/\/wp.ufpel.edu.br\/pecos\/wp-json\/wp\/v2\/media?parent=947"}],"curies":[{"name":"wp","href":"https:\/\/api.w.org\/{rel}","templated":true}]}}