{"id":942,"date":"2023-02-17T21:16:43","date_gmt":"2023-02-18T00:16:43","guid":{"rendered":"https:\/\/wp.ufpel.edu.br\/pecos\/?page_id=942"},"modified":"2023-02-17T21:16:43","modified_gmt":"2023-02-18T00:16:43","slug":"volume-1-numero-1-2009","status":"publish","type":"page","link":"https:\/\/wp.ufpel.edu.br\/pecos\/volume-1-numero-1-2009\/","title":{"rendered":"Volume 1, N\u00famero 1, 2009"},"content":{"rendered":"<p>Volume 1, N\u00famero 1, 2009<\/p>\n<p>Not\u00edcias<\/p>\n<p><a href=\"https:\/\/wp.ufpel.edu.br\/pecos\/2009\/10\/15\/ola-mundo\/\">Ol\u00e1, mundo!<\/a><\/p>\n","protected":false},"excerpt":{"rendered":"<p>Volume 1, N\u00famero 1, 2009 Not\u00edcias Ol\u00e1, mundo!<\/p>\n","protected":false},"author":30,"featured_media":0,"parent":0,"menu_order":0,"comment_status":"closed","ping_status":"closed","template":"","meta":{"footnotes":""},"class_list":["post-942","page","type-page","status-publish","hentry"],"jetpack_sharing_enabled":true,"_links":{"self":[{"href":"https:\/\/wp.ufpel.edu.br\/pecos\/wp-json\/wp\/v2\/pages\/942","targetHints":{"allow":["GET"]}}],"collection":[{"href":"https:\/\/wp.ufpel.edu.br\/pecos\/wp-json\/wp\/v2\/pages"}],"about":[{"href":"https:\/\/wp.ufpel.edu.br\/pecos\/wp-json\/wp\/v2\/types\/page"}],"author":[{"embeddable":true,"href":"https:\/\/wp.ufpel.edu.br\/pecos\/wp-json\/wp\/v2\/users\/30"}],"replies":[{"embeddable":true,"href":"https:\/\/wp.ufpel.edu.br\/pecos\/wp-json\/wp\/v2\/comments?post=942"}],"version-history":[{"count":1,"href":"https:\/\/wp.ufpel.edu.br\/pecos\/wp-json\/wp\/v2\/pages\/942\/revisions"}],"predecessor-version":[{"id":944,"href":"https:\/\/wp.ufpel.edu.br\/pecos\/wp-json\/wp\/v2\/pages\/942\/revisions\/944"}],"wp:attachment":[{"href":"https:\/\/wp.ufpel.edu.br\/pecos\/wp-json\/wp\/v2\/media?parent=942"}],"curies":[{"name":"wp","href":"https:\/\/api.w.org\/{rel}","templated":true}]}}