{"id":935,"date":"2023-02-17T21:11:33","date_gmt":"2023-02-18T00:11:33","guid":{"rendered":"https:\/\/wp.ufpel.edu.br\/pecos\/?page_id=935"},"modified":"2023-02-17T22:00:12","modified_gmt":"2023-02-18T01:00:12","slug":"edicoes-anteriores","status":"publish","type":"page","link":"https:\/\/wp.ufpel.edu.br\/pecos\/edicoes-anteriores\/","title":{"rendered":"Edi\u00e7\u00f5es anteriores"},"content":{"rendered":"<p>Edi\u00e7\u00f5es Anteriores<\/p>\n<p><a href=\"https:\/\/wp.ufpel.edu.br\/pecos\/volume-14-numero-1-2022\/\">Volume 14, N\u00famero 1, 2022<\/a><br \/>\n<a href=\"https:\/\/wp.ufpel.edu.br\/pecos\/volume-13-numero-1-2021\/\">Volume 13, N\u00famero 1, 2021<\/a><br \/>\n<a href=\"https:\/\/wp.ufpel.edu.br\/pecos\/volume-12-numero-1-2020\/\">Volume 12, N\u00famero 1, 2020<\/a><br \/>\n<a href=\"https:\/\/wp.ufpel.edu.br\/pecos\/volume-11-numero-1-2019\/\">Volume 11, N\u00famero 1, 2019<\/a><br \/>\n<a href=\"https:\/\/wp.ufpel.edu.br\/pecos\/?page_id=985&amp;preview=true\">Volume 10, N\u00famero 1, 2018<\/a><br \/>\n<a href=\"https:\/\/wp.ufpel.edu.br\/pecos\/volume-9-numero-1-2017\/\">Volume 9, N\u00famero 1, 2017<\/a><br \/>\n<a href=\"https:\/\/wp.ufpel.edu.br\/pecos\/volume-8-numero-1-2016\/\">Volume 8, N\u00famero 1, 2016<\/a><br \/>\n<a href=\"https:\/\/wp.ufpel.edu.br\/pecos\/volume-7-numero-1-2015\/\">Volume 7, N\u00famero 1, 2015<\/a><br \/>\n<a href=\"https:\/\/wp.ufpel.edu.br\/pecos\/volume-6-numero-1-2014\/\">Volume 6, N\u00famero 1, 2014<\/a><br \/>\n<a href=\"https:\/\/wp.ufpel.edu.br\/pecos\/volume-5-numero-1-2013\/\">Volume 5, N\u00famero 1, 2013<\/a><br \/>\n<a href=\"https:\/\/wp.ufpel.edu.br\/pecos\/?page_id=956&amp;preview=true\">Volume 4, N\u00famero 1, 2012<\/a><br \/>\n<a href=\"https:\/\/wp.ufpel.edu.br\/pecos\/?page_id=952&amp;preview=true\">Volume 3, N\u00famero 1, 2011<\/a><br \/>\n<a href=\"https:\/\/wp.ufpel.edu.br\/pecos\/volume-2-numero-1-2010\/\">Volume 2, N\u00famero 1, 2010<\/a><br \/>\n<a href=\"https:\/\/wp.ufpel.edu.br\/pecos\/volume-1-numero-1-2009\/\">Volume 1, N\u00famero 1, 2009<\/a><\/p>\n","protected":false},"excerpt":{"rendered":"<p>Edi\u00e7\u00f5es Anteriores Volume 14, N\u00famero 1, 2022 Volume 13, N\u00famero 1, 2021 Volume 12, N\u00famero 1, 2020 Volume 11, N\u00famero 1, 2019 Volume 10, N\u00famero 1, 2018 Volume 9, N\u00famero 1, 2017 Volume 8, N\u00famero 1, 2016 Volume 7, N\u00famero 1, 2015 Volume 6, N\u00famero 1, 2014 Volume 5, N\u00famero 1, 2013 Volume 4, N\u00famero [&hellip;]<\/p>\n","protected":false},"author":30,"featured_media":0,"parent":0,"menu_order":0,"comment_status":"closed","ping_status":"closed","template":"","meta":{"footnotes":""},"class_list":["post-935","page","type-page","status-publish","hentry"],"jetpack_sharing_enabled":true,"_links":{"self":[{"href":"https:\/\/wp.ufpel.edu.br\/pecos\/wp-json\/wp\/v2\/pages\/935","targetHints":{"allow":["GET"]}}],"collection":[{"href":"https:\/\/wp.ufpel.edu.br\/pecos\/wp-json\/wp\/v2\/pages"}],"about":[{"href":"https:\/\/wp.ufpel.edu.br\/pecos\/wp-json\/wp\/v2\/types\/page"}],"author":[{"embeddable":true,"href":"https:\/\/wp.ufpel.edu.br\/pecos\/wp-json\/wp\/v2\/users\/30"}],"replies":[{"embeddable":true,"href":"https:\/\/wp.ufpel.edu.br\/pecos\/wp-json\/wp\/v2\/comments?post=935"}],"version-history":[{"count":17,"href":"https:\/\/wp.ufpel.edu.br\/pecos\/wp-json\/wp\/v2\/pages\/935\/revisions"}],"predecessor-version":[{"id":938,"href":"https:\/\/wp.ufpel.edu.br\/pecos\/wp-json\/wp\/v2\/pages\/935\/revisions\/938"}],"wp:attachment":[{"href":"https:\/\/wp.ufpel.edu.br\/pecos\/wp-json\/wp\/v2\/media?parent=935"}],"curies":[{"name":"wp","href":"https:\/\/api.w.org\/{rel}","templated":true}]}}