{"id":923,"date":"2023-02-17T20:48:08","date_gmt":"2023-02-17T23:48:08","guid":{"rendered":"https:\/\/wp.ufpel.edu.br\/pecos\/?page_id=923"},"modified":"2023-02-17T22:01:39","modified_gmt":"2023-02-18T01:01:39","slug":"edicao-atual","status":"publish","type":"page","link":"https:\/\/wp.ufpel.edu.br\/pecos\/edicao-atual\/","title":{"rendered":"Edi\u00e7\u00e3o Atual"},"content":{"rendered":"<p>Edi\u00e7\u00e3o Atual<br \/>\nVolume 15, N\u00famero 1, 2023<\/p>\n<p>Artigos T\u00e9cnicos e Cient\u00edficos<\/p>\n<p>SILVA, Marcelo Pereira da; FURTADO, Mayana Peres; MORAES, Andr\u00e9 Rodrigues; DIAS JUNIOR, Luciano Rodrigues, BARBIN, Eduardo Luiz. <a href=\"https:\/\/wp.ufpel.edu.br\/pecos\/files\/2023\/01\/artigo_pecos_marcelo_pre_instrumentacao_2023_01_05.pdf\">Aspectos Gerais da Pr\u00e9-Instrumenta\u00e7\u00e3o Endod\u00f4ntica com\u00a0Instrumentos Movimentados Manualmente<\/a>. Plataforma de Ensino Continuado de Odontologia e Sa\u00fade<br \/>\n(PECOS), Pelotas, RS, 2023. Dispon\u00edvel em: &lt;www.ufpel.edu.br\/pecos&gt;. Acesso em: 05 jan. 2023.<\/p>\n<p>SILVA, Marcelo Pereira da; FURTADO, Mayana Peres; BARBIN, Eduardo Luiz. <a href=\"https:\/\/wp.ufpel.edu.br\/pecos\/files\/2023\/01\/artigo_pecos_marcelo_lexicon_2023_01_05.pdf\">Apresenta\u00e7\u00e3o das caracter\u00edsticas das limas Lexicon<\/a>. Plataforma de Ensino Continuado de Odontologia e Sa\u00fade (PECOS), Pelotas, RS, 2023. Dispon\u00edvel em: &lt;www.ufpel.edu.br\/pecos&gt;. Acesso em: 05 jan. 2023<\/p>\n<p>&nbsp;<\/p>\n","protected":false},"excerpt":{"rendered":"<p>Edi\u00e7\u00e3o Atual Volume 15, N\u00famero 1, 2023 Artigos T\u00e9cnicos e Cient\u00edficos SILVA, Marcelo Pereira da; FURTADO, Mayana Peres; MORAES, Andr\u00e9 Rodrigues; DIAS JUNIOR, Luciano Rodrigues, BARBIN, Eduardo Luiz. Aspectos Gerais da Pr\u00e9-Instrumenta\u00e7\u00e3o Endod\u00f4ntica com\u00a0Instrumentos Movimentados Manualmente. Plataforma de Ensino Continuado de Odontologia e Sa\u00fade (PECOS), Pelotas, RS, 2023. Dispon\u00edvel em: &lt;www.ufpel.edu.br\/pecos&gt;. Acesso em: 05 jan. [&hellip;]<\/p>\n","protected":false},"author":30,"featured_media":0,"parent":0,"menu_order":0,"comment_status":"closed","ping_status":"closed","template":"","meta":{"footnotes":""},"class_list":["post-923","page","type-page","status-publish","hentry"],"jetpack_sharing_enabled":true,"_links":{"self":[{"href":"https:\/\/wp.ufpel.edu.br\/pecos\/wp-json\/wp\/v2\/pages\/923","targetHints":{"allow":["GET"]}}],"collection":[{"href":"https:\/\/wp.ufpel.edu.br\/pecos\/wp-json\/wp\/v2\/pages"}],"about":[{"href":"https:\/\/wp.ufpel.edu.br\/pecos\/wp-json\/wp\/v2\/types\/page"}],"author":[{"embeddable":true,"href":"https:\/\/wp.ufpel.edu.br\/pecos\/wp-json\/wp\/v2\/users\/30"}],"replies":[{"embeddable":true,"href":"https:\/\/wp.ufpel.edu.br\/pecos\/wp-json\/wp\/v2\/comments?post=923"}],"version-history":[{"count":5,"href":"https:\/\/wp.ufpel.edu.br\/pecos\/wp-json\/wp\/v2\/pages\/923\/revisions"}],"predecessor-version":[{"id":1008,"href":"https:\/\/wp.ufpel.edu.br\/pecos\/wp-json\/wp\/v2\/pages\/923\/revisions\/1008"}],"wp:attachment":[{"href":"https:\/\/wp.ufpel.edu.br\/pecos\/wp-json\/wp\/v2\/media?parent=923"}],"curies":[{"name":"wp","href":"https:\/\/api.w.org\/{rel}","templated":true}]}}