{"id":815,"date":"2021-10-21T20:37:16","date_gmt":"2021-10-21T23:37:16","guid":{"rendered":"https:\/\/wp.ufpel.edu.br\/pecos\/?page_id=815"},"modified":"2021-10-21T20:47:21","modified_gmt":"2021-10-21T23:47:21","slug":"preparo-reciprocante-assimetrico-do-glide-path-r-pilot-e-waveone-gold-glider","status":"publish","type":"page","link":"https:\/\/wp.ufpel.edu.br\/pecos\/preparo-reciprocante-assimetrico-do-glide-path-r-pilot-e-waveone-gold-glider\/","title":{"rendered":"Preparo Reciprocante Assim\u00e9trico do &#8220;Glide Path&#8221;: R-Pilot e WaveOne Gold Glider"},"content":{"rendered":"<p style=\"text-align: center\"><a href=\"https:\/\/wp.ufpel.edu.br\/pecos\/files\/2021\/10\/artigo_pecos_andre_luciano_r_pilot_2021_10_21.pdf\"><strong>Preparo Reciprocante Assim\u00e9trico do &#8220;Glide Path&#8221;<br \/>\n<\/strong><strong>R-Pilot e WaveOne Gold Glider<\/strong><\/a><\/p>\n<p style=\"text-align: center\"><em>Asymmetric Reciprocal Glide Path Preparation: R-Pilot and WaveOne Gold Glider<\/em><\/p>\n<p style=\"text-align: center\">por Andr\u00e9 Rodrigues Moraes<sup>1<\/sup>, Luciano Rodrigues Dias Junior<sup>1<\/sup>, Mayana Peres Furtado<sup>1<\/sup>, Eduardo Luiz Barbin<sup>2<\/sup><\/p>\n<p>&nbsp;<\/p>\n<p><sup>1<\/sup>Acad\u00eamico(a) da Faculdade de Odontologia da Universidade Federal de Pelotas, Pelotas\/RS, Brasil.<\/p>\n<p><sup>2<\/sup>Professor Associado da Faculdade de Odontologia, Universidade Federal de Pelotas, Pelotas\/RS, Brasil.<\/p>\n<p>&nbsp;<\/p>\n<p>MORAES, Andr\u00e9 Rodrigues; DIAS JUNIOR, Luciano Rodrigues; FURTADO, Mayana Peres; BARBIN, Eduardo Luiz. <strong>Preparo Reciprocante Assim\u00e9trico do &#8220;Glide Path&#8221;: R-Pilot e WaveOne Gold Glider<\/strong>. Plataforma de Ensino Continuado de Odontologia e Sa\u00fade (PECOS), Pelotas, RS, 2021. Dispon\u00edvel em: &lt;www.ufpel.edu.br\/pecos&gt;. Acesso em: 21 out. 2021.<\/p>\n<p>O manejo do \u201cGlide Path\u201d faz parte da pr\u00e9-instrumenta\u00e7\u00e3o endod\u00f4ntica que, no caso de canais constritos e\/ou curvos, pode dispender tempo significativo para a sua realiza\u00e7\u00e3o. A VDW, Alemanha, oferece a lima R-Pilot e a Dentsply Sirona, USA, a WaveOne Gold Glider, voltadas especificamente para o manejo mecanizado reciprocante assim\u00e9trico do \u201cglide path\u201d. Realizou-se uma revis\u00e3o da literatura com \u00eanfase no material t\u00e9cnico fornecido pela VDW e pela Dentsply Sirona das referidas limas e observou-se que elas apresentam caracter\u00edsticas semelhantes aos instrumentos Reciproc e WaveOne originais, tais como a liga met\u00e1lica de NiTi e a ponta inativa, mas com caracter\u00edsticas espec\u00edficas que contribuem para o manejo reciprocante assim\u00e9trico do \u201cglide path\u201d como, por exemplo, redu\u00e7\u00e3o do di\u00e2metro da ponta para os tamanhos ISO 12,5 e 15, respectivamente. Foi poss\u00edvel elaborar um artigo oportuno para estudantes e egressos dos cursos de Odontologia que apresenta aspectos t\u00e9cnicos e cient\u00edficos da lima R-Pilot e da WaveOne Gold Glider, bem como protocolos cl\u00ednicos para o manejo reciprocante assim\u00e9trico do \u201cglide path\u201d na pr\u00e9-instrumenta\u00e7\u00e3o, para sua complementa\u00e7\u00e3o, durante a instrumenta\u00e7\u00e3o reciprocante, e para a solu\u00e7\u00e3o de algumas complica\u00e7\u00f5es no uso de limas reciprocantes, incluindo as pr\u00f3prias limas R-Pilot e\/ou WaveOne Gold Glider.<\/p>\n<p><strong>Palavras-chave<\/strong>: R-Pilot. WaveOne Gold Glider. Especifica\u00e7\u00f5es t\u00e9cnicas. \u201cGlide path\u201d. Limas de NiTi.<\/p>\n<p>&nbsp;<\/p>\n<p>MORAES, Andr\u00e9 Rodrigues; DIAS JUNIOR, Luciano Rodrigues; FURTADO, Mayana Peres; BARBIN, Eduardo Luiz. <strong>Asymmetric Reciprocal Glide Path Preparation: R-Pilot and WaveOne Gold Glider<\/strong>. Plataforma de Ensino Continuado de Odontologia e Sa\u00fade (PECOS), Pelotas, RS, 2021. Dispon\u00edvel em: &lt;www.ufpel.edu.br\/pecos&gt;. Acesso em: 21 out. 2021.<\/p>\n<p>The preparation of the glide path is part of the endodontic pre-instrumentation which, in the case of constricted and\/or curved canals, can take a significant amount of time to perform. VDW, Germany, offers the R-Pilot file and Dentsply Sirona, USA, the WaveOne Gold Glider, specifically aimed at the mechanized reciprocating asymmetric handling of the \u201cglide path\u201d. A literature review was carried out with emphasis on the technical material provided by VDW and Dentsply Sirona of these files and it was observed that they have similar characteristics to the original Reciproc and WaveOne instruments, such as the m-wire metallic alloy, S-shape cross section and the inactive tip, but with specific characteristics that contribute to the asymmetric reciprocating handling of the glide path such as the ISO 12.5 size. It was possible to prepare an opportune article for students and graduates of Dentistry courses that presents technical and scientific aspects of the R-Pilot and the WaveOne Gold Glider files, as well as clinical protocols for the reciprocal asymmetric management of the &#8220;glide path&#8221; in pre-instrumentation, to complement it during reciprocating instrumentation, and to solve some complications in the use of reciprocating files, including the R-Pilot and\/or WaveOne Gold Glider files itselfies.<\/p>\n<p><strong>Keywords<\/strong>: R-Pilot. WaveOne Gold Glider. Technical specifications. Glide path. NiTi instruments.<\/p>\n<p>&nbsp;<\/p>\n<p>Esta obra originou-se do Trabalho de Conclus\u00e3o de Curso da Faculdade de Odontologia (FO) da Universidade Federal de Pelotas (UFPel) de Andr\u00e9 Rodrigues Moraes e Luciano Rodrigues Dias Junior (MORAES; DIAS JUNIOR, 2021).<\/p>\n<p>Publicado em 14 de setembro de 2021.<\/p>\n<p><strong>Coordena\u00e7\u00e3o, Capa, Formata\u00e7\u00e3o, Edi\u00e7\u00e3o e Divulga\u00e7\u00e3o<\/strong>: Mayana Peres Furtado e Eduardo Luiz Barbin.<\/p>\n<p><strong>Revis\u00e3o<\/strong>: J\u00falio C\u00e9sar Emboava Span\u00f3, Jos\u00e9 Ant\u00f4nio Mesquita Dam\u00e9, N\u00e1dia de Souza Ferreira.<\/p>\n<p>PEE &#8211; Projeto de Ensino Endodontia. &lt;<a href=\"https:\/\/ava.ufpel.edu.br\/pre\/course\/view.php?id=1234\">https:\/\/ava.ufpel.edu.br\/pre\/course\/view.php?id=1234<\/a>&gt;.<\/p>\n<p>PECOS &#8211; Plataforma de Ensino Continuado de Odontologia e Sa\u00fade &lt;www.ufpel.edu.br\/pecos&gt;.<\/p>\n<p>Pelotas, RS., 2021.<\/p>\n<p>&nbsp;<\/p>\n<p><strong>Como Citar este Conte\u00fado<\/strong><\/p>\n<p>MORAES, A. R.; DIAS JUNIOR, L. R.; FURTADO, M. P.; BARBIN, E. L. <strong>Preparo Reciprocante Assim\u00e9trico do &#8220;Glide Path&#8221;: R-Pilot e WaveOne Gold Glider<\/strong>. Plataforma de Ensino Continuado de Odontologia e Sa\u00fade (PECOS), Pelotas, RS, 2021. Dispon\u00edvel em: &lt;www.ufpel.edu.br\/pecos&gt;. Acesso em: 21 out. 2021.<\/p>\n","protected":false},"excerpt":{"rendered":"<p>Preparo Reciprocante Assim\u00e9trico do &#8220;Glide Path&#8221; R-Pilot e WaveOne Gold Glider Asymmetric Reciprocal Glide Path Preparation: R-Pilot and WaveOne Gold Glider por Andr\u00e9 Rodrigues Moraes1, Luciano Rodrigues Dias Junior1, Mayana Peres Furtado1, Eduardo Luiz Barbin2 &nbsp; 1Acad\u00eamico(a) da Faculdade de Odontologia da Universidade Federal de Pelotas, Pelotas\/RS, Brasil. 2Professor Associado da Faculdade de Odontologia, Universidade [&hellip;]<\/p>\n","protected":false},"author":30,"featured_media":0,"parent":0,"menu_order":0,"comment_status":"closed","ping_status":"closed","template":"","meta":{"footnotes":""},"class_list":["post-815","page","type-page","status-publish","hentry"],"jetpack_sharing_enabled":true,"_links":{"self":[{"href":"https:\/\/wp.ufpel.edu.br\/pecos\/wp-json\/wp\/v2\/pages\/815","targetHints":{"allow":["GET"]}}],"collection":[{"href":"https:\/\/wp.ufpel.edu.br\/pecos\/wp-json\/wp\/v2\/pages"}],"about":[{"href":"https:\/\/wp.ufpel.edu.br\/pecos\/wp-json\/wp\/v2\/types\/page"}],"author":[{"embeddable":true,"href":"https:\/\/wp.ufpel.edu.br\/pecos\/wp-json\/wp\/v2\/users\/30"}],"replies":[{"embeddable":true,"href":"https:\/\/wp.ufpel.edu.br\/pecos\/wp-json\/wp\/v2\/comments?post=815"}],"version-history":[{"count":4,"href":"https:\/\/wp.ufpel.edu.br\/pecos\/wp-json\/wp\/v2\/pages\/815\/revisions"}],"predecessor-version":[{"id":821,"href":"https:\/\/wp.ufpel.edu.br\/pecos\/wp-json\/wp\/v2\/pages\/815\/revisions\/821"}],"wp:attachment":[{"href":"https:\/\/wp.ufpel.edu.br\/pecos\/wp-json\/wp\/v2\/media?parent=815"}],"curies":[{"name":"wp","href":"https:\/\/api.w.org\/{rel}","templated":true}]}}