{"id":801,"date":"2021-09-08T23:42:40","date_gmt":"2021-09-09T02:42:40","guid":{"rendered":"https:\/\/wp.ufpel.edu.br\/pecos\/?page_id=801"},"modified":"2021-09-08T23:43:54","modified_gmt":"2021-09-09T02:43:54","slug":"pre-instrumentacao-com-preparo-manual-do-glide-path-e-caracterizacao-das-limas-c-pilot-e-c","status":"publish","type":"page","link":"https:\/\/wp.ufpel.edu.br\/pecos\/pre-instrumentacao-com-preparo-manual-do-glide-path-e-caracterizacao-das-limas-c-pilot-e-c\/","title":{"rendered":"Pr\u00e9-Instrumenta\u00e7\u00e3o com Preparo Manual do \u201cGlide Path\u201d e Caracteriza\u00e7\u00e3o das Limas C-Pilot e C+"},"content":{"rendered":"<p><a href=\"https:\/\/wp.ufpel.edu.br\/pecos\/files\/2021\/09\/artigo_pecos_andre_luciano_c_pilot_2021_09_08.pdf\"><strong>Pr\u00e9-Instrumenta\u00e7\u00e3o com Preparo Manual do \u201cGlide Path\u201d e Caracteriza\u00e7\u00e3o das Limas C-Pilot e C+<\/strong><\/a><\/p>\n<p><em>Pre-Instrumentation with Manual Preparation of the &#8220;Glide Path&#8221; and<br \/>\nCharacterization of C-Pilot and C+ Files<\/em><\/p>\n<p>por Andr\u00e9 Rodrigues Moraes<sup>1<\/sup>, Luciano Rodrigues Dias Junior<sup>1<\/sup>,<br \/>\nMayana Peres Furtado<sup>1<\/sup>, Eduardo Luiz Barbin<sup>2<\/sup><\/p>\n<p><sup>1<\/sup>Acad\u00eamico(a) da Faculdade de Odontologia da Universidade Federal de Pelotas, Pelotas\/RS, Brasil.<\/p>\n<p><sup>2<\/sup>Professor Associado da Faculdade de Odontologia da Universidade Federal de Pelotas, Pelotas\/RS, Brasil.<\/p>\n<p>MORAES, Andr\u00e9 Rodrigues; DIAS JUNIOR, Luciano Rodrigues, FURTADO, Mayana Peres, BARBIN, Eduardo Luiz. <strong>Pr\u00e9-Instrumenta\u00e7\u00e3o com Preparo Manual do \u201cGlide Path\u201d e Caracteriza\u00e7\u00e3o das Limas C-Pilot e C+<\/strong>. Plataforma de Ensino Continuado de Odontologia e Sa\u00fade (PECOS), Pelotas, RS, 2021. Dispon\u00edvel em: &lt;www.ufpel.edu.br\/pecos&gt;. Acesso em: 23 mar. 2021.<\/p>\n<p>O manejo do \u201cGlide Path\u201d faz parte da pr\u00e9-instrumenta\u00e7\u00e3o endod\u00f4ntica e \u00e9 desafiador em canais atresiados e\/ou curvos. Para a execu\u00e7\u00e3o da negocia\u00e7\u00e3o e do \u201cglide path\u201d s\u00e3o necess\u00e1rias limas especiais como a tipo K, C-Pilot (VDW, Alemanha) ou C+ (Dentsply Sirona Maillefer, Su\u00ed\u00e7a) constru\u00eddas em a\u00e7o inoxid\u00e1vel. Realizou-se uma revis\u00e3o de literatura com \u00eanfase no material t\u00e9cnico fornecido pela VDW e Dentsply Sirona Maillefer a respeito das limas C-Pilot e C+. Observou-se que elas apresentam caracter\u00edsticas que contribuem para o manejo do \u201cglide path\u201d tais como, sec\u00e7\u00e3o reta transversal quadrangular, liga de a\u00e7o inoxid\u00e1vel, ponta inativa e resist\u00eancia \u00e0 flambagem. Foi poss\u00edvel elaborar um documento que apresenta aspectos t\u00e9cnicos das limas C-Pilot e C+, bem como princ\u00edpios da pr\u00e9-instrumenta\u00e7\u00e3o e do preparo manual do \u201cGlide Path\u201d oportuno para estudantes e egressos dos cursos de Odontologia.<\/p>\n<p><strong>Palavras-chave<\/strong>: C-Pilot. Especifica\u00e7\u00f5es t\u00e9cnicas. Limas especiais. Pr\u00e9-instrumenta\u00e7\u00e3o. Manejo do \u201cglide path\u201d.<\/p>\n<p>MORAES, Andr\u00e9 Rodrigues; DIAS JUNIOR, Luciano Rodrigues, FURTADO, Mayana Peres, BARBIN, Eduardo Luiz. <strong>Pre-Instrumentation with Manual Preparation of the &#8220;Glide Path&#8221; and Characterization of C-Pilot and C+ Files<\/strong>. Plataforma de Ensino Continuado de Odontologia e Sa\u00fade (PECOS), Pelotas, 2021. Dispon\u00edvel em: &lt;www.ufpel.edu.br\/pecos&gt;. Acesso em: 23 mar. 2021.<\/p>\n<p>The management of the glide path is part of the endodontic pre-instrumentation and is challenging in the case of constricted and\/or curved channels. Special files such as type K, C-Pilot (VDW, Germany) or C+ (Dentsply Sirona Maillefer, Switzerland) made of stainless steel are required for the negotiation and the &#8220;glide path&#8221;. A literature review was carried out with emphasis on the technical material provided by VDW and Dentsply Sirona Maillefer regarding the C-Pilot and C+ files. It was observed that it has characteristics that contribute to the handling of the glide path, such as square cross-section, stainless steel alloy, inactive tip and resistance to flexocompression. It was possible to prepare a document that presents technical aspects of the C-Pilot and C+ files, as well as the principles of pre-instrumentation and preparation of the \u201cGlide Path\u201d with manual files suitable for students and graduates of Dentistry courses.<\/p>\n<p><strong>Keywords: C-Pilot. Technical specifications. Special files. Pre-instrumentation. Glide path management.<\/strong><\/p>\n<p>Esta obra originou-se do Trabalho de Conclus\u00e3o de Curso (TCC) da Faculdade de Odontologia (FO) da Universidade Federal de Pelotas (UFPel) de Andr\u00e9 Rodrigues Moraes e Luciano Rodrigues Dias Junior (MORAES; DIAS JUNIOR, 2021).<\/p>\n<p>Publicado em 09 de junho de 2021.<\/p>\n<p><strong>Coordena\u00e7\u00e3o, Capa, Formata\u00e7\u00e3o, Edi\u00e7\u00e3o e Divulga\u00e7\u00e3o<\/strong>: Mayana Peres Furtado e Eduardo Luiz Barbin.<\/p>\n<p><strong>Revis\u00e3o<\/strong>: J\u00falio C\u00e9sar Emboava Span\u00f3, Jos\u00e9 Ant\u00f4nio Mesquita Dam\u00e9 e N\u00e1dia de Souza Ferreira.<\/p>\n<p>PEE &#8211; Projeto de Ensino Endodontia. &lt;<a href=\"https:\/\/ava.ufpel.edu.br\/pre\/course\/view.php?id=1234\">https:\/\/ava.ufpel.edu.br\/pre\/course\/view.php?id=1234<\/a>&gt;.<\/p>\n<p>PECOS &#8211; Plataforma de Ensino Continuado de Odontologia e Sa\u00fade &lt;www.ufpel.edu.br\/pecos&gt;.<\/p>\n<p>Pelotas, RS., 2021.<\/p>\n<p><strong>Como Citar este Conte\u00fado<\/strong><\/p>\n<p>MORAES, A. R.; DIAS JUNIOR, L. R.; FURTADO, M. P.; BARBIN, E. L. <strong>Pr\u00e9-Instrumenta\u00e7\u00e3o com Preparo Manual do \u201cGlide Path\u201d e Caracteriza\u00e7\u00e3o das Limas C-Pilot e C+<\/strong>. Plataforma de Ensino Continuado de Odontologia e Sa\u00fade (PECOS), Pelotas, 2021. Dispon\u00edvel em: &lt;www.ufpel.edu.br\/pecos&gt;. Acesso em: 09 jun. 2021.<\/p>\n","protected":false},"excerpt":{"rendered":"<p>Pr\u00e9-Instrumenta\u00e7\u00e3o com Preparo Manual do \u201cGlide Path\u201d e Caracteriza\u00e7\u00e3o das Limas C-Pilot e C+ Pre-Instrumentation with Manual Preparation of the &#8220;Glide Path&#8221; and Characterization of C-Pilot and C+ Files por Andr\u00e9 Rodrigues Moraes1, Luciano Rodrigues Dias Junior1, Mayana Peres Furtado1, Eduardo Luiz Barbin2 1Acad\u00eamico(a) da Faculdade de Odontologia da Universidade Federal de Pelotas, Pelotas\/RS, Brasil. [&hellip;]<\/p>\n","protected":false},"author":30,"featured_media":0,"parent":0,"menu_order":0,"comment_status":"closed","ping_status":"closed","template":"","meta":{"footnotes":""},"class_list":["post-801","page","type-page","status-publish","hentry"],"jetpack_sharing_enabled":true,"_links":{"self":[{"href":"https:\/\/wp.ufpel.edu.br\/pecos\/wp-json\/wp\/v2\/pages\/801","targetHints":{"allow":["GET"]}}],"collection":[{"href":"https:\/\/wp.ufpel.edu.br\/pecos\/wp-json\/wp\/v2\/pages"}],"about":[{"href":"https:\/\/wp.ufpel.edu.br\/pecos\/wp-json\/wp\/v2\/types\/page"}],"author":[{"embeddable":true,"href":"https:\/\/wp.ufpel.edu.br\/pecos\/wp-json\/wp\/v2\/users\/30"}],"replies":[{"embeddable":true,"href":"https:\/\/wp.ufpel.edu.br\/pecos\/wp-json\/wp\/v2\/comments?post=801"}],"version-history":[{"count":1,"href":"https:\/\/wp.ufpel.edu.br\/pecos\/wp-json\/wp\/v2\/pages\/801\/revisions"}],"predecessor-version":[{"id":806,"href":"https:\/\/wp.ufpel.edu.br\/pecos\/wp-json\/wp\/v2\/pages\/801\/revisions\/806"}],"wp:attachment":[{"href":"https:\/\/wp.ufpel.edu.br\/pecos\/wp-json\/wp\/v2\/media?parent=801"}],"curies":[{"name":"wp","href":"https:\/\/api.w.org\/{rel}","templated":true}]}}