{"id":624,"date":"2021-01-25T19:26:35","date_gmt":"2021-01-25T22:26:35","guid":{"rendered":"https:\/\/wp.ufpel.edu.br\/pecos\/?page_id=624"},"modified":"2021-06-25T21:25:53","modified_gmt":"2021-06-26T00:25:53","slug":"protocolo-e-pressupostos-da-tecnica-de-apicificacao-com-barreira-de-mta-para-dentes-imaturos-necroticos","status":"publish","type":"page","link":"https:\/\/wp.ufpel.edu.br\/pecos\/protocolo-e-pressupostos-da-tecnica-de-apicificacao-com-barreira-de-mta-para-dentes-imaturos-necroticos\/","title":{"rendered":"Protocolo e Pressupostos da T\u00e9cnica de Apicifica\u00e7\u00e3o com Barreira de MTA para Dentes Imaturos Necr\u00f3ticos"},"content":{"rendered":"<p><a href=\"https:\/\/wp.ufpel.edu.br\/pecos\/files\/2021\/01\/artigo_pecos_gabriel_valduga_2021_01_11.pdf\">Protocolo e Pressupostos da T\u00e9cnica de Apicifica\u00e7\u00e3o com Barreira de MTA para Dentes Imaturos Necr\u00f3ticos<\/a><\/p>\n<p>VALDUGA, Gabriel Nunes; FURTADO, Mayana Peres; BARBIN, Eduardo Luiz. <strong>Protocolo e pressupostos da t\u00e9cnica de apicifica\u00e7\u00e3o com barreira de mta para dentes imaturos necr\u00f3ticos<\/strong>. Plataforma de Ensino Continuado de Odontologia e Sa\u00fade (PECOS), Pelotas, 2021. Dispon\u00edvel em: &lt;www.ufpel.edu.br\/pecos&gt;. Acesso em: 11 jan. 2021.<\/p>\n<p>O objetivo deste trabalho foi evidenciar a atualidade, import\u00e2ncia e benef\u00edcios da apicifica\u00e7\u00e3o de dentes traumatizados com polpa necrosada e \u00e1pice aberto com \u00eanfase na t\u00e9cnica da barreira por MTA descrevendo o protocolo cl\u00ednico bem como seus pressupostos. O m\u00e9todo utilizado nesta pesquisa foi o de uma revis\u00e3o da literatura cient\u00edfica espec\u00edfica das \u00e1reas Endodontia e Traumatologia Dent\u00e1ria, bem como an\u00e1lise das cita\u00e7\u00f5es diretas e indiretas realizadas pelos autores. Observa\u00e7\u00f5es preliminares sugerem, para o tratamento do referido quadro cl\u00ednico, citado anteriormente, a barreira por MTA como alternativa ao m\u00e9todo tradicional com hidr\u00f3xido de c\u00e1lcio. Considerando que o guia da IADT para o tratamento das inj\u00farias dentais traum\u00e1ticas em dentes permanentes indica a terap\u00eautica endod\u00f4ntica apropriada para o est\u00e1gio de desenvolvimento da raiz na depend\u00eancia do diagn\u00f3stico decorrente da inj\u00faria traum\u00e1tica, ele n\u00e3o especifica as etapas da terapia em si. Portanto, observa-se a necessidade de relatar e publicar aspectos terap\u00eauticos endod\u00f4nticos espec\u00edficos (protocolos cl\u00ednicos e pressupostos t\u00e9cnicos e cient\u00edficos) que possam orientar estudantes e egressos dos cursos de odontologia em seus tratamentos.<\/p>\n<p>Palavras-chave: fechamento apical; apicifica\u00e7\u00e3o; barreira por MTA; MTA; \u00e1pice aberto.<\/p>\n<p>&nbsp;<\/p>\n<p>VALDUGA, Gabriel Nunes; FURTADO, Mayana Peres; BARBIN, Eduardo Luiz. <strong>Protocol and assumptions of the apexification technique with mta barrier for necrotic immature teeth<\/strong>. Plataforma de Ensino Continuado de Odontologia e Sa\u00fade (PECOS), Pelotas, 2021. Dispon\u00edvel em: &lt;www.ufpel.edu.br\/pecos&gt;. Acesso em: 11 jan. 2021.<\/p>\n<p>The objective of this work was to highlight the timeliness, importance and benefits of traumatized teeth apicification with necrotic pulp and open apex with emphasis on the technique of the barrier by MTA describing the clinical protocol as well as its assumptions. The method used in this research was a review of the specific scientific literature of the Areas: Endodontics and Dental Traumatology, as well as analysis of direct and indirect citations performed by the authors. Preliminary observations suggest, for the treatment of this clinical picture, mentioned above, the barrier by MTA as an alternative to the traditional method with calcium hydroxide. Considering that the IADT guide to the treatment of traumatic dental injuries in permanent teeth indicates the appropriate endodontic therapy for the stage of root development in dependence on the diagnosis resulting from traumatic injury, it does not specifies the stages of therapy itself. Therefore, we observe the need to report and publish specific endodontic therapeutic aspects (clinical protocols and technical and scientific assumptions) that can guide students and graduates of dentistry courses in their treatments.<\/p>\n<p>Keywords: apical closure; apicification; barrier by MTA; MTA; open apex.<\/p>\n","protected":false},"excerpt":{"rendered":"<p>Protocolo e Pressupostos da T\u00e9cnica de Apicifica\u00e7\u00e3o com Barreira de MTA para Dentes Imaturos Necr\u00f3ticos VALDUGA, Gabriel Nunes; FURTADO, Mayana Peres; BARBIN, Eduardo Luiz. Protocolo e pressupostos da t\u00e9cnica de apicifica\u00e7\u00e3o com barreira de mta para dentes imaturos necr\u00f3ticos. Plataforma de Ensino Continuado de Odontologia e Sa\u00fade (PECOS), Pelotas, 2021. Dispon\u00edvel em: &lt;www.ufpel.edu.br\/pecos&gt;. Acesso em: [&hellip;]<\/p>\n","protected":false},"author":30,"featured_media":0,"parent":0,"menu_order":0,"comment_status":"closed","ping_status":"closed","template":"","meta":{"footnotes":""},"class_list":["post-624","page","type-page","status-publish","hentry"],"jetpack_sharing_enabled":true,"_links":{"self":[{"href":"https:\/\/wp.ufpel.edu.br\/pecos\/wp-json\/wp\/v2\/pages\/624","targetHints":{"allow":["GET"]}}],"collection":[{"href":"https:\/\/wp.ufpel.edu.br\/pecos\/wp-json\/wp\/v2\/pages"}],"about":[{"href":"https:\/\/wp.ufpel.edu.br\/pecos\/wp-json\/wp\/v2\/types\/page"}],"author":[{"embeddable":true,"href":"https:\/\/wp.ufpel.edu.br\/pecos\/wp-json\/wp\/v2\/users\/30"}],"replies":[{"embeddable":true,"href":"https:\/\/wp.ufpel.edu.br\/pecos\/wp-json\/wp\/v2\/comments?post=624"}],"version-history":[{"count":3,"href":"https:\/\/wp.ufpel.edu.br\/pecos\/wp-json\/wp\/v2\/pages\/624\/revisions"}],"predecessor-version":[{"id":789,"href":"https:\/\/wp.ufpel.edu.br\/pecos\/wp-json\/wp\/v2\/pages\/624\/revisions\/789"}],"wp:attachment":[{"href":"https:\/\/wp.ufpel.edu.br\/pecos\/wp-json\/wp\/v2\/media?parent=624"}],"curies":[{"name":"wp","href":"https:\/\/api.w.org\/{rel}","templated":true}]}}