{"id":513,"date":"2018-12-04T21:02:34","date_gmt":"2018-12-04T23:02:34","guid":{"rendered":"https:\/\/wp.ufpel.edu.br\/pecos\/?page_id=513"},"modified":"2025-09-19T22:50:45","modified_gmt":"2025-09-20T01:50:45","slug":"ferramenta-de-diluicao-de-hipoclorito-de-sodio","status":"publish","type":"page","link":"https:\/\/wp.ufpel.edu.br\/pecos\/ferramenta-de-diluicao-de-hipoclorito-de-sodio\/","title":{"rendered":"Ferramenta de Dilui\u00e7\u00e3o de Hipoclorito de S\u00f3dio"},"content":{"rendered":"<p style=\"text-align: center\"><strong>Ferramenta de Dilui\u00e7\u00e3o de Hipoclorito de S\u00f3dio<br \/>\n<\/strong>Aspectos Gerais para Utiliza\u00e7\u00e3o em Endodontia e Odontologia Geral<br \/>\n<em>por Eduardo Luiz Barbin e J\u00falio C\u00e9sar Emboava Span\u00f3<\/em><\/p>\n<p style=\"text-align: center\"><a href=\"https:\/\/wp.ufpel.edu.br\/pecos\/files\/2018\/12\/ferramenta_diluicao_hipoclorito_sodio.xlsx\">Ferramenta de Dilui\u00e7\u00e3o de Hipoclorito de S\u00f3dio (<em>clique aqui<\/em>)<\/a><\/p>\n<p>1 Considera\u00e7\u00f5es sobre a Public Health Ontario (PHO), Canad\u00e1<\/p>\n<p>A Ferramenta de Dilui\u00e7\u00e3o do Hipoclorito de S\u00f3dio para Endodontia e Odontologia Geral foi desenvolvida a partir da adapta\u00e7\u00e3o da Ferramenta de Dilui\u00e7\u00e3o de Hipoclorito (\u201c<a href=\"https:\/\/www.google.com\/url?sa=t&amp;rct=j&amp;q=&amp;esrc=s&amp;source=web&amp;cd=2&amp;cad=rja&amp;uact=8&amp;ved=2ahUKEwj43Y2UkoffAhUHIZAKHRu_BjkQFjABegQICRAC&amp;url=https%3A%2F%2Fwww.publichealthontario.ca%2Fen%2FServicesAndTools%2FTools%2FDocuments%2FChlorine_Dilution_Tool2.xlsx&amp;usg=AOvVaw1SFhCbPbagB4CTYVgmvyUp\">Chlorine Dilution Tool<\/a>\u201d) disponibilizada, na internet, pelo Servi\u00e7o de Sa\u00fade P\u00fablica de Ont\u00e1rio, Canad\u00e1 (PHO). Esta ferramenta canadense foi planejada para ser utilizada por Unidades B\u00e1sicas de Sa\u00fade, Servi\u00e7os de Sa\u00fade e, at\u00e9 mesmo, por tratadores de piscinas e p\u00fablico em geral na desinfec\u00e7\u00e3o de habita\u00e7\u00f5es e de reservat\u00f3rios de \u00e1gua.<\/p>\n<p>O Servi\u00e7o de Sa\u00fade P\u00fablica de Ont\u00e1rio, Canad\u00e1, na data de 19 de setembro de 2018, concedeu permiss\u00e3o para o Corpo Editorial da Plataforma de Odontologia de Sa\u00fade (PECOS), um Projeto de Extens\u00e3o Universit\u00e1ria da Faculdade de Odontologia da Universidade Federal de Pelotas (UFPel), realizar a adapta\u00e7\u00e3o de uso na Endodontia e Odontologia Geral em resposta \u00e0 solicita\u00e7\u00e3o submetida pelo seu Editor Chefe.<\/p>\n<p>Enfatiza-se que os direitos autorais da Ferramenta de Dilui\u00e7\u00e3o do Hipoclorito de S\u00f3dio para Endodontia e Odontologia Geral continuam sendo da PHO, considerando e destacando, ainda, o que segue:<\/p>\n<p>=&gt; A Ferramenta de Dilui\u00e7\u00e3o do Hipoclorito de S\u00f3dio para Endodontia e Odontologia Geral foi constru\u00edda a partir da adapta\u00e7\u00e3o da \u201c<a href=\"https:\/\/www.google.com\/url?sa=t&amp;rct=j&amp;q=&amp;esrc=s&amp;source=web&amp;cd=2&amp;cad=rja&amp;uact=8&amp;ved=2ahUKEwj43Y2UkoffAhUHIZAKHRu_BjkQFjABegQICRAC&amp;url=https%3A%2F%2Fwww.publichealthontario.ca%2Fen%2FServicesAndTools%2FTools%2FDocuments%2FChlorine_Dilution_Tool2.xlsx&amp;usg=AOvVaw1SFhCbPbagB4CTYVgmvyUp\">Chlorine Dilution Tool<\/a>\u201d com a permiss\u00e3o da PHO;<\/p>\n<p>=&gt; A PHO, bem como a PECOS-UFPel, n\u00e3o assumir\u00e3o responsabilidade pelo conte\u00fado de qualquer publica\u00e7\u00e3o resultante da tradu\u00e7\u00e3o, altera\u00e7\u00e3o ou adapta\u00e7\u00e3o de documentos da PHO por terceiros;<\/p>\n<p>=&gt; A Ferramenta de Dilui\u00e7\u00e3o do Hipoclorito de S\u00f3dio para Endodontia e Odontologia Geral ser\u00e1 publicada no s\u00edtio, na internet, da PECOS-UFPel, com a finalidade de contribuir com a pr\u00e1tica cl\u00ednica da Endodontia e Odontologia Geral tal qual solicitado junto \u00e0 PHO;<\/p>\n<p>=&gt; A Ferramenta de Dilui\u00e7\u00e3o do Hipoclorito de S\u00f3dio para Endodontia e Odontologia Geral ser\u00e1 disponibilizada no s\u00edtio, na internet, da PECOS-UPFel para acesso livre e sem custos;<\/p>\n<p>=&gt; O Corpo Editorial da PECOS-UFPel n\u00e3o conceder\u00e1 permiss\u00e3o a terceiros para reproduzir, total ou parcialmente, qualquer que seja a maneira, a Ferramenta de Dilui\u00e7\u00e3o do Hipoclorito de S\u00f3dio para Endodontia e Odontologia Geral sem o consentimento, por escrito, da PHO;<\/p>\n<p>=&gt; A PHO, bem como a PECOS-UFPel, n\u00e3o s\u00e3o nem ser\u00e3o respons\u00e1veis por equ\u00edvocos relativos \u00e0 tradu\u00e7\u00e3o para l\u00edngua portuguesa da \u201cChlorine Dilution Tool\u201d, nem por equ\u00edvocos resultantes de altera\u00e7\u00f5es nas f\u00f3rmulas da Planilha do Microsoft Excel referente \u00e0 Ferramenta Adaptada pela PECOS-UFPel nem por equ\u00edvocos de manejo ou interpreta\u00e7\u00e3o da Ferramenta adaptada pela PECOS-UFPel. A PHO, bem como a PECOS-UFPel, n\u00e3o s\u00e3o nem ser\u00e3o respons\u00e1veis por altera\u00e7\u00f5es realizadas na \u201cChlorine Dilution Tool\u201d e na Ferramenta Adaptada pela PECOS-UFPel; nem pelo uso de conte\u00fado eventualmente modificado, substitu\u00eddo ou removido pela PHO e pela PECOS-UFPel do dom\u00ednio p\u00fablico;<\/p>\n<p>=&gt; O Corpo Editorial da PECOS-UFPel compromete-se a atualizar a Ferramenta de Dilui\u00e7\u00e3o do Hipoclorito de S\u00f3dio para Endodontia e Odontologia Geral de acordo com a vers\u00e3o mais recente da \u201cChlorine Dilution Tool\u201d publicada no s\u00edtio, na internet, da PHO.<\/p>\n<p>2 Considera\u00e7\u00f5es Gerais<\/p>\n<p>A Ferramenta de Dilui\u00e7\u00e3o do Hipoclorito de S\u00f3dio para Endodontia e Odontologia Geral da PECO-UFPel objetiva promover condi\u00e7\u00f5es aos acad\u00eamicos e Cirurgi\u00f5es-dentistas para realizarem dilui\u00e7\u00f5es apropriadas de <u>solu\u00e7\u00f5es de hipoclorito de s\u00f3dio de uso odontol\u00f3gico<\/u> de concentra\u00e7\u00f5es maiores (ex.: 5,0% e 2,5%) para concentra\u00e7\u00f5es menores (ex.: 2,5% e 1,0%) compat\u00edveis com os diagn\u00f3sticos e tratamentos espec\u00edficos das Pulpopatias e Periapicopatias.<\/p>\n<p>A Ferramenta de Dilui\u00e7\u00e3o do Hipoclorito de S\u00f3dio para Endodontia e Odontologia Geral \u00e9 uma planilha do Microsoft Excel que calcula automaticamente o volume da solu\u00e7\u00e3o mais concentrada (solu\u00e7\u00e3o padr\u00e3o) que deve ser dilu\u00edda em \u00e1gua destilada est\u00e9ril para obter a concentra\u00e7\u00e3o desejada no volume requerido pela equipe profissional. Esta ferramenta \u00e9 destinada aos acad\u00eamicos dos cursos de Odontologia, T\u00e9cnicos em Sa\u00fade Bucal, Auxiliares de Sa\u00fade Bucal, Cirurgi\u00f5es-dentistas e Endodontistas.<\/p>\n<p>A PECOS-UFPel, assim como a PHO, n\u00e3o assumir\u00e3o responsabilidade pelo conte\u00fado de qualquer publica\u00e7\u00e3o resultante da utiliza\u00e7\u00e3o, tradu\u00e7\u00e3o, altera\u00e7\u00e3o ou adapta\u00e7\u00e3o da Ferramenta de Dilui\u00e7\u00e3o de Hipoclorito de S\u00f3dio para Endodontia e Odontologia Geral por terceiros.<\/p>\n<p>A publica\u00e7\u00e3o da Ferramenta de Dilui\u00e7\u00e3o do Hipoclorito de S\u00f3dio para Endodontia e Odontologia Geral, no s\u00edtio, na internet, da PECOS-UFPel, objetiva contribuir com a pr\u00e1tica cl\u00ednica da Endodontia e Odontologia.<\/p>\n<p>A Ferramenta de Dilui\u00e7\u00e3o do Hipoclorito de S\u00f3dio para Endodontia e Odontologia Geral ser\u00e1 disponibilizada no s\u00edtio, na internet, da PECOS-UPFel, para acesso livre e sem custos;<\/p>\n<p>O Corpo Editorial da PECOS-UFPel n\u00e3o conceder\u00e1 permiss\u00e3o a terceiros para reproduzir, total ou parcialmente, qualquer que seja a maneira, a Ferramenta de Dilui\u00e7\u00e3o do Hipoclorito de S\u00f3dio para Endodontia e Odontologia Geral, uma vez que tal consentimento deve ser obtido, por escrito, junto \u00e0 PHO;<\/p>\n<p>A PECOS-UFPel n\u00e3o \u00e9 nem ser\u00e1 respons\u00e1vel por equ\u00edvocos relativos ao manejo da Ferramenta de Dilui\u00e7\u00e3o do Hipoclorito de S\u00f3dio para Endodontia e Odontologia Geral; nem por altera\u00e7\u00f5es realizadas na mesma; e nem pelo uso de conte\u00fado eventualmente modificado, substitu\u00eddo ou removido pela PECOS-UFPel do dom\u00ednio p\u00fablico;<\/p>\n<p>A Ferramenta de Dilui\u00e7\u00e3o do Hipoclorito de S\u00f3dio para Endodontia e Odontologia Geral da PECOS-UFPel \u00e9 uma Planilha do Microsoft Excel 2010 para Windows, desta feita, a PECOS-UFPel n\u00e3o \u00e9 nem ser\u00e1 respons\u00e1vel por equ\u00edvocos relativos \u00e0s altera\u00e7\u00f5es t\u00e9cnicas devidas \u00e0 utiliza\u00e7\u00e3o da referida Planilha em Sistemas Operacionais ou Pacotes Office diversos diferentes dos originais;<\/p>\n<p>A Ferramenta de Dilui\u00e7\u00e3o do Hipoclorito de S\u00f3dio para Endodontia e Odontologia Geral \u00e9 disponibilizada pela PECOS-UFPel, para ser utilizada por acad\u00eamicos dos Cursos de Odontologia, com supervis\u00e3o docente, bem como por T\u00e9cnicos em Sa\u00fade Bucal e Auxiliares em Sa\u00fade Bucal, por Cirurgi\u00f5es-dentistas e Endodontistas com registro e inscri\u00e7\u00e3o nos Conselhos Regional e Federal de Odontologia, sem nenhuma garantia, expressa ou impl\u00edcita, incluindo a aptid\u00e3o para uma finalidade particular. A PECOS-UFPel e a PHO, bem como seus editores, autores, e colaboradores n\u00e3o ser\u00e3o responsabilizados ou respons\u00e1veis por qualquer dano a qualquer pessoa que possa surgir devido \u00e0 utiliza\u00e7\u00e3o da referida Ferramenta, incluindo, sem qualquer limita\u00e7\u00e3o direta ou indireta, e, em especial, terceiros.<\/p>\n<p>3 Instru\u00e7\u00f5es de Utiliza\u00e7\u00e3o da Ferramenta de Dilui\u00e7\u00e3o de Hipoclorito de S\u00f3dio<\/p>\n<p>O usu\u00e1rio deve inserir as seguintes informa\u00e7\u00f5es nos seus devidos locais:<\/p>\n<p>=&gt; o <u>volume da solu\u00e7\u00e3o requerida<\/u> (da solu\u00e7\u00e3o dilu\u00edda ou de menor concentra\u00e7\u00e3o) em mililitros (mL);<\/p>\n<p>=&gt; <u>concentra\u00e7\u00e3o da solu\u00e7\u00e3o desejada<\/u> (da solu\u00e7\u00e3o dilu\u00edda ou de menor concentra\u00e7\u00e3o) em porcentagem (ex.: 1 se desejada uma solu\u00e7\u00e3o a 1%)<\/p>\n<p>=&gt; <u>concentra\u00e7\u00e3o da solu\u00e7\u00e3o concentrada<\/u> de hipoclorito de s\u00f3dio de uso odontol\u00f3gico (solu\u00e7\u00e3o padr\u00e3o) encontrada na etiqueta ou no frasco do produto (ex.: 5, se a solu\u00e7\u00e3o concentrada for de 5%)<\/p>\n<p>=&gt; ao teclar \u201center\u201d ou \u201ctab\u201d, a ferramenta calcular\u00e1, automaticamente, o volume (mL) da solu\u00e7\u00e3o mais concentrada (solu\u00e7\u00e3o padr\u00e3o) e o volume de \u00e1gua destilada est\u00e9ril (mL) para se preparar a solu\u00e7\u00e3o de hipoclorito de s\u00f3dio, na concentra\u00e7\u00e3o desejada e no volume requerido pela equipe profissional.<\/p>\n<p>3.1 Informa\u00e7\u00f5es Adicionais da Ferramenta de Dilui\u00e7\u00e3o de Hipoclorito de S\u00f3dio<\/p>\n<p>As c\u00e9lulas destacadas com bordas de cor verde s\u00e3o as que aceitam a inser\u00e7\u00e3o de dados (c\u00e9lulas D3, D7 e D9). As demais c\u00e9lulas da planilha n\u00e3o devem ser alteradas ou modificadas, principalmente as que possuem f\u00f3rmulas e apresentam resultados.<\/p>\n<p>O princ\u00edpio de dilui\u00e7\u00e3o \u00e9 an\u00e1logo ao \u201cChlorine Dilution Tool\u201d (CANAD\u00c1, 2011).<\/p>\n<p>O resultado de volume da solu\u00e7\u00e3o padr\u00e3o (mL) que ser\u00e1 dilu\u00edda em \u00e1gua ser\u00e1 obtido por meio da aplica\u00e7\u00e3o da equa\u00e7\u00e3o (C1 . V1 = C2 . V2) onde o valor de C1 \u00e9 multiplicado pelo Fator de Compensa\u00e7\u00e3o (<em>f<\/em>) calculado pela rela\u00e7\u00e3o entre massas (Cl\/NaOCl), onde <em>f<\/em> = 0,952<\/p>\n<p>Na equa\u00e7\u00e3o \u201cC1 . V1 = C2 . V2\u201d, \u201cC1\u201d \u00e9 a Concentra\u00e7\u00e3o nominal (%) da solu\u00e7\u00e3o padr\u00e3o (mais concentrada); \u201cV1\u201d \u00e9 o Volume da solu\u00e7\u00e3o padr\u00e3o (mL) que ser\u00e1 dilu\u00edda em \u00e1gua; \u201cC2\u201d \u00e9 a Concentra\u00e7\u00e3o da solu\u00e7\u00e3o dilu\u00edda (%) que se necessita (menos concentrada); e \u201cV2\u201d \u00e9 o Volume da solu\u00e7\u00e3o dilu\u00edda (mL) que se deseja obter. Em adi\u00e7\u00e3o, \u201cf\u201d \u00e9 o Fator de Compensa\u00e7\u00e3o (rela\u00e7\u00e3o entre massas: Cl\/NaOCl).<\/p>\n<p>A Ferramenta compila as informa\u00e7\u00f5es para o procedimento de dilui\u00e7\u00e3o na caixa \u201cPreparo da Solu\u00e7\u00e3o Dilu\u00edda\u201d, sendo que as aferi\u00e7\u00f5es de volume podem ser realizadas com provetas, pipetas ou seringas graduadas est\u00e9reis.<\/p>\n<p>4 Instru\u00e7\u00f5es de Manejo e Seguran\u00e7a na Dilui\u00e7\u00e3o do Hipoclorito de S\u00f3dio<\/p>\n<p>A vidraria como provetas, pipetas, seringas graduadas, entre outras, bem como quaisquer recipientes empregados na dilui\u00e7\u00e3o do hipoclorito de s\u00f3dio devem estar limpos e est\u00e9reis. Reitera-se que o hipoclorito de s\u00f3dio \u00e9 corrosivo e, por esse motivo, os recipientes empregados na dilui\u00e7\u00e3o devem ser n\u00e3o met\u00e1licos.<\/p>\n<p>O preparo da Solu\u00e7\u00e3o Dilu\u00edda (menos concentrada) deve ser manejado com zelo, seguran\u00e7a e disciplina. Ao preparar a solu\u00e7\u00e3o, \u00e9 importante adicionar a solu\u00e7\u00e3o concentrada na \u00e1gua e n\u00e3o vice-versa. Al\u00e9m disso, devem-se observar as seguintes Precau\u00e7\u00f5es:<\/p>\n<p>=&gt; sempre tomar as precau\u00e7\u00f5es de seguran\u00e7a como, por exemplo, o uso de Equipamento [completo] de Prote\u00e7\u00e3o Individual (EPI) para se evitarem inj\u00farias, neste caso, devem-se seguir os protocolos de seguran\u00e7a de utiliza\u00e7\u00e3o endod\u00f4ntica das solu\u00e7\u00f5es de hipoclorito de s\u00f3dio de 0,5 a 5,25% constantes da literatura t\u00e9cnica e cient\u00edfica atual.<\/p>\n<p>=&gt; zelar pela seguran\u00e7a do paciente quando do preparo da solu\u00e7\u00e3o dilu\u00edda, neste caso, o procedimento de dilui\u00e7\u00e3o pode, sempre que poss\u00edvel, deve ser executado nas a\u00e7\u00f5es preparat\u00f3rias, com o paciente ainda na sala de espera.<\/p>\n<p>=&gt; enfatiza-se que o hipoclorito de s\u00f3dio pode danificar algumas superf\u00edcies como pl\u00e1sticos e, principalmente, metais, neste caso, devem-se seguir os protocolos de utiliza\u00e7\u00e3o endod\u00f4ntica desta subst\u00e2ncia constantes da literatura t\u00e9cnica e cient\u00edfica atual;<\/p>\n<p>=&gt; sempre adicione o solu\u00e7\u00e3o concentrada (solu\u00e7\u00e3o padr\u00e3o) na \u00e1gua e n\u00e3o a \u00e1gua ao hipoclorito de s\u00f3dio concentrada;<\/p>\n<p>=&gt; n\u00e3o misture am\u00f4nia com o hipoclorito de s\u00f3dio, pois isso pode produzir g\u00e1s cloro que \u00e9 muito t\u00f3xico e apresenta potencial de dano ao sistema respirat\u00f3rio, de choque e, at\u00e9 mesmo, de risco \u00e0 vida;<\/p>\n<p>=&gt; sempre utilizar solu\u00e7\u00e3o concentrada de hipoclorito de s\u00f3dio de uso odontol\u00f3gico;<\/p>\n<p>=&gt; sempre observar, no r\u00f3tulo ou frasco do produto, a data de validade do produto, utilizando-o, somente, enquanto v\u00e1lido;<\/p>\n<p>=&gt; n\u00e3o pr\u00e9-misture a \u00e1gua ao hipoclorito de s\u00f3dio concentrado, pois a solu\u00e7\u00e3o pode perder potencia com o passar do tempo.<\/p>\n<p>5 Justifica<\/p>\n<p>A dilui\u00e7\u00e3o de solu\u00e7\u00f5es padr\u00e3o de concentra\u00e7\u00e3o conhecida de cloro vi\u00e1vel (Certificado de An\u00e1lise baseado em titulometria com tiossulfato) permite a utiliza\u00e7\u00e3o plena (sem compensa\u00e7\u00e3o) da Equa\u00e7\u00e3o \u201cC1 . V1 = C2 . V2\u201d, no entanto, torna-se necess\u00e1ria a utiliza\u00e7\u00e3o do Fator de Compensa\u00e7\u00e3o \u201c<em>f<\/em>\u201d (rela\u00e7\u00e3o entre massas: Cl\/NaOCl) quando a solu\u00e7\u00e3o padr\u00e3o, apesar de apresentar ou informar a concentra\u00e7\u00e3o nominal de hipoclorito de s\u00f3dio, esta n\u00e3o \u00e9 suportada por um Certificado de An\u00e1lise da concentra\u00e7\u00e3o de cloro vi\u00e1vel ou ativo baseada em titulometria com tiossulfato e\/ou Iodometria.<\/p>\n<p>As solu\u00e7\u00f5es concentradas de hipoclorito de s\u00f3dio a 2,5% e 5,0% (5,25%) de uso odontol\u00f3gico informam a concentra\u00e7\u00e3o nominal do produto, mas n\u00e3o apresentam Certificado de An\u00e1lise gerando a necessidade do emprego do Fator de Compensa\u00e7\u00e3o. Tal conduta \u00e9 similar a que vem sendo empregada na ferramenta de dilui\u00e7\u00e3o de hipoclorito (\u201cChlorine Dilution Tool\u201d) disponibilizado, na internet, pela &#8220;Public Health Ont\u00e1rio&#8221; (CANADA, 2011).<\/p>\n<p>6 Refer\u00eancias Bibliogr\u00e1ficas<\/p>\n<p>Canada. Public Health Ont\u00e1rio. <strong>Chlorine Dilution Tool<\/strong>, 2011. Dispon\u00edvel em: &lt;<a href=\"https:\/\/www.google.com.br\/url?sa=t&amp;rct=j&amp;q=&amp;esrc=s&amp;source=web&amp;cd=1&amp;cad=rja&amp;uact=8&amp;ved=0ahUKEwj9lPSamJnMAhVDE5AKHZC_AXYQFggdMAA&amp;url=http%3A%2F%2Fwww.publichealthontario.ca%2Fen%2FServicesAndTools%2FTools%2FDocuments%2FChlorine_Dilution_Tool2.xlsx&amp;usg=AFQjCNFtQ_C3ORf_5FsFgnQw1af0H42u-Q&amp;sig2=Zh6gsEjbTT6thaBtPl3klg\">https:\/\/www.google.com.br\/url?sa=t&amp;rct=j&amp;q=&amp;esrc=s&amp;source=web&amp;cd=1&amp;cad=rja&amp;uact=8&amp;ved=0ahUKEwj9lPSamJnMAhVDE5AKHZC_AXYQFggdMAA&amp;url=http%3A%2F%2Fwww.publichealthontario.ca%2Fen%2FServicesAndTools%2FTools%2FDocuments%2FChlorine_Dilution_Tool2.xlsx&amp;usg=AFQjCNFtQ_C3ORf_5FsFgnQw1af0H42u-Q&amp;sig2=Zh6gsEjbTT6thaBtPl3klg<\/a>&gt;; &lt;<a href=\"http:\/\/www.publichealthontario.ca\/EN\/Paes\/default.aspx\">http:\/\/www.publichealthontario.ca\/EN\/Paes\/default.aspx<\/a>&gt;. Acesso em: 18 apr. 2016.<\/p>\n<p>LEONARDO, M.R.; LEAL, J.M. <strong>Endodontia. Tratamento de Canais Radiculares<\/strong>. 3\u00aa ed., S\u00e3o Paulo, Editora Panamericana, 2005 (1\u00aa reimpress\u00e3o 2008).<\/p>\n<p>OTTO, La\u00eds Farias. <strong>A\u00e7\u00e3o de dissolu\u00e7\u00e3o da polpa dental bovina pela solu\u00e7\u00e3o de hipoclorito de s\u00f3dio contendo \u00e1cido b\u00f3rico<\/strong>. 2016. 63f. Trabalho Acad\u00eamico (Conclus\u00e3o de Curso) \u2013 Faculdade de Odontologia. Universidade Federal de Pelotas, Pelotas. Dispon\u00edvel em: &lt;<a href=\"https:\/\/pergamum.ufpel.edu.br\/pergamum\/biblioteca\/\">https:\/\/pergamum.ufpel.edu.br\/pergamum\/biblioteca\/<\/a>&gt;.<\/p>\n<p>7 Como Citar este Artigo<\/p>\n<p>BARBIN, Eduardo Luiz; SPAN\u00d3, J\u00falio C\u00e9sar Emboava. <a href=\"https:\/\/wp.ufpel.edu.br\/pecos\/ferramenta-de-diluicao-de-hipoclorito-de-sodio\/\">Ferramenta de Dilui\u00e7\u00e3o de Hipoclorito de S\u00f3dio: Aspectos Gerais para Utiliza\u00e7\u00e3o em Endodontia e Odontologia Geral<\/a>. Plataforma de Ensino Continuado de Odontologia e Sa\u00fade (PECOS), Pelotas, 2018. Dispon\u00edvel em: &lt;www.ufpel.edu.br\/pecos&gt;. Acesso em: 13 set. 2018.<\/p>\n","protected":false},"excerpt":{"rendered":"<p>Ferramenta de Dilui\u00e7\u00e3o de Hipoclorito de S\u00f3dio Aspectos Gerais para Utiliza\u00e7\u00e3o em Endodontia e Odontologia Geral por Eduardo Luiz Barbin e J\u00falio C\u00e9sar Emboava Span\u00f3 Ferramenta de Dilui\u00e7\u00e3o de Hipoclorito de S\u00f3dio (clique aqui) 1 Considera\u00e7\u00f5es sobre a Public Health Ontario (PHO), Canad\u00e1 A Ferramenta de Dilui\u00e7\u00e3o do Hipoclorito de S\u00f3dio para Endodontia e Odontologia [&hellip;]<\/p>\n","protected":false},"author":30,"featured_media":0,"parent":0,"menu_order":0,"comment_status":"closed","ping_status":"closed","template":"","meta":{"footnotes":""},"class_list":["post-513","page","type-page","status-publish","hentry"],"jetpack_sharing_enabled":true,"_links":{"self":[{"href":"https:\/\/wp.ufpel.edu.br\/pecos\/wp-json\/wp\/v2\/pages\/513","targetHints":{"allow":["GET"]}}],"collection":[{"href":"https:\/\/wp.ufpel.edu.br\/pecos\/wp-json\/wp\/v2\/pages"}],"about":[{"href":"https:\/\/wp.ufpel.edu.br\/pecos\/wp-json\/wp\/v2\/types\/page"}],"author":[{"embeddable":true,"href":"https:\/\/wp.ufpel.edu.br\/pecos\/wp-json\/wp\/v2\/users\/30"}],"replies":[{"embeddable":true,"href":"https:\/\/wp.ufpel.edu.br\/pecos\/wp-json\/wp\/v2\/comments?post=513"}],"version-history":[{"count":3,"href":"https:\/\/wp.ufpel.edu.br\/pecos\/wp-json\/wp\/v2\/pages\/513\/revisions"}],"predecessor-version":[{"id":1213,"href":"https:\/\/wp.ufpel.edu.br\/pecos\/wp-json\/wp\/v2\/pages\/513\/revisions\/1213"}],"wp:attachment":[{"href":"https:\/\/wp.ufpel.edu.br\/pecos\/wp-json\/wp\/v2\/media?parent=513"}],"curies":[{"name":"wp","href":"https:\/\/api.w.org\/{rel}","templated":true}]}}