{"id":496,"date":"2018-12-04T17:58:39","date_gmt":"2018-12-04T19:58:39","guid":{"rendered":"https:\/\/wp.ufpel.edu.br\/pecos\/?page_id=496"},"modified":"2018-12-04T17:58:39","modified_gmt":"2018-12-04T19:58:39","slug":"ferramentas-para-endodontia-odontologia","status":"publish","type":"page","link":"https:\/\/wp.ufpel.edu.br\/pecos\/ferramentas-para-endodontia-odontologia\/","title":{"rendered":"Ferramentas para Endodontia (Odontologia)"},"content":{"rendered":"<p>Ferramenta de Odontometria Radiogr\u00e1fica<\/p>\n<p>&nbsp;<\/p>\n<p>Ferramenta de Dilui\u00e7\u00e3o de Hipoclorito de S\u00f3dio para Endodontia<\/p>\n<p>&nbsp;<\/p>\n<p>&nbsp;<\/p>\n<p>&nbsp;<\/p>\n","protected":false},"excerpt":{"rendered":"<p>Ferramenta de Odontometria Radiogr\u00e1fica &nbsp; Ferramenta de Dilui\u00e7\u00e3o de Hipoclorito de S\u00f3dio para Endodontia &nbsp; &nbsp; &nbsp;<\/p>\n","protected":false},"author":30,"featured_media":0,"parent":0,"menu_order":0,"comment_status":"closed","ping_status":"closed","template":"","meta":{"footnotes":""},"class_list":["post-496","page","type-page","status-publish","hentry"],"jetpack_sharing_enabled":true,"_links":{"self":[{"href":"https:\/\/wp.ufpel.edu.br\/pecos\/wp-json\/wp\/v2\/pages\/496","targetHints":{"allow":["GET"]}}],"collection":[{"href":"https:\/\/wp.ufpel.edu.br\/pecos\/wp-json\/wp\/v2\/pages"}],"about":[{"href":"https:\/\/wp.ufpel.edu.br\/pecos\/wp-json\/wp\/v2\/types\/page"}],"author":[{"embeddable":true,"href":"https:\/\/wp.ufpel.edu.br\/pecos\/wp-json\/wp\/v2\/users\/30"}],"replies":[{"embeddable":true,"href":"https:\/\/wp.ufpel.edu.br\/pecos\/wp-json\/wp\/v2\/comments?post=496"}],"version-history":[{"count":1,"href":"https:\/\/wp.ufpel.edu.br\/pecos\/wp-json\/wp\/v2\/pages\/496\/revisions"}],"predecessor-version":[{"id":498,"href":"https:\/\/wp.ufpel.edu.br\/pecos\/wp-json\/wp\/v2\/pages\/496\/revisions\/498"}],"wp:attachment":[{"href":"https:\/\/wp.ufpel.edu.br\/pecos\/wp-json\/wp\/v2\/media?parent=496"}],"curies":[{"name":"wp","href":"https:\/\/api.w.org\/{rel}","templated":true}]}}