{"id":27,"date":"2009-10-23T14:42:39","date_gmt":"2009-10-23T16:42:39","guid":{"rendered":"https:\/\/wp.ufpel.edu.br\/pecos\/?page_id=27"},"modified":"2015-03-09T23:44:26","modified_gmt":"2015-03-10T02:44:26","slug":"missao","status":"publish","type":"page","link":"https:\/\/wp.ufpel.edu.br\/pecos\/missao\/","title":{"rendered":"Miss\u00e3o"},"content":{"rendered":"<p>A Plataforma de Ensino Continuado de Odontologia e Sa\u00fade (PECOS) \u00e9 uma plataforma eletr\u00f4nica vinculada \u00e0 Universidade Federal de Pelotas, RS (UFPel), cuja a finalidade \u00e9 contribuir, atrav\u00e9s da divulga\u00e7\u00e3o de conhecimentos espec\u00edficos da Odontologia e das demais \u00e1reas afins, com a forma\u00e7\u00e3o e o ensino continuado de discentes, Cirurgi\u00f5es-Dentistas e demais profissionais ligados \u00e0 \u00e1rea da sa\u00fade.<\/p>\n<p>Sendo sua finalidade principal a educa\u00e7\u00e3o continuada gratuita e de qualidade, a PECOS publicar\u00e1, mediante revis\u00e3o de seu corpo editorial, textos cient\u00edficos advindos de qualquer regi\u00e3o do Pa\u00eds que possam contribuir para o desenvolvimento profissional de estudantes e egressos dos Cursos de Odontologia e demais cursos da \u00e1rea da sa\u00fade.<\/p>\n<p>A sua veicula\u00e7\u00e3o exclusivamente eletr\u00f4nica visa garantir o acesso democr\u00e1tico, r\u00e1pido, f\u00e1cil e gratuito ao conte\u00fado dispon\u00edvel em suas p\u00e1ginas. Sendo assim, a PECOS\u00a0 oferecer\u00e1 \u00e0 comunidade a oportunidade de atualizar, rever ou confrontar seus conhecimentos em qualquer ponto do pa\u00eds e em qualquer realidade s\u00f3cio-econ\u00f4mica.<\/p>\n<p>Conhecedor da import\u00e2ncia da divulga\u00e7\u00e3o cient\u00edfica como mecanismo de distribui\u00e7\u00e3o de renda, aprimoramento profissional e de desenvolvimento de toda a sociedade, a PECOS pretende contribuir com a melhoria do atendimento \u00e0 sa\u00fade da popula\u00e7\u00e3o, em todos os n\u00edveis de realiza\u00e7\u00e3o, com a interdisciplinaridade e com a promo\u00e7\u00e3o de sa\u00fade humanizada para o indiv\u00edduo e comunidade.<\/p>\n<p><em>Os Editores<\/em><\/p>\n","protected":false},"excerpt":{"rendered":"<p>A Plataforma de Ensino Continuado de Odontologia e Sa\u00fade (PECOS) \u00e9 uma plataforma eletr\u00f4nica vinculada \u00e0 Universidade Federal de Pelotas, RS (UFPel), cuja a finalidade \u00e9 contribuir, atrav\u00e9s da divulga\u00e7\u00e3o de conhecimentos espec\u00edficos da Odontologia e das demais \u00e1reas afins, com a forma\u00e7\u00e3o e o ensino continuado de discentes, Cirurgi\u00f5es-Dentistas e demais profissionais ligados \u00e0 [&hellip;]<\/p>\n","protected":false},"author":30,"featured_media":0,"parent":0,"menu_order":2,"comment_status":"closed","ping_status":"closed","template":"","meta":{"footnotes":""},"class_list":["post-27","page","type-page","status-publish","hentry"],"jetpack_sharing_enabled":true,"_links":{"self":[{"href":"https:\/\/wp.ufpel.edu.br\/pecos\/wp-json\/wp\/v2\/pages\/27","targetHints":{"allow":["GET"]}}],"collection":[{"href":"https:\/\/wp.ufpel.edu.br\/pecos\/wp-json\/wp\/v2\/pages"}],"about":[{"href":"https:\/\/wp.ufpel.edu.br\/pecos\/wp-json\/wp\/v2\/types\/page"}],"author":[{"embeddable":true,"href":"https:\/\/wp.ufpel.edu.br\/pecos\/wp-json\/wp\/v2\/users\/30"}],"replies":[{"embeddable":true,"href":"https:\/\/wp.ufpel.edu.br\/pecos\/wp-json\/wp\/v2\/comments?post=27"}],"version-history":[{"count":12,"href":"https:\/\/wp.ufpel.edu.br\/pecos\/wp-json\/wp\/v2\/pages\/27\/revisions"}],"predecessor-version":[{"id":312,"href":"https:\/\/wp.ufpel.edu.br\/pecos\/wp-json\/wp\/v2\/pages\/27\/revisions\/312"}],"wp:attachment":[{"href":"https:\/\/wp.ufpel.edu.br\/pecos\/wp-json\/wp\/v2\/media?parent=27"}],"curies":[{"name":"wp","href":"https:\/\/api.w.org\/{rel}","templated":true}]}}