{"id":251,"date":"2015-03-09T16:21:08","date_gmt":"2015-03-09T19:21:08","guid":{"rendered":"https:\/\/wp.ufpel.edu.br\/pecos\/?page_id=251"},"modified":"2025-09-19T22:20:37","modified_gmt":"2025-09-20T01:20:37","slug":"protocolos-protese-total","status":"publish","type":"page","link":"https:\/\/wp.ufpel.edu.br\/pecos\/protocolos-protese-total\/","title":{"rendered":"Protocolos Pr\u00f3tese Total"},"content":{"rendered":"<p><a href=\"https:\/\/wp.ufpel.edu.br\/pecos\/files\/2015\/03\/encaixamento-encaixotamento-dos-moldes-.pdf\">Encaixamento \/ Encaixotamento dos Moldes<\/a><\/p>\n<p><a href=\"https:\/\/wp.ufpel.edu.br\/pecos\/files\/2015\/03\/protocolorelacoesmmparpt.pdf\">Protocolo do relacionamento maxilo mandibular para pr\u00f3teses totais (par)<\/a><\/p>\n<p><a href=\"https:\/\/wp.ufpel.edu.br\/pecos\/files\/2015\/03\/protocolotratamentoparpt.pdf\">Protocolo do tratamento reabilitador prot\u00e9tico com pr\u00f3teses totais (par)<\/a><\/p>\n","protected":false},"excerpt":{"rendered":"<p>Encaixamento \/ Encaixotamento dos Moldes Protocolo do relacionamento maxilo mandibular para pr\u00f3teses totais (par) Protocolo do tratamento reabilitador prot\u00e9tico com pr\u00f3teses totais (par)<\/p>\n","protected":false},"author":296,"featured_media":0,"parent":0,"menu_order":0,"comment_status":"closed","ping_status":"closed","template":"","meta":{"footnotes":""},"class_list":["post-251","page","type-page","status-publish","hentry"],"jetpack_sharing_enabled":true,"_links":{"self":[{"href":"https:\/\/wp.ufpel.edu.br\/pecos\/wp-json\/wp\/v2\/pages\/251","targetHints":{"allow":["GET"]}}],"collection":[{"href":"https:\/\/wp.ufpel.edu.br\/pecos\/wp-json\/wp\/v2\/pages"}],"about":[{"href":"https:\/\/wp.ufpel.edu.br\/pecos\/wp-json\/wp\/v2\/types\/page"}],"author":[{"embeddable":true,"href":"https:\/\/wp.ufpel.edu.br\/pecos\/wp-json\/wp\/v2\/users\/296"}],"replies":[{"embeddable":true,"href":"https:\/\/wp.ufpel.edu.br\/pecos\/wp-json\/wp\/v2\/comments?post=251"}],"version-history":[{"count":3,"href":"https:\/\/wp.ufpel.edu.br\/pecos\/wp-json\/wp\/v2\/pages\/251\/revisions"}],"predecessor-version":[{"id":1203,"href":"https:\/\/wp.ufpel.edu.br\/pecos\/wp-json\/wp\/v2\/pages\/251\/revisions\/1203"}],"wp:attachment":[{"href":"https:\/\/wp.ufpel.edu.br\/pecos\/wp-json\/wp\/v2\/media?parent=251"}],"curies":[{"name":"wp","href":"https:\/\/api.w.org\/{rel}","templated":true}]}}