{"id":227,"date":"2015-03-09T16:04:12","date_gmt":"2015-03-09T19:04:12","guid":{"rendered":"https:\/\/wp.ufpel.edu.br\/pecos\/?page_id=227"},"modified":"2025-09-19T22:25:48","modified_gmt":"2025-09-20T01:25:48","slug":"protocolos-protese-parcial-fixa","status":"publish","type":"page","link":"https:\/\/wp.ufpel.edu.br\/pecos\/protocolos-protese-parcial-fixa\/","title":{"rendered":"Protocolos Pr\u00f3tese Parcial Fixa"},"content":{"rendered":"<p><a href=\"https:\/\/wp.ufpel.edu.br\/pecos\/files\/2015\/03\/provisorios-ppf.pdf\">Protocolo de confec\u00e7\u00e3o de Provis\u00f3rios em pr\u00f3teses parciais fixas (PPF) e pr\u00f3teses unit\u00e1rias fixas (PUF)<\/a><\/p>\n<p><a href=\"https:\/\/wp.ufpel.edu.br\/pecos\/files\/2015\/03\/protocolo-nmf.pdf\">Protocolo de Confec\u00e7\u00e3o de N\u00facleos Met\u00e1licos Fundido<\/a><\/p>\n<p><a href=\"https:\/\/wp.ufpel.edu.br\/pecos\/files\/2015\/03\/protocolo-pufppf.pdf\">Protocolo de confec\u00e7\u00e3o de pr\u00f3teses parciais fixas (PPF) e pr\u00f3teses unit\u00e1rias fixas (PUF)<\/a><\/p>\n","protected":false},"excerpt":{"rendered":"<p>Protocolo de confec\u00e7\u00e3o de Provis\u00f3rios em pr\u00f3teses parciais fixas (PPF) e pr\u00f3teses unit\u00e1rias fixas (PUF) Protocolo de Confec\u00e7\u00e3o de N\u00facleos Met\u00e1licos Fundido Protocolo de confec\u00e7\u00e3o de pr\u00f3teses parciais fixas (PPF) e pr\u00f3teses unit\u00e1rias fixas (PUF)<\/p>\n","protected":false},"author":296,"featured_media":0,"parent":0,"menu_order":0,"comment_status":"closed","ping_status":"closed","template":"","meta":{"footnotes":""},"class_list":["post-227","page","type-page","status-publish","hentry"],"jetpack_sharing_enabled":true,"_links":{"self":[{"href":"https:\/\/wp.ufpel.edu.br\/pecos\/wp-json\/wp\/v2\/pages\/227","targetHints":{"allow":["GET"]}}],"collection":[{"href":"https:\/\/wp.ufpel.edu.br\/pecos\/wp-json\/wp\/v2\/pages"}],"about":[{"href":"https:\/\/wp.ufpel.edu.br\/pecos\/wp-json\/wp\/v2\/types\/page"}],"author":[{"embeddable":true,"href":"https:\/\/wp.ufpel.edu.br\/pecos\/wp-json\/wp\/v2\/users\/296"}],"replies":[{"embeddable":true,"href":"https:\/\/wp.ufpel.edu.br\/pecos\/wp-json\/wp\/v2\/comments?post=227"}],"version-history":[{"count":3,"href":"https:\/\/wp.ufpel.edu.br\/pecos\/wp-json\/wp\/v2\/pages\/227\/revisions"}],"predecessor-version":[{"id":1207,"href":"https:\/\/wp.ufpel.edu.br\/pecos\/wp-json\/wp\/v2\/pages\/227\/revisions\/1207"}],"wp:attachment":[{"href":"https:\/\/wp.ufpel.edu.br\/pecos\/wp-json\/wp\/v2\/media?parent=227"}],"curies":[{"name":"wp","href":"https:\/\/api.w.org\/{rel}","templated":true}]}}