{"id":2,"date":"2009-10-15T11:59:30","date_gmt":"2009-10-15T13:59:30","guid":{"rendered":""},"modified":"2009-11-09T20:47:45","modified_gmt":"2009-11-09T22:47:45","slug":"sobre","status":"publish","type":"page","link":"https:\/\/wp.ufpel.edu.br\/pecos\/sobre\/","title":{"rendered":"Sobre"},"content":{"rendered":"<p>Este \u00e9 um exemplo de uma p\u00e1gina do WordPress. Voc\u00ea poderia edit\u00e1-la com informa\u00e7\u00f5es sobre voc\u00ea ou sobre o seu site para que os seus leitores saibam de onde voc\u00ea \u00e9. Voc\u00ea pode criar quantas p\u00e1ginas e subp\u00e1ginas quiser e gerenciar todo o seu conte\u00fado dentro do WordPress.<\/p>\n","protected":false},"excerpt":{"rendered":"<p>Este \u00e9 um exemplo de uma p\u00e1gina do WordPress. Voc\u00ea poderia edit\u00e1-la com informa\u00e7\u00f5es sobre voc\u00ea ou sobre o seu site para que os seus leitores saibam de onde voc\u00ea \u00e9. Voc\u00ea pode criar quantas p\u00e1ginas e subp\u00e1ginas quiser e gerenciar todo o seu conte\u00fado dentro do WordPress.<\/p>\n","protected":false},"author":1,"featured_media":0,"parent":0,"menu_order":1,"comment_status":"open","ping_status":"open","template":"","meta":{"footnotes":""},"class_list":["post-2","page","type-page","status-publish","hentry"],"jetpack_sharing_enabled":true,"_links":{"self":[{"href":"https:\/\/wp.ufpel.edu.br\/pecos\/wp-json\/wp\/v2\/pages\/2","targetHints":{"allow":["GET"]}}],"collection":[{"href":"https:\/\/wp.ufpel.edu.br\/pecos\/wp-json\/wp\/v2\/pages"}],"about":[{"href":"https:\/\/wp.ufpel.edu.br\/pecos\/wp-json\/wp\/v2\/types\/page"}],"author":[{"embeddable":true,"href":"https:\/\/wp.ufpel.edu.br\/pecos\/wp-json\/wp\/v2\/users\/1"}],"replies":[{"embeddable":true,"href":"https:\/\/wp.ufpel.edu.br\/pecos\/wp-json\/wp\/v2\/comments?post=2"}],"version-history":[{"count":1,"href":"https:\/\/wp.ufpel.edu.br\/pecos\/wp-json\/wp\/v2\/pages\/2\/revisions"}],"predecessor-version":[{"id":53,"href":"https:\/\/wp.ufpel.edu.br\/pecos\/wp-json\/wp\/v2\/pages\/2\/revisions\/53"}],"wp:attachment":[{"href":"https:\/\/wp.ufpel.edu.br\/pecos\/wp-json\/wp\/v2\/media?parent=2"}],"curies":[{"name":"wp","href":"https:\/\/api.w.org\/{rel}","templated":true}]}}