{"id":194,"date":"2015-03-09T15:20:33","date_gmt":"2015-03-09T18:20:33","guid":{"rendered":"https:\/\/wp.ufpel.edu.br\/pecos\/?page_id=194"},"modified":"2021-06-25T21:17:38","modified_gmt":"2021-06-26T00:17:38","slug":"artigos-traumatologia","status":"publish","type":"page","link":"https:\/\/wp.ufpel.edu.br\/pecos\/artigos-traumatologia\/","title":{"rendered":"Artigos Traumatologia"},"content":{"rendered":"<p><a href=\"https:\/\/wp.ufpel.edu.br\/pecos\/files\/2017\/09\/aspec_endod_td_iadt_2017_09_22_pecos.pdf\" rel=\"attachment wp-att-416\">Aspectos Endod\u00f4nticos dos Traumatismos Alv\u00e9olo-Dent\u00e1rios em Dentes Permanentes<\/a><\/p>\n<p><a href=\"https:\/\/wp.ufpel.edu.br\/pecos\/files\/2021\/06\/artigo_pecos_mayana_2021_06_25.pdf\">Pulpotomia Parcial de Cvek na Abordagem Conservadora do Tecido Pulpar Exposto em Dentes Permanentes<\/a><\/p>\n<p><a href=\"https:\/\/wp.ufpel.edu.br\/pecos\/files\/2021\/01\/artigo_pecos_gabriel_valduga_2021_01_11.pdf\" rel=\"attachment wp-att-611\">Protocolo e Pressupostos da T\u00e9cnica de Apicifica\u00e7\u00e3o com Barreira de MTA para Dentes Imaturos Necr\u00f3ticos<\/a><\/p>\n<p><a href=\"https:\/\/wp.ufpel.edu.br\/pecos\/files\/2021\/03\/artigo_pecos_bernardo_franco_2021_03_08.pdf\" rel=\"attachment wp-att-637\">Terap\u00eautica para Dentes Imaturos com Polpa N\u00e3o Vital: Revasculariza\u00e7\u00e3o<\/a><\/p>\n","protected":false},"excerpt":{"rendered":"<p>Aspectos Endod\u00f4nticos dos Traumatismos Alv\u00e9olo-Dent\u00e1rios em Dentes Permanentes Pulpotomia Parcial de Cvek na Abordagem Conservadora do Tecido Pulpar Exposto em Dentes Permanentes Protocolo e Pressupostos da T\u00e9cnica de Apicifica\u00e7\u00e3o com Barreira de MTA para Dentes Imaturos Necr\u00f3ticos Terap\u00eautica para Dentes Imaturos com Polpa N\u00e3o Vital: Revasculariza\u00e7\u00e3o<\/p>\n","protected":false},"author":296,"featured_media":0,"parent":0,"menu_order":0,"comment_status":"closed","ping_status":"closed","template":"","meta":{"footnotes":""},"class_list":["post-194","page","type-page","status-publish","hentry"],"jetpack_sharing_enabled":true,"_links":{"self":[{"href":"https:\/\/wp.ufpel.edu.br\/pecos\/wp-json\/wp\/v2\/pages\/194","targetHints":{"allow":["GET"]}}],"collection":[{"href":"https:\/\/wp.ufpel.edu.br\/pecos\/wp-json\/wp\/v2\/pages"}],"about":[{"href":"https:\/\/wp.ufpel.edu.br\/pecos\/wp-json\/wp\/v2\/types\/page"}],"author":[{"embeddable":true,"href":"https:\/\/wp.ufpel.edu.br\/pecos\/wp-json\/wp\/v2\/users\/296"}],"replies":[{"embeddable":true,"href":"https:\/\/wp.ufpel.edu.br\/pecos\/wp-json\/wp\/v2\/comments?post=194"}],"version-history":[{"count":34,"href":"https:\/\/wp.ufpel.edu.br\/pecos\/wp-json\/wp\/v2\/pages\/194\/revisions"}],"predecessor-version":[{"id":656,"href":"https:\/\/wp.ufpel.edu.br\/pecos\/wp-json\/wp\/v2\/pages\/194\/revisions\/656"}],"wp:attachment":[{"href":"https:\/\/wp.ufpel.edu.br\/pecos\/wp-json\/wp\/v2\/media?parent=194"}],"curies":[{"name":"wp","href":"https:\/\/api.w.org\/{rel}","templated":true}]}}