{"id":169,"date":"2015-03-09T14:54:41","date_gmt":"2015-03-09T17:54:41","guid":{"rendered":"https:\/\/wp.ufpel.edu.br\/pecos\/?page_id=169"},"modified":"2025-09-19T22:42:03","modified_gmt":"2025-09-20T01:42:03","slug":"artigos-endodontia","status":"publish","type":"page","link":"https:\/\/wp.ufpel.edu.br\/pecos\/artigos-endodontia\/","title":{"rendered":"Artigos Endodontia"},"content":{"rendered":"<p><strong>Do Comprometimento Pulpar e do Periodonto Apical<br \/>\n<\/strong><a href=\"https:\/\/wp.ufpel.edu.br\/pecos\/files\/2015\/03\/aspectos-do-diagnostico-das-pulpopatias-e-das-periapicopatias.pdf\">Aspectos do Diagn\u00f3stico das Pulpopatias e das Periapicopatia<\/a><br \/>\n<a href=\"https:\/\/wp.ufpel.edu.br\/pecos\/files\/2015\/03\/aspectos-preliminares-do-comprometimento-pulpar-eou-do-periodonto-apical.pdf\">Aspectos Preliminares do Comprometimento Pulpar e\/ou do Periodonto Apical<\/a><br \/>\n<a href=\"https:\/\/wp.ufpel.edu.br\/pecos\/files\/2015\/03\/aspectos-gerais-do-comprometimento-pulpar.pdf\">Aspectos Gerais do Comprometimento Pulpar<\/a><br \/>\n<a href=\"https:\/\/wp.ufpel.edu.br\/pecos\/files\/2015\/03\/aspectos-gerais-do-comprometimento-do-periodonto-apical.pdf\">Aspectos Gerais do Comprometimento do Periodonto Apical<\/a><br \/>\n<a href=\"https:\/\/wp.ufpel.edu.br\/pecos\/files\/2015\/03\/Classificacoes-das-Pulpopatias-e-Periapicopatias-elaboradas-pela-OMS.pdf\">Classifica\u00e7\u00f5es das Pulpopatias e Periapicopatias elaboradas pela OMS<\/a><br \/>\n[attachments orderby=&#8221;description&#8221; include=&#8221;204,205,203,202,201&#8243;]<\/p>\n<p><strong>Aspectos Gerais do Tratamento de Dentes Jovens<\/strong><br \/>\n<a href=\"https:\/\/wp.ufpel.edu.br\/pecos\/files\/2015\/03\/terapiaendodonticarizogeneseincompleta.pdf\">Terapia Endod\u00f4ntica em Dentes Permanentes Jovens com Rizog\u00eanese Incompleta (\u00c1pice<\/a><br \/>\nAberto)<br \/>\n[attachments template=medium include=&#8221;206&#8243;]<\/p>\n<p><strong>Tratamentos Conservadores da Polpa Dental<br \/>\n<\/strong><a href=\"https:\/\/wp.ufpel.edu.br\/pecos\/files\/2021\/06\/artigo_pecos_mayana_2021_06_25.pdf\">Pulpotomia Parcial de Cvek na Abordagem Conservadora do Tecido Pulpar Exposto em Dentes Permanentes<\/a><br \/>\n[attachments template=medium include=&#8221;772&#8243;]<\/p>\n<p><strong>Terapias Endod\u00f4nticas para Dentes Imaturos Necr\u00f3ticos<br \/>\n<\/strong><a href=\"https:\/\/wp.ufpel.edu.br\/pecos\/files\/2021\/01\/artigo_pecos_gabriel_valduga_2021_01_11.pdf\">Protocolo e Pressupostos da T\u00e9cnica de Apicifica\u00e7\u00e3o com Barreira de MTA para Dentes Imaturos Necr\u00f3ticos<\/a><br \/>\n<a href=\"https:\/\/wp.ufpel.edu.br\/pecos\/files\/2021\/03\/artigo_pecos_bernardo_franco_2021_03_08.pdf\">Terap\u00eautica para Dentes Imaturos com Polpa N\u00e3o Vital: Revasculariza\u00e7\u00e3o<\/a><br \/>\n[attachments template=medium include=&#8221;611,637&#8243;]<br \/>\n[attachments orderby=&#8221;description&#8221; include=&#8221;611,637&#8243;]<\/p>\n<p><strong>Reabsor\u00e7\u00f5es Dent\u00e1rias Radiculares<\/strong><br \/>\n<a href=\"https:\/\/wp.ufpel.edu.br\/pecos\/files\/2015\/03\/reabsorcoesdentariasradiculares.pdf\">Reabsor\u00e7\u00f5es Dent\u00e1rias Radiculares<\/a><br \/>\n[attachments template=medium include=&#8221;213&#8243;]<\/p>\n<p><strong>Urg\u00eancia em Endodontia<\/strong><br \/>\n<a href=\"https:\/\/wp.ufpel.edu.br\/pecos\/files\/2015\/03\/01_pa_urgencias_odonto_endo_2011_04_12.pdf\">Atendimento de Urg\u00eancia em Endodontia<\/a><br \/>\n[attachments template=medium include=&#8221;214&#8243;]<\/p>\n<p><strong>Instrumental Endod\u00f4ntico<\/strong><br \/>\n<a href=\"https:\/\/wp.ufpel.edu.br\/pecos\/artigos-endodontia\/artigo_pecos_marcelo_lexicon_2023_01_05\/\">Apresenta\u00e7\u00e3o das Caracter\u00edsticas das Limas Lexicon<\/a><br \/>\n[attachments template=medium include=&#8221;894&#8243;]<\/p>\n<p><strong>Pr\u00e9-Instrumenta\u00e7\u00e3o Endod\u00f4ntica (Negocia\u00e7\u00e3o e \u201cGlide Path\u201d)<\/strong><br \/>\n<a href=\"https:\/\/wp.ufpel.edu.br\/pecos\/files\/2023\/01\/artigo_pecos_marcelo_pre_instrumentacao_2023_01_05.pdf\">Aspectos Gerais da Pr\u00e9-Instrumenta\u00e7\u00e3o Endod\u00f4ntica com Instrumentos Movimentados Manualmente<\/a><br \/>\n<a href=\"https:\/\/wp.ufpel.edu.br\/pecos\/files\/2021\/09\/artigo_pecos_andre_luciano_c_pilot_2021_09_08.pdf\">Pr\u00e9-Instrumenta\u00e7\u00e3o com Preparo Manual do \u201cGlide Path\u201d e Caracteriza\u00e7\u00e3o das Limas C-Pilot e C+<\/a><br \/>\n<a href=\"https:\/\/wp.ufpel.edu.br\/pecos\/files\/2021\/10\/artigo_pecos_andre_luciano_r_pilot_2021_10_21.pdf\">Preparo Reciprocante Assim\u00e9trico do &#8220;Glide Path&#8221;: R-Pilot e WaveOne Gold Glider<\/a><br \/>\n[attachments template=medium include=&#8221;897,798,810&#8243;]<\/p>\n<p><strong>Tratamento Endod\u00f4ntico em Molares<\/strong><br \/>\n<a href=\"https:\/\/wp.ufpel.edu.br\/pecos\/files\/2015\/12\/princ_trat_end_mol_2015_12_14.pdf\">Princ\u00edpios do Tratamento Endod\u00f4ntico em Molares<\/a><br \/>\n<a href=\"https:\/\/wp.ufpel.edu.br\/pecos\/files\/2016\/09\/tecnica_goerig_2016_09_22_sf.pdf\">Pressupostos e Protocolos da T\u00e9cnica de de Goerig de Instrumenta\u00e7\u00e3o de Canais Radiculares em Molares<\/a><br \/>\n<a href=\"https:\/\/wp.ufpel.edu.br\/pecos\/files\/2015\/03\/abou_rass_versao_en_pt_2016_09_06.pdf\" aria-label=\"\u201cM\u00e9todo de Limagem Anticurvatura para Preparo de Canal Radicular Curvo\u201d (Editar)\">M\u00e9todo de Limagem Anticurvatura para Preparo de Canal Radicular Curvo<\/a><br \/>\n[attachments template=medium include=&#8221;343,358,373&#8243;]<\/p>\n<p><strong>Instrumenta\u00e7\u00e3o Reciprocante Assim\u00e9trica (Reciproc)<\/strong><br \/>\n<a href=\"https:\/\/wp.ufpel.edu.br\/pecos\/files\/2021\/01\/instrum_recipr_reciproc_2021_03_10_pecos.pdf\">Instrumenta\u00e7\u00e3o Reciprocante Assim\u00e9trica (Reciproc)<\/a><br \/>\n[attachments template=medium include=&#8221;617&#8243;]<\/p>\n<p><strong>Ferramentas para Endodontia (Odontologia)<br \/>\n<\/strong><a href=\"https:\/\/wp.ufpel.edu.br\/pecos\/ferramenta-de-odontometria-radiografica\/\">Ferramenta de Odontometria Radiogr\u00e1fica: Apresenta\u00e7\u00e3o e Aspectos Gerais<\/a><br \/>\n<a href=\"https:\/\/wp.ufpel.edu.br\/pecos\/ferramenta-de-diluicao-de-hipoclorito-de-sodio\/\">Ferramenta de Dilui\u00e7\u00e3o de Hipoclorito de S\u00f3dio: Aspectos Gerais para Utiliza\u00e7\u00e3o em Endodontia e Odontologia Geral<\/a><br \/>\n[attachments template=medium include=&#8221;504&#8243;] [attachments template=medium include=&#8221;517&#8243;]<\/p>\n","protected":false},"excerpt":{"rendered":"<p>Do Comprometimento Pulpar e do Periodonto Apical Aspectos do Diagn\u00f3stico das Pulpopatias e das Periapicopatia Aspectos Preliminares do Comprometimento Pulpar e\/ou do Periodonto Apical Aspectos Gerais do Comprometimento Pulpar Aspectos Gerais do Comprometimento do Periodonto Apical Classifica\u00e7\u00f5es das Pulpopatias e Periapicopatias elaboradas pela OMS [attachments orderby=&#8221;description&#8221; include=&#8221;204,205,203,202,201&#8243;] Aspectos Gerais do Tratamento de Dentes Jovens Terapia [&hellip;]<\/p>\n","protected":false},"author":296,"featured_media":0,"parent":0,"menu_order":0,"comment_status":"closed","ping_status":"closed","template":"","meta":{"footnotes":""},"class_list":["post-169","page","type-page","status-publish","hentry"],"jetpack_sharing_enabled":true,"_links":{"self":[{"href":"https:\/\/wp.ufpel.edu.br\/pecos\/wp-json\/wp\/v2\/pages\/169","targetHints":{"allow":["GET"]}}],"collection":[{"href":"https:\/\/wp.ufpel.edu.br\/pecos\/wp-json\/wp\/v2\/pages"}],"about":[{"href":"https:\/\/wp.ufpel.edu.br\/pecos\/wp-json\/wp\/v2\/types\/page"}],"author":[{"embeddable":true,"href":"https:\/\/wp.ufpel.edu.br\/pecos\/wp-json\/wp\/v2\/users\/296"}],"replies":[{"embeddable":true,"href":"https:\/\/wp.ufpel.edu.br\/pecos\/wp-json\/wp\/v2\/comments?post=169"}],"version-history":[{"count":4,"href":"https:\/\/wp.ufpel.edu.br\/pecos\/wp-json\/wp\/v2\/pages\/169\/revisions"}],"predecessor-version":[{"id":1211,"href":"https:\/\/wp.ufpel.edu.br\/pecos\/wp-json\/wp\/v2\/pages\/169\/revisions\/1211"}],"wp:attachment":[{"href":"https:\/\/wp.ufpel.edu.br\/pecos\/wp-json\/wp\/v2\/media?parent=169"}],"curies":[{"name":"wp","href":"https:\/\/api.w.org\/{rel}","templated":true}]}}