{"id":129,"date":"2010-10-02T17:59:50","date_gmt":"2010-10-02T19:59:50","guid":{"rendered":"https:\/\/wp.ufpel.edu.br\/pecos\/"},"modified":"2010-10-02T18:20:02","modified_gmt":"2010-10-02T20:20:02","slug":"sitio-site-principal-da-pecos","status":"publish","type":"page","link":"https:\/\/wp.ufpel.edu.br\/pecos\/sitio-site-principal-da-pecos\/","title":{"rendered":"S\u00edtio (&#8220;Site&#8221;) Principal da PECOS"},"content":{"rendered":"<p>Para melhor atender \u00e0 comunidade, a Plataforma de Ensino Continuado de Odontologia e Sa\u00fade (<a href=\"http:\/\/www.ufpel.edu.br\/pecos\/\">PECOS<\/a>) ampliou suas possibilidades em um novo espa\u00e7o.<\/p>\n<p>Clique, no link abaixo, para acessar o novo s\u00edtio (&#8220;site&#8221;) da <a href=\"http:\/\/www.ufpel.edu.br\/pecos\/\">PECOS<\/a>:<br \/>\n<a href=\"http:\/\/www.ufpel.edu.br\/pecos\/\">Plataforma de Ensino Continuado de Odontologia e Sa\u00fade (PECOS)<\/a>.<\/p>\n","protected":false},"excerpt":{"rendered":"<p>Para melhor atender \u00e0 comunidade, a Plataforma de Ensino Continuado de Odontologia e Sa\u00fade (PECOS) ampliou suas possibilidades em um novo espa\u00e7o. Clique, no link abaixo, para acessar o novo s\u00edtio (&#8220;site&#8221;) da PECOS: Plataforma de Ensino Continuado de Odontologia e Sa\u00fade (PECOS).<\/p>\n","protected":false},"author":30,"featured_media":0,"parent":0,"menu_order":0,"comment_status":"closed","ping_status":"open","template":"","meta":{"footnotes":""},"class_list":["post-129","page","type-page","status-publish","hentry"],"jetpack_sharing_enabled":true,"_links":{"self":[{"href":"https:\/\/wp.ufpel.edu.br\/pecos\/wp-json\/wp\/v2\/pages\/129","targetHints":{"allow":["GET"]}}],"collection":[{"href":"https:\/\/wp.ufpel.edu.br\/pecos\/wp-json\/wp\/v2\/pages"}],"about":[{"href":"https:\/\/wp.ufpel.edu.br\/pecos\/wp-json\/wp\/v2\/types\/page"}],"author":[{"embeddable":true,"href":"https:\/\/wp.ufpel.edu.br\/pecos\/wp-json\/wp\/v2\/users\/30"}],"replies":[{"embeddable":true,"href":"https:\/\/wp.ufpel.edu.br\/pecos\/wp-json\/wp\/v2\/comments?post=129"}],"version-history":[{"count":7,"href":"https:\/\/wp.ufpel.edu.br\/pecos\/wp-json\/wp\/v2\/pages\/129\/revisions"}],"predecessor-version":[{"id":132,"href":"https:\/\/wp.ufpel.edu.br\/pecos\/wp-json\/wp\/v2\/pages\/129\/revisions\/132"}],"wp:attachment":[{"href":"https:\/\/wp.ufpel.edu.br\/pecos\/wp-json\/wp\/v2\/media?parent=129"}],"curies":[{"name":"wp","href":"https:\/\/api.w.org\/{rel}","templated":true}]}}