{"id":11,"date":"2009-10-22T21:40:58","date_gmt":"2009-10-22T23:40:58","guid":{"rendered":"https:\/\/wp.ufpel.edu.br\/pecos\/?page_id=11"},"modified":"2009-11-09T20:47:26","modified_gmt":"2009-11-09T22:47:26","slug":"corpo-editorial","status":"publish","type":"page","link":"https:\/\/wp.ufpel.edu.br\/pecos\/corpo-editorial\/","title":{"rendered":"Corpo Editorial"},"content":{"rendered":"<p><strong>Editores<\/strong><\/p>\n<p>Eduardo Luiz Barbin<br \/>\nProfessor da Faculdade de Odontologia da Universidade Federal de Pelotas, RS, Brasil<\/p>\n<p>J\u00falio C\u00e9sar Emboava Span\u00f3<br \/>\nProfessor da Faculdade de Odontologia da Universidade Federal de Pelotas, RS, Brasil<\/p>\n<p>Guilherme Bri\u00e3o Camacho<br \/>\nProfessor da Faculdade de Odontologia da Universidade Federal de Pelotas, RS, Brazil<\/p>\n<p>Renato Fabr\u00edcio de Andrade Waldemarin<br \/>\nProfessor da Faculdade de Odontologia da Universidade Federal de Pelotas, RS, Brasil<\/p>\n<p><strong>Editores T\u00e9cnicos<\/strong><\/p>\n<p>Henrique Avila Vianna<br \/>\nMembro da Se\u00e7\u00e3o de Redes do Centro de Inform\u00e1tica da Universidade Federal de Pelotas, RS, Brasil<\/p>\n<p>Jo\u00e3o Ladislau Barbar\u00e1 Lopes<br \/>\nDiretor do Centro de Inform\u00e1tica da Universidade Federal de Pelotas, RS, Brasil<\/p>\n<p>Juliano Pratti Mercantil<br \/>\nMembro do Centro de Processamento de Dados da Faculdade de Odontologia de Ribeir\u00e3o Preto da Universidade de S\u00e3o Paulo, SP, Brasil<\/p>\n<p><strong>Conselho Editorial<br \/>\n(Revisores, &#8220;Referees&#8221;, Corpo Editorial ou &#8220;Editorial Board&#8221;)<\/strong><\/p>\n<p>Eduardo Luiz Barbin<br \/>\nProfessor da Faculdade de Odontologia da Universidade Federal de Pelotas, RS, Brasil<\/p>\n<p>Guilherme Bri\u00e3o Camacho<br \/>\nProfessor da Faculdade de Odontologia da Universidade Federal de Pelotas, RS, Brazil<\/p>\n<p>Jesus Djalma P\u00e9cora<br \/>\nProfessor Titular da Faculdade de Odontologia de Ribeir\u00e3o Preto da Universidade de S\u00e3o Paulo, SP, Brasil<\/p>\n<p>J\u00falio C\u00e9sar Emboava Span\u00f3<br \/>\nProfessor da Faculdade de Odontologia da Universidade Federal de Pelotas, RS, Brasil<\/p>\n<p>Oscar Luis Vasques Ramos<br \/>\nProfessor da Faculdade de Odontologia da Universidade Federal de Pelotas, RS, Brasil<\/p>\n<p>Renato Fabr\u00edcio de Andrade Waldemarin<br \/>\nProfessor da Faculdade de Odontologia da Universidade Federal de Pelotas, RS, Brasil<\/p>\n","protected":false},"excerpt":{"rendered":"<p>Editores Eduardo Luiz Barbin Professor da Faculdade de Odontologia da Universidade Federal de Pelotas, RS, Brasil J\u00falio C\u00e9sar Emboava Span\u00f3 Professor da Faculdade de Odontologia da Universidade Federal de Pelotas, RS, Brasil Guilherme Bri\u00e3o Camacho Professor da Faculdade de Odontologia da Universidade Federal de Pelotas, RS, Brazil Renato Fabr\u00edcio de Andrade Waldemarin Professor da Faculdade [&hellip;]<\/p>\n","protected":false},"author":30,"featured_media":0,"parent":0,"menu_order":3,"comment_status":"closed","ping_status":"open","template":"","meta":{"footnotes":""},"class_list":["post-11","page","type-page","status-publish","hentry"],"jetpack_sharing_enabled":true,"_links":{"self":[{"href":"https:\/\/wp.ufpel.edu.br\/pecos\/wp-json\/wp\/v2\/pages\/11","targetHints":{"allow":["GET"]}}],"collection":[{"href":"https:\/\/wp.ufpel.edu.br\/pecos\/wp-json\/wp\/v2\/pages"}],"about":[{"href":"https:\/\/wp.ufpel.edu.br\/pecos\/wp-json\/wp\/v2\/types\/page"}],"author":[{"embeddable":true,"href":"https:\/\/wp.ufpel.edu.br\/pecos\/wp-json\/wp\/v2\/users\/30"}],"replies":[{"embeddable":true,"href":"https:\/\/wp.ufpel.edu.br\/pecos\/wp-json\/wp\/v2\/comments?post=11"}],"version-history":[{"count":12,"href":"https:\/\/wp.ufpel.edu.br\/pecos\/wp-json\/wp\/v2\/pages\/11\/revisions"}],"predecessor-version":[{"id":51,"href":"https:\/\/wp.ufpel.edu.br\/pecos\/wp-json\/wp\/v2\/pages\/11\/revisions\/51"}],"wp:attachment":[{"href":"https:\/\/wp.ufpel.edu.br\/pecos\/wp-json\/wp\/v2\/media?parent=11"}],"curies":[{"name":"wp","href":"https:\/\/api.w.org\/{rel}","templated":true}]}}