{"id":1003,"date":"2023-02-17T21:59:33","date_gmt":"2023-02-18T00:59:33","guid":{"rendered":"https:\/\/wp.ufpel.edu.br\/pecos\/?page_id=1003"},"modified":"2023-02-17T21:59:33","modified_gmt":"2023-02-18T00:59:33","slug":"volume-14-numero-1-2022","status":"publish","type":"page","link":"https:\/\/wp.ufpel.edu.br\/pecos\/volume-14-numero-1-2022\/","title":{"rendered":"Volume 14, N\u00famero 1, 2022"},"content":{"rendered":"<p>Volume 14, N\u00famero 1, 2022<\/p>\n<p>Not\u00edcias<\/p>\n<p class=\"corTexto\"><a href=\"https:\/\/wp.ufpel.edu.br\/pecos\/2022\/02\/24\/cfo-apresenta-os-conceitos-de-emergencias-e-de-urgencias-odontologicas\/\">CFO Apresenta os Conceitos de Emerg\u00eancias e de Urg\u00eancias Odontol\u00f3gicas<\/a><\/p>\n<p class=\"corTexto\"><a href=\"https:\/\/wp.ufpel.edu.br\/pecos\/2022\/02\/23\/nota-de-falecimento-do-professor-mario-roberto-leonardo\/\">Nota de Falecimento do Professor M\u00e1rio Roberto Leonardo<\/a><\/p>\n","protected":false},"excerpt":{"rendered":"<p>Volume 14, N\u00famero 1, 2022 Not\u00edcias CFO Apresenta os Conceitos de Emerg\u00eancias e de Urg\u00eancias Odontol\u00f3gicas Nota de Falecimento do Professor M\u00e1rio Roberto Leonardo<\/p>\n","protected":false},"author":30,"featured_media":0,"parent":0,"menu_order":0,"comment_status":"closed","ping_status":"closed","template":"","meta":{"footnotes":""},"class_list":["post-1003","page","type-page","status-publish","hentry"],"jetpack_sharing_enabled":true,"_links":{"self":[{"href":"https:\/\/wp.ufpel.edu.br\/pecos\/wp-json\/wp\/v2\/pages\/1003","targetHints":{"allow":["GET"]}}],"collection":[{"href":"https:\/\/wp.ufpel.edu.br\/pecos\/wp-json\/wp\/v2\/pages"}],"about":[{"href":"https:\/\/wp.ufpel.edu.br\/pecos\/wp-json\/wp\/v2\/types\/page"}],"author":[{"embeddable":true,"href":"https:\/\/wp.ufpel.edu.br\/pecos\/wp-json\/wp\/v2\/users\/30"}],"replies":[{"embeddable":true,"href":"https:\/\/wp.ufpel.edu.br\/pecos\/wp-json\/wp\/v2\/comments?post=1003"}],"version-history":[{"count":2,"href":"https:\/\/wp.ufpel.edu.br\/pecos\/wp-json\/wp\/v2\/pages\/1003\/revisions"}],"predecessor-version":[{"id":1006,"href":"https:\/\/wp.ufpel.edu.br\/pecos\/wp-json\/wp\/v2\/pages\/1003\/revisions\/1006"}],"wp:attachment":[{"href":"https:\/\/wp.ufpel.edu.br\/pecos\/wp-json\/wp\/v2\/media?parent=1003"}],"curies":[{"name":"wp","href":"https:\/\/api.w.org\/{rel}","templated":true}]}}