{"id":331,"date":"2016-09-05T15:06:00","date_gmt":"2016-09-05T18:06:00","guid":{"rendered":"https:\/\/wp.ufpel.edu.br\/pave\/?page_id=331"},"modified":"2022-07-27T15:55:17","modified_gmt":"2022-07-27T18:55:17","slug":"contato","status":"publish","type":"page","link":"https:\/\/wp.ufpel.edu.br\/pave\/contato\/","title":{"rendered":"Contato"},"content":{"rendered":"<p>Para solicitar atendimento ou esclarecer d\u00favidas sobre o PAVE:<\/p>\n<ol>\n<li><a href=\"https:\/\/atendimento.ufpel.edu.br\/osticket\/open.php\">Clique aqui;<\/a><\/li>\n<li>\u00a0Selecione T\u00f3pico de Ajuda &#8220;PAVE&#8221;;<\/li>\n<li>\u00a0Informe a sua d\u00favida e preencha os demais campos do formul\u00e1rio; e<\/li>\n<li>\u00a0N\u00e3o se esque\u00e7a, o atendimento da UFPel \u00e9 realizado em dias \u00fateis, das 08h ao meio dia e das 14h \u00e0s 18h!<\/li>\n<\/ol>\n","protected":false},"excerpt":{"rendered":"<p>Para solicitar atendimento ou esclarecer d\u00favidas sobre o PAVE: Clique aqui; \u00a0Selecione T\u00f3pico de Ajuda &#8220;PAVE&#8221;; \u00a0Informe a sua d\u00favida e preencha os demais campos do formul\u00e1rio; e \u00a0N\u00e3o se esque\u00e7a, o atendimento da UFPel \u00e9 realizado em dias \u00fateis, das 08h ao meio dia e das 14h \u00e0s 18h!<\/p>\n","protected":false},"author":532,"featured_media":0,"parent":0,"menu_order":0,"comment_status":"closed","ping_status":"closed","template":"","meta":{"jetpack_post_was_ever_published":false,"footnotes":""},"class_list":["post-331","page","type-page","status-publish","hentry"],"jetpack_sharing_enabled":true,"jetpack_shortlink":"https:\/\/wp.me\/P6Ziye-5l","_links":{"self":[{"href":"https:\/\/wp.ufpel.edu.br\/pave\/wp-json\/wp\/v2\/pages\/331","targetHints":{"allow":["GET"]}}],"collection":[{"href":"https:\/\/wp.ufpel.edu.br\/pave\/wp-json\/wp\/v2\/pages"}],"about":[{"href":"https:\/\/wp.ufpel.edu.br\/pave\/wp-json\/wp\/v2\/types\/page"}],"author":[{"embeddable":true,"href":"https:\/\/wp.ufpel.edu.br\/pave\/wp-json\/wp\/v2\/users\/532"}],"replies":[{"embeddable":true,"href":"https:\/\/wp.ufpel.edu.br\/pave\/wp-json\/wp\/v2\/comments?post=331"}],"version-history":[{"count":12,"href":"https:\/\/wp.ufpel.edu.br\/pave\/wp-json\/wp\/v2\/pages\/331\/revisions"}],"predecessor-version":[{"id":2265,"href":"https:\/\/wp.ufpel.edu.br\/pave\/wp-json\/wp\/v2\/pages\/331\/revisions\/2265"}],"wp:attachment":[{"href":"https:\/\/wp.ufpel.edu.br\/pave\/wp-json\/wp\/v2\/media?parent=331"}],"curies":[{"name":"wp","href":"https:\/\/api.w.org\/{rel}","templated":true}]}}