{"id":2431,"date":"2022-11-08T10:43:34","date_gmt":"2022-11-08T13:43:34","guid":{"rendered":"https:\/\/wp.ufpel.edu.br\/pave\/?page_id=2431"},"modified":"2022-11-08T10:43:34","modified_gmt":"2022-11-08T13:43:34","slug":"pave-2014","status":"publish","type":"page","link":"https:\/\/wp.ufpel.edu.br\/pave\/pave-2014\/","title":{"rendered":"PAVE 2014"},"content":{"rendered":"<p><b>Desempenho Geral &#8211; Todas as Etapas 2014<\/b><span class=\"mini\"><br \/>\nPublicado em 30\/12\/2014<\/span><\/p>\n<p><a href=\"http:\/\/ces.ufpel.edu.br\/vestibular\/pave\/download\/Listao_PAVE_2014.pdf\"><b>Aprovados Pave 2014<\/b><\/a><span class=\"mini\"><br \/>\nPublicado em 23\/12\/2014<\/span><\/p>\n<p><a href=\"http:\/\/ces.ufpel.edu.br\/vestibular\/pave\/download\/Densidade2014.pdf\"><b>Rela\u00e7\u00e3o Candidato X Vaga<\/b><\/a><span class=\"mini\"><br \/>\ninclu\u00eddo em 13\/11\/2014 16:39<\/span><\/p>\n<p><a href=\"http:\/\/ces.ufpel.edu.br\/vestibular\/pave\/download\/transito2014.pdf\"><b>Informes de Transito<\/b><\/a><span class=\"mini\"><br \/>\ninclu\u00eddo em 13\/11\/2014 11:04<\/span><\/p>\n<p><a href=\"http:\/\/ces.ufpel.edu.br\/vestibular\/pave\/download\/mapa2014.pdf\"><b>Mapas dos Pr\u00e9dios<\/b><\/a><span class=\"mini\"><br \/>\ninclu\u00eddo em 13\/11\/2014 11:03<\/span><\/p>\n<p><a href=\"http:\/\/ces.ufpel.edu.br\/vestibular\/pave\/download\/data_prova2014.pdf\"><b>DATA DA PROVA<\/b><\/a><span class=\"mini\"><br \/>\ninclu\u00eddo em 07\/11\/2014 18:25<\/span><\/p>\n<p><a href=\"http:\/\/ces.ufpel.edu.br\/vestibular\/pave\/download\/homologados_e3f_2014.pdf\"><b>Cand. Homologados Etapa 3 &#8211; (2012-2014)<\/b><\/a><span class=\"mini\"><br \/>\ninclu\u00eddo em 15\/10\/2014 16:41<\/span><\/p>\n<p><a href=\"http:\/\/ces.ufpel.edu.br\/vestibular\/pave\/download\/homologados_e2_2014r.pdf\"><b>Cand. Homologados Etapa 2 &#8211; (2013-2015)<\/b><\/a><span class=\"mini\"><br \/>\ninclu\u00eddo em 15\/10\/2014 16:40<\/span><\/p>\n<p><a href=\"http:\/\/ces.ufpel.edu.br\/vestibular\/pave\/download\/homologados_e1_2014.pdf\"><b>Cand. Homologados Etapa 1 &#8211; (2014-2016)<\/b><\/a><span class=\"mini\"><br \/>\ninclu\u00eddo em 15\/10\/2014 16:26<\/span><\/p>\n<p><a href=\"http:\/\/ces.ufpel.edu.br\/vestibular\/pave\/download\/resultado_isencao2014.pdf\"><b>Resultado dos Pedidos de Isen\u00e7\u00e3o<\/b><\/a><span class=\"mini\"><br \/>\ninclu\u00eddo em 24\/09\/2014 11:42<\/span><\/p>\n<p><a href=\"http:\/\/ces.ufpel.edu.br\/vestibular\/pave\/download\/retifica1_pave2014.pdf\"><b>Retifica\u00e7\u00e3o Edital PAVE 2014<\/b><\/a><span class=\"mini\"><br \/>\ninclu\u00eddo em 12\/09\/2014 12:02<\/span><\/p>\n<p><a href=\"http:\/\/ces.ufpel.edu.br\/vestibular\/pave\/download\/pedido_participacao2015.pdf\"><b>Pedido de Participa\u00e7\u00e3o<\/b><\/a><span class=\"mini\"><br \/>\ninclu\u00eddo em 12\/09\/2014 08:28<\/span><\/p>\n<p><a href=\"http:\/\/ces.ufpel.edu.br\/vestibular\/pave\/download\/programa_pave_e3.pdf\"><b>Prog. de Provas &#8211; Etapa 3 &#8211; PAVE X<\/b><\/a><span class=\"mini\"><br \/>\ninclu\u00eddo em 08\/09\/2014 16:44<\/span><\/p>\n<p><a href=\"http:\/\/ces.ufpel.edu.br\/vestibular\/pave\/download\/programa_pave_e2.pdf\"><b>Prog. de Provas &#8211; Etapa 2 &#8211; PAVE XI<\/b><\/a><span class=\"mini\"><br \/>\ninclu\u00eddo em 08\/09\/2014 16:42<\/span><\/p>\n<p><a href=\"http:\/\/ces.ufpel.edu.br\/vestibular\/pave\/download\/programa_pave_e1.pdf\"><b>Prog. de Provas &#8211; Etapa 1 &#8211; PAVE XII<\/b><\/a><span class=\"mini\"><br \/>\ninclu\u00eddo em 08\/09\/2014 16:37<\/span><\/p>\n<p><a href=\"http:\/\/ces.ufpel.edu.br\/vestibular\/pave\/download\/edital_pave2014.pdf\"><b>Edital PAVE 2014<\/b><\/a><span class=\"mini\"><br \/>\nPublicado em 05\/09\/2014<\/span><\/p>\n","protected":false},"excerpt":{"rendered":"<p>Desempenho Geral &#8211; Todas as Etapas 2014 Publicado em 30\/12\/2014 Aprovados Pave 2014 Publicado em 23\/12\/2014 Rela\u00e7\u00e3o Candidato X Vaga inclu\u00eddo em 13\/11\/2014 16:39 Informes de Transito inclu\u00eddo em 13\/11\/2014 11:04 Mapas dos Pr\u00e9dios inclu\u00eddo em 13\/11\/2014 11:03 DATA DA PROVA inclu\u00eddo em 07\/11\/2014 18:25 Cand. Homologados Etapa 3 &#8211; (2012-2014) inclu\u00eddo em 15\/10\/2014 16:41 &hellip; <a href=\"https:\/\/wp.ufpel.edu.br\/pave\/pave-2014\/\" class=\"more-link\">Continue lendo <span class=\"screen-reader-text\">PAVE 2014<\/span> <span class=\"meta-nav\">&rarr;<\/span><\/a><\/p>\n","protected":false},"author":341,"featured_media":0,"parent":0,"menu_order":0,"comment_status":"closed","ping_status":"closed","template":"","meta":{"jetpack_post_was_ever_published":false,"footnotes":""},"class_list":["post-2431","page","type-page","status-publish","hentry"],"jetpack_sharing_enabled":true,"jetpack_shortlink":"https:\/\/wp.me\/P6Ziye-Dd","_links":{"self":[{"href":"https:\/\/wp.ufpel.edu.br\/pave\/wp-json\/wp\/v2\/pages\/2431","targetHints":{"allow":["GET"]}}],"collection":[{"href":"https:\/\/wp.ufpel.edu.br\/pave\/wp-json\/wp\/v2\/pages"}],"about":[{"href":"https:\/\/wp.ufpel.edu.br\/pave\/wp-json\/wp\/v2\/types\/page"}],"author":[{"embeddable":true,"href":"https:\/\/wp.ufpel.edu.br\/pave\/wp-json\/wp\/v2\/users\/341"}],"replies":[{"embeddable":true,"href":"https:\/\/wp.ufpel.edu.br\/pave\/wp-json\/wp\/v2\/comments?post=2431"}],"version-history":[{"count":1,"href":"https:\/\/wp.ufpel.edu.br\/pave\/wp-json\/wp\/v2\/pages\/2431\/revisions"}],"predecessor-version":[{"id":2433,"href":"https:\/\/wp.ufpel.edu.br\/pave\/wp-json\/wp\/v2\/pages\/2431\/revisions\/2433"}],"wp:attachment":[{"href":"https:\/\/wp.ufpel.edu.br\/pave\/wp-json\/wp\/v2\/media?parent=2431"}],"curies":[{"name":"wp","href":"https:\/\/api.w.org\/{rel}","templated":true}]}}