{"id":2425,"date":"2022-11-08T10:40:42","date_gmt":"2022-11-08T13:40:42","guid":{"rendered":"https:\/\/wp.ufpel.edu.br\/pave\/?page_id=2425"},"modified":"2022-11-08T10:40:42","modified_gmt":"2022-11-08T13:40:42","slug":"pave-2016","status":"publish","type":"page","link":"https:\/\/wp.ufpel.edu.br\/pave\/pave-2016\/","title":{"rendered":"PAVE 2016"},"content":{"rendered":"<p><span class=\"mini\"><a href=\"https:\/\/wp.ufpel.edu.br\/pave\/files\/2018\/07\/AprovadosCursoClassifTipoIngre.pdf\"><strong>Aprovados com sistema de ingresso da aprova\u00e7\u00e3o<\/strong><\/a><\/span><\/p>\n<p><strong><a href=\"https:\/\/wp.ufpel.edu.br\/pave\/files\/2017\/01\/ListaoPAVE11.pdf\">List\u00e3o Aprovados PAVE XI (2014-2016)<\/a><\/strong><\/p>\n<p><strong><a href=\"https:\/\/wp.ufpel.edu.br\/pave\/files\/2017\/01\/PAVE2016_ClassifGeral_a.pdf\">Classifica\u00e7\u00e3o Geral Atualizada<\/a><\/strong><\/p>\n<p><strong><a href=\"https:\/\/wp.ufpel.edu.br\/pave\/files\/2017\/01\/pave2016_classifgeral.pdf\">Classifica\u00e7\u00e3o Geral<\/a><\/strong><\/p>\n<p><strong><a href=\"https:\/\/wp.ufpel.edu.br\/pave\/files\/2016\/12\/desempenhoredacao-1.pdf\">Desempenho Reda\u00e7\u00e3o &#8211; Terceira etapa<\/a><\/strong><\/p>\n<p><strong><a href=\"https:\/\/wp.ufpel.edu.br\/pave\/files\/2016\/11\/gabaritopave16def.pdf\">Gabaritos Definitivos<\/a><\/strong><\/p>\n<p><strong><a href=\"https:\/\/wp.ufpel.edu.br\/pave\/files\/2016\/11\/Recursos-PAVE.pdf\">Resultado dos Pedidos de Recurso<\/a><\/strong><\/p>\n<p><strong><a href=\"https:\/\/wp.ufpel.edu.br\/pave\/files\/2016\/11\/abstencoespave16.pdf\">Absten\u00e7\u00f5es<\/a><\/strong><\/p>\n<p><strong><a href=\"https:\/\/wp.ufpel.edu.br\/pave\/files\/2016\/11\/gabaritopave16.pdf\">Gabaritos PAVE 2016 &#8211; Todas as Etapas<\/a><\/strong><\/p>\n<p><strong><a href=\"https:\/\/wp.ufpel.edu.br\/pave\/files\/2016\/11\/sabatistaspave.pdf\">Atendimento Sabatistas<\/a><\/strong><\/p>\n<p><strong><a href=\"https:\/\/wp.ufpel.edu.br\/pave\/files\/2016\/10\/homologadospave1.pdf\">Candidatos Homologados &#8211; Primeira Etapa<\/a><\/strong><\/p>\n<p><strong><a href=\"https:\/\/wp.ufpel.edu.br\/pave\/files\/2016\/10\/homologadospave2.pdf\">Candidatos Homologados &#8211; Segunda Etapa<\/a><\/strong><\/p>\n<p><strong><a href=\"https:\/\/wp.ufpel.edu.br\/pave\/files\/2016\/10\/homologadospave3.pdf\">Candidatos Homologados &#8211; Terceira Etapa<\/a><\/strong><\/p>\n<p><strong><a href=\"https:\/\/wp.ufpel.edu.br\/pave\/files\/2016\/10\/pedidospave.pdf\">Pedidos de Participa\u00e7\u00e3o\/Migra\u00e7\u00e3o<\/a><\/strong><\/p>\n<p><strong><a href=\"https:\/\/wp.ufpel.edu.br\/pave\/files\/2016\/10\/Pedidos-de-Isen%C3%A7%C3%A3o-043_2016.pdf\">Resultado dos pedidos de isen\u00e7\u00e3o<\/a><\/strong><\/p>\n<p><strong><a href=\"https:\/\/wp.ufpel.edu.br\/pave\/files\/2016\/09\/doccomprovarenda.pdf\">Comprova\u00e7\u00e3o de Renda<\/a><\/strong><\/p>\n<p><strong><a href=\"https:\/\/wp.ufpel.edu.br\/pave\/files\/2016\/09\/Retifica-Ed-043.pdf\">Retifica Ed 043<\/a><\/strong><\/p>\n<p><strong><a href=\"https:\/\/wp.ufpel.edu.br\/pave\/files\/2016\/09\/Edital-PAVE.pdf\">Edital-PAVE<\/a><\/strong><\/p>\n","protected":false},"excerpt":{"rendered":"<p>Aprovados com sistema de ingresso da aprova\u00e7\u00e3o List\u00e3o Aprovados PAVE XI (2014-2016) Classifica\u00e7\u00e3o Geral Atualizada Classifica\u00e7\u00e3o Geral Desempenho Reda\u00e7\u00e3o &#8211; Terceira etapa Gabaritos Definitivos Resultado dos Pedidos de Recurso Absten\u00e7\u00f5es Gabaritos PAVE 2016 &#8211; Todas as Etapas Atendimento Sabatistas Candidatos Homologados &#8211; Primeira Etapa Candidatos Homologados &#8211; Segunda Etapa Candidatos Homologados &#8211; Terceira Etapa Pedidos &hellip; <a href=\"https:\/\/wp.ufpel.edu.br\/pave\/pave-2016\/\" class=\"more-link\">Continue lendo <span class=\"screen-reader-text\">PAVE 2016<\/span> <span class=\"meta-nav\">&rarr;<\/span><\/a><\/p>\n","protected":false},"author":341,"featured_media":0,"parent":0,"menu_order":0,"comment_status":"closed","ping_status":"closed","template":"","meta":{"jetpack_post_was_ever_published":false,"footnotes":""},"class_list":["post-2425","page","type-page","status-publish","hentry"],"jetpack_sharing_enabled":true,"jetpack_shortlink":"https:\/\/wp.me\/P6Ziye-D7","_links":{"self":[{"href":"https:\/\/wp.ufpel.edu.br\/pave\/wp-json\/wp\/v2\/pages\/2425","targetHints":{"allow":["GET"]}}],"collection":[{"href":"https:\/\/wp.ufpel.edu.br\/pave\/wp-json\/wp\/v2\/pages"}],"about":[{"href":"https:\/\/wp.ufpel.edu.br\/pave\/wp-json\/wp\/v2\/types\/page"}],"author":[{"embeddable":true,"href":"https:\/\/wp.ufpel.edu.br\/pave\/wp-json\/wp\/v2\/users\/341"}],"replies":[{"embeddable":true,"href":"https:\/\/wp.ufpel.edu.br\/pave\/wp-json\/wp\/v2\/comments?post=2425"}],"version-history":[{"count":1,"href":"https:\/\/wp.ufpel.edu.br\/pave\/wp-json\/wp\/v2\/pages\/2425\/revisions"}],"predecessor-version":[{"id":2427,"href":"https:\/\/wp.ufpel.edu.br\/pave\/wp-json\/wp\/v2\/pages\/2425\/revisions\/2427"}],"wp:attachment":[{"href":"https:\/\/wp.ufpel.edu.br\/pave\/wp-json\/wp\/v2\/media?parent=2425"}],"curies":[{"name":"wp","href":"https:\/\/api.w.org\/{rel}","templated":true}]}}