{"id":2422,"date":"2022-11-08T10:39:09","date_gmt":"2022-11-08T13:39:09","guid":{"rendered":"https:\/\/wp.ufpel.edu.br\/pave\/?page_id=2422"},"modified":"2022-11-08T10:39:09","modified_gmt":"2022-11-08T13:39:09","slug":"pave-2017","status":"publish","type":"page","link":"https:\/\/wp.ufpel.edu.br\/pave\/pave-2017\/","title":{"rendered":"PAVE 2017"},"content":{"rendered":"<p><strong><a href=\"https:\/\/wp.ufpel.edu.br\/pave\/files\/2018\/01\/Classifica%C3%A7%C3%A3o-geral.pdf\">Classifica\u00e7\u00e3o Geral<\/a><\/strong><\/p>\n<p><strong><a href=\"https:\/\/wp.ufpel.edu.br\/pave\/files\/2018\/01\/Aprovados2017Classificacao.pdf\">Aprovados 2017 &#8211; Classifica\u00e7\u00e3o<\/a><\/strong><\/p>\n<p><strong><a href=\"https:\/\/wp.ufpel.edu.br\/pave\/files\/2018\/01\/Aprovados2017.pdf\">Aprovados 2017 &#8211; Ordem Alfabetica<\/a><\/strong><\/p>\n<p><strong><a href=\"https:\/\/wp.ufpel.edu.br\/pave\/files\/2018\/01\/Desempenho__Redacao.pdf\">Desempenho da Reda\u00e7\u00e3o<\/a><\/strong><\/p>\n<p><strong><a href=\"http:\/\/wp.ufpel.edu.br\/pave\/files\/2017\/12\/gabaritopave17def.pdf\">Gabarito Definitivo &#8211; PAVE 2017<\/a><\/strong><\/p>\n<p><strong><a href=\"http:\/\/wp.ufpel.edu.br\/pave\/files\/2017\/12\/recuros17pv.pdf\">Resultado dos Pedidos de Recurso<\/a><\/strong><\/p>\n<p><strong><a href=\"http:\/\/wp.ufpel.edu.br\/pave\/files\/2017\/12\/abstencoes17.pdf\">Absten\u00e7\u00f5es PAVE 2017<\/a><\/strong><\/p>\n<p><strong> <a href=\"http:\/\/wp.ufpel.edu.br\/pave\/files\/2017\/12\/gabaritopave17.pdf\">Gabarito Pave 2017 &#8211; Todas as Etapas<\/a><\/strong><\/p>\n<p><strong><a href=\"http:\/\/wp.ufpel.edu.br\/pave\/files\/2017\/12\/Densidade2015-2017.pdf\">Rela\u00e7\u00e3o Candidato X Vaga<\/a><\/strong><\/p>\n<p><strong><a href=\"http:\/\/wp.ufpel.edu.br\/pave\/files\/2017\/12\/Edital-031-PAVE-Retifica%C3%A7%C3%A3o-3.pdf\">Retifica\u00e7\u00e3o 3<\/a><\/strong><\/p>\n<p><strong><a href=\"http:\/\/wp.ufpel.edu.br\/pave\/files\/2017\/11\/Pedidos-de-Atendimento-Especial.pdf\">Pedidos de Atendimento Especial<\/a><\/strong><\/p>\n<p><strong><a href=\"http:\/\/wp.ufpel.edu.br\/pave\/files\/2017\/11\/Pedidos-de-Condi%C3%A7%C3%A3o-Religiosa.pdf\">Pedidos de Condi\u00e7\u00e3o Religiosa<\/a><\/strong><\/p>\n<p><strong><a href=\"http:\/\/wp.ufpel.edu.br\/pave\/files\/2017\/11\/locaisEtapa3.pdf\">Locais de Prova &#8211; Etapa 3<\/a><\/strong><\/p>\n<p><strong><a href=\"http:\/\/wp.ufpel.edu.br\/pave\/files\/2017\/11\/locaisEtapa2.pdf\">Locais de Prova &#8211; Etapa 2<\/a><\/strong><\/p>\n<p><strong><a href=\"http:\/\/wp.ufpel.edu.br\/pave\/files\/2017\/11\/locaisEtapa1.pdf\">Locais de Prova &#8211; Etapa 1<\/a><\/strong><\/p>\n<p><strong><a href=\"http:\/\/wp.ufpel.edu.br\/pave\/files\/2017\/11\/Homologados-etapa-3.pdf\">Homologados &#8211; Etapa 3<\/a><\/strong><\/p>\n<p><strong><a href=\"http:\/\/wp.ufpel.edu.br\/pave\/files\/2017\/11\/Homologados-etapa-2.pdf\">Homologados &#8211; Etapa 2<\/a><\/strong><\/p>\n<p><strong><a href=\"http:\/\/wp.ufpel.edu.br\/pave\/files\/2017\/11\/Homologados-etapa-1atz.pdf\">Homologados &#8211; Etapa 1<\/a><\/strong><\/p>\n<p><strong><a href=\"http:\/\/wp.ufpel.edu.br\/pave\/files\/2017\/11\/Publica%C3%A7%C3%A3o-Pedidos-de-Isen%C3%A7%C3%A3o-PAVE-1.pdf\">Pedidos de Isen\u00e7\u00e3o &#8211; NOVO<\/a><\/strong><\/p>\n<p><strong><a href=\"http:\/\/wp.ufpel.edu.br\/pave\/files\/2017\/11\/participamigra17reabertura.pdf\">Pedidos de Migra\u00e7\u00e3o \/ Participa\u00e7\u00e3o Reabertura<\/a><\/strong><\/p>\n<p><strong><a href=\"http:\/\/wp.ufpel.edu.br\/pave\/files\/2017\/11\/participamigra1703.pdf\">Pedidos de Migra\u00e7\u00e3o\/Participa\u00e7\u00e3o<\/a><\/strong><\/p>\n<p><strong><a href=\"http:\/\/wp.ufpel.edu.br\/pave\/files\/2017\/11\/participamigra17ifsul-1.pdf\">Pedidos de Migra\u00e7\u00e3o Especial &#8211; IFSul<\/a><\/strong><\/p>\n<p><strong><a href=\"http:\/\/wp.ufpel.edu.br\/pave\/files\/2017\/10\/Edital-031-PAVE-Retifica%C3%A7%C3%A3o-2.pdf\">Retifica\u00e7\u00e3o<\/a><\/strong><\/p>\n<p><strong><a href=\"http:\/\/wp.ufpel.edu.br\/pave\/files\/2017\/10\/Prorrogacao-de-Inscricoes.pdf\">Prorroga\u00e7\u00e3o de Inscri\u00e7\u00f5es<\/a><\/strong><\/p>\n<p><strong><a href=\"http:\/\/wp.ufpel.edu.br\/pave\/files\/2017\/10\/Resultado_Pedidos_Isencao.pdf\">Resultado dos Pedidos de Isen\u00e7\u00e3o<\/a><\/strong><\/p>\n<p><strong><a href=\"http:\/\/wp.ufpel.edu.br\/pave\/files\/2017\/10\/Nota-sobre-a-greve-das-escolas.pdf\">Nota Sobre a greve das escolas<\/a><\/strong><\/p>\n<p><strong><a href=\"http:\/\/wp.ufpel.edu.br\/pave\/files\/2017\/10\/Comunicado-IFSul.pdf\">Comunicado &#8211; IFSul<\/a><\/strong><\/p>\n<p><strong><a href=\"http:\/\/wp.ufpel.edu.br\/pave\/files\/2017\/10\/Edital-031-PAVE-Retifica%C3%A7%C3%A3o-1.pdf\">Refitica\u00e7\u00e3o &#8211; Quadro de Vagas<\/a><\/strong><\/p>\n<p><strong><a href=\"http:\/\/wp.ufpel.edu.br\/pave\/files\/2017\/10\/Edital-031-PAVE-Sem-quadro.pdf\">Edital 031 &#8211; PAVE<\/a><\/strong><\/p>\n","protected":false},"excerpt":{"rendered":"<p>Classifica\u00e7\u00e3o Geral Aprovados 2017 &#8211; Classifica\u00e7\u00e3o Aprovados 2017 &#8211; Ordem Alfabetica Desempenho da Reda\u00e7\u00e3o Gabarito Definitivo &#8211; PAVE 2017 Resultado dos Pedidos de Recurso Absten\u00e7\u00f5es PAVE 2017 Gabarito Pave 2017 &#8211; Todas as Etapas Rela\u00e7\u00e3o Candidato X Vaga Retifica\u00e7\u00e3o 3 Pedidos de Atendimento Especial Pedidos de Condi\u00e7\u00e3o Religiosa Locais de Prova &#8211; Etapa 3 Locais &hellip; <a href=\"https:\/\/wp.ufpel.edu.br\/pave\/pave-2017\/\" class=\"more-link\">Continue lendo <span class=\"screen-reader-text\">PAVE 2017<\/span> <span class=\"meta-nav\">&rarr;<\/span><\/a><\/p>\n","protected":false},"author":341,"featured_media":0,"parent":0,"menu_order":0,"comment_status":"closed","ping_status":"closed","template":"","meta":{"jetpack_post_was_ever_published":false,"footnotes":""},"class_list":["post-2422","page","type-page","status-publish","hentry"],"jetpack_sharing_enabled":true,"jetpack_shortlink":"https:\/\/wp.me\/P6Ziye-D4","_links":{"self":[{"href":"https:\/\/wp.ufpel.edu.br\/pave\/wp-json\/wp\/v2\/pages\/2422","targetHints":{"allow":["GET"]}}],"collection":[{"href":"https:\/\/wp.ufpel.edu.br\/pave\/wp-json\/wp\/v2\/pages"}],"about":[{"href":"https:\/\/wp.ufpel.edu.br\/pave\/wp-json\/wp\/v2\/types\/page"}],"author":[{"embeddable":true,"href":"https:\/\/wp.ufpel.edu.br\/pave\/wp-json\/wp\/v2\/users\/341"}],"replies":[{"embeddable":true,"href":"https:\/\/wp.ufpel.edu.br\/pave\/wp-json\/wp\/v2\/comments?post=2422"}],"version-history":[{"count":1,"href":"https:\/\/wp.ufpel.edu.br\/pave\/wp-json\/wp\/v2\/pages\/2422\/revisions"}],"predecessor-version":[{"id":2424,"href":"https:\/\/wp.ufpel.edu.br\/pave\/wp-json\/wp\/v2\/pages\/2422\/revisions\/2424"}],"wp:attachment":[{"href":"https:\/\/wp.ufpel.edu.br\/pave\/wp-json\/wp\/v2\/media?parent=2422"}],"curies":[{"name":"wp","href":"https:\/\/api.w.org\/{rel}","templated":true}]}}