{"id":2418,"date":"2022-11-08T10:29:50","date_gmt":"2022-11-08T13:29:50","guid":{"rendered":"https:\/\/wp.ufpel.edu.br\/pave\/?page_id=2418"},"modified":"2022-11-08T10:30:05","modified_gmt":"2022-11-08T13:30:05","slug":"pave-2018","status":"publish","type":"page","link":"https:\/\/wp.ufpel.edu.br\/pave\/pave-2018\/","title":{"rendered":"PAVE 2018"},"content":{"rendered":"<p>Edital de Abertura &#8211; PAVE 2018 &#8211; <a href=\"https:\/\/wp.ufpel.edu.br\/pave\/files\/2018\/08\/Edital-023-PAVE-2018.pdf\">Clique aqui\u00a0<\/a><\/p>\n<p>Retifica\u00e7\u00e3o do edital de Abertura1. <a href=\"https:\/\/wp.ufpel.edu.br\/pave\/files\/2018\/09\/SEI_UFPel-0261066-PROGEP-COODEC-Edital.pdf\">Clique aqui.\u00a0\u00a0<\/a><\/p>\n<p><strong>Classifica\u00e7\u00e3o Geral.<\/strong> <a href=\"https:\/\/wp.ufpel.edu.br\/pave\/files\/2019\/01\/classificapave18.pdf\">Clique aqui.<\/a>\u00a0\u00a0\u00a0<img decoding=\"async\" src=\"http:\/\/www.bestgraph.com\/gifs\/info\/nouveau\/nouveau-01.gif\" \/><\/p>\n<p>List\u00e3o 2018. <a href=\"https:\/\/wp.ufpel.edu.br\/pave\/files\/2019\/01\/aprovados_2018_com_classificacao_e_ingresso_ALFABETICO.pdf\">Clique aqui<\/a>.\u00a0<img decoding=\"async\" src=\"http:\/\/www.bestgraph.com\/gifs\/info\/nouveau\/nouveau-01.gif\" \/><\/p>\n<p>Melhores Colocados 2018. <a href=\"https:\/\/wp.ufpel.edu.br\/pave\/files\/2019\/01\/listagem_5_melhores_2018.pdf\">Clique aqui.\u00a0<\/a><img decoding=\"async\" src=\"http:\/\/www.bestgraph.com\/gifs\/info\/nouveau\/nouveau-01.gif\" \/><\/p>\n<p>Desempenho Reda\u00e7\u00f5es &#8211; <a href=\"https:\/\/wp.ufpel.edu.br\/pave\/files\/2018\/12\/reda\u00e7\u00f5es-pave.pdf\">Clique Aqui\u00a0<\/a><\/p>\n<p>Respostas dos Pedidos de Recursos. <a href=\"https:\/\/wp.ufpel.edu.br\/pave\/files\/2018\/12\/recurSos18pv.pdf\">Clique aqui<\/a>.<\/p>\n<p>Rela\u00e7\u00e3o Candidato\/Vaga &#8211; Geral . <a href=\"https:\/\/wp.ufpel.edu.br\/pave\/files\/2018\/12\/CandVaga2018.pdf\">Clique aqui.\u00a0<\/a><\/p>\n<p>Densidade &#8211; Rela\u00e7\u00e3o por Modalidade de vaga <a href=\"https:\/\/wp.ufpel.edu.br\/pave\/files\/2018\/12\/Densidade2018.pdf\">Clique aqui<\/a>.<\/p>\n<p><span style=\"color: #000000;\">Lista de Candidatos Homologados &#8211; Etapa 1<\/span> <a href=\"https:\/\/wp.ufpel.edu.br\/pave\/files\/2018\/11\/Homologados-PAVE-2018E1.pdf\">Clique aqui.\u00a0<\/a><\/p>\n<p><span style=\"color: #000000;\"><span style=\"background-color: #ffffff;\">Lista de Candidatos Homologados &#8211; Etapa 2<\/span>\u00a0<\/span> <a href=\"https:\/\/wp.ufpel.edu.br\/pave\/files\/2018\/11\/Homologados-PAVE-2018E2.pdf\">Clique aqui.\u00a0<\/a><\/p>\n<p><span style=\"color: #000000;\">Lista de Candidatos Homologados &#8211; Etapa 3<\/span>\u00a0<a href=\"https:\/\/wp.ufpel.edu.br\/pave\/files\/2018\/11\/Homologados-PAVE-2018E3.pdf\">Clique aqui.\u00a0<\/a><\/p>\n<p><span style=\"color: #000000;\">Resultado dos Pedidos\u00a0 &#8211; Sabatistas<\/span> &#8211; <a href=\"https:\/\/wp.ufpel.edu.br\/pave\/files\/2018\/12\/Resultado-dos-pedidos-de-condi\u00e7\u00e3o-religiosa.pdf\">Clique aqui.<\/a><\/p>\n<p><span style=\"color: #000000;\">Pedidos de Atendimento Especial\/Espec\u00edfico<\/span> &#8211; <a href=\"https:\/\/wp.ufpel.edu.br\/pave\/files\/2018\/12\/Resultado-dos-pedidos-de-atendimento-especial.pdf\">Clique aqui<\/a><\/p>\n<p><span style=\"color: #000000;\">Locais de Prova &#8211; Etapa 1<\/span> <a href=\"https:\/\/wp.ufpel.edu.br\/pave\/files\/2018\/11\/Locais-Prova-PAVE-2018-Etapa-1.pdf\">Clique aqui.\u00a0<\/a><\/p>\n<p><span style=\"color: #000000;\">Locais de Prova &#8211; Etapa 2<\/span> <a href=\"https:\/\/wp.ufpel.edu.br\/pave\/files\/2018\/11\/Locais-Prova-PAVE-2018-Etapa-2.pdf\">Clique aqui.\u00a0<\/a><\/p>\n<p><span style=\"color: #000000;\">Locais de Prova &#8211; Etapa 3<\/span> <a href=\"https:\/\/wp.ufpel.edu.br\/pave\/files\/2018\/11\/Locais-Prova-PAVE-2018-Etapa-3.pdf\">Clique aqui.\u00a0<\/a><\/p>\n<p><span style=\"color: #000000;\">Resultado dos Pedidos de Isen\u00e7\u00e3o. <a style=\"color: #000000;\" href=\"https:\/\/wp.ufpel.edu.br\/pave\/files\/2018\/08\/Publica\u00e7\u00e3o-Pedidos-de-Isen\u00e7\u00e3o-PAVE-023_2018-1.pdf\">Clique aqui.\u00a0\u00a0<\/a><\/span><\/p>\n<p><span style=\"color: #000000;\">Pedidos de Participa\u00e7\u00e3o\/Migra\u00e7\u00e3o. <a style=\"color: #000000;\" href=\"https:\/\/wp.ufpel.edu.br\/pave\/files\/2018\/09\/participamigra18.pdf\">Clique aqui.\u00a0\u00a0<\/a><\/span><\/p>\n<p><span style=\"color: #000000;\">Pedidos de Participa\u00e7\u00e3o\/Migra\u00e7\u00e3o &#8211; NOVOS. <a style=\"color: #000000;\" href=\"https:\/\/wp.ufpel.edu.br\/pave\/files\/2018\/10\/participamigra182.pdf\">Clique aqui.<\/a><\/span><\/p>\n<p><span style=\"color: #000000;\">Edital de Isen\u00e7\u00e3o &#8211; PAVE 2018 &#8211; <a style=\"color: #000000;\" href=\"https:\/\/wp.ufpel.edu.br\/pave\/files\/2018\/08\/edital-isentos-pave18.pdf\">Clique aqui<\/a>.<strong> (Atualizado em 02\/08)<\/strong><\/span><\/p>\n<p><span style=\"color: #000000;\"><strong>Comunicado<\/strong> &#8211; Pedidos de Migra\u00e7\u00e3o Esp. IFSUL realizadas em <strong>2017<\/strong>. <a style=\"color: #000000;\" href=\"https:\/\/wp.ufpel.edu.br\/pave\/files\/2018\/08\/Comunicado-PAVE-IFSul18.pdf\">Clique aqui.\u00a0\u00a0<\/a><\/span><\/p>\n","protected":false},"excerpt":{"rendered":"<p>Edital de Abertura &#8211; PAVE 2018 &#8211; Clique aqui\u00a0 Retifica\u00e7\u00e3o do edital de Abertura1. Clique aqui.\u00a0\u00a0 Classifica\u00e7\u00e3o Geral. Clique aqui.\u00a0\u00a0\u00a0 List\u00e3o 2018. Clique aqui.\u00a0 Melhores Colocados 2018. Clique aqui.\u00a0 Desempenho Reda\u00e7\u00f5es &#8211; Clique Aqui\u00a0 Respostas dos Pedidos de Recursos. Clique aqui. Rela\u00e7\u00e3o Candidato\/Vaga &#8211; Geral . Clique aqui.\u00a0 Densidade &#8211; Rela\u00e7\u00e3o por Modalidade de vaga &hellip; <a href=\"https:\/\/wp.ufpel.edu.br\/pave\/pave-2018\/\" class=\"more-link\">Continue lendo <span class=\"screen-reader-text\">PAVE 2018<\/span> <span class=\"meta-nav\">&rarr;<\/span><\/a><\/p>\n","protected":false},"author":341,"featured_media":0,"parent":0,"menu_order":0,"comment_status":"closed","ping_status":"closed","template":"","meta":{"jetpack_post_was_ever_published":false,"footnotes":""},"class_list":["post-2418","page","type-page","status-publish","hentry"],"jetpack_sharing_enabled":true,"jetpack_shortlink":"https:\/\/wp.me\/P6Ziye-D0","_links":{"self":[{"href":"https:\/\/wp.ufpel.edu.br\/pave\/wp-json\/wp\/v2\/pages\/2418","targetHints":{"allow":["GET"]}}],"collection":[{"href":"https:\/\/wp.ufpel.edu.br\/pave\/wp-json\/wp\/v2\/pages"}],"about":[{"href":"https:\/\/wp.ufpel.edu.br\/pave\/wp-json\/wp\/v2\/types\/page"}],"author":[{"embeddable":true,"href":"https:\/\/wp.ufpel.edu.br\/pave\/wp-json\/wp\/v2\/users\/341"}],"replies":[{"embeddable":true,"href":"https:\/\/wp.ufpel.edu.br\/pave\/wp-json\/wp\/v2\/comments?post=2418"}],"version-history":[{"count":2,"href":"https:\/\/wp.ufpel.edu.br\/pave\/wp-json\/wp\/v2\/pages\/2418\/revisions"}],"predecessor-version":[{"id":2421,"href":"https:\/\/wp.ufpel.edu.br\/pave\/wp-json\/wp\/v2\/pages\/2418\/revisions\/2421"}],"wp:attachment":[{"href":"https:\/\/wp.ufpel.edu.br\/pave\/wp-json\/wp\/v2\/media?parent=2418"}],"curies":[{"name":"wp","href":"https:\/\/api.w.org\/{rel}","templated":true}]}}