{"id":228,"date":"2016-02-29T08:45:04","date_gmt":"2016-02-29T11:45:04","guid":{"rendered":"https:\/\/wp.ufpel.edu.br\/pave\/?page_id=228"},"modified":"2026-01-20T17:08:06","modified_gmt":"2026-01-20T20:08:06","slug":"boletins","status":"publish","type":"page","link":"https:\/\/wp.ufpel.edu.br\/pave\/boletins\/","title":{"rendered":""},"content":{"rendered":"<h2>Boletins das provas realizadas PAVE 2025<\/h2>\n<p><a href=\"https:\/\/wp.ufpel.edu.br\/cra\/files\/2026\/01\/Desempenho-Etapa-1-PAVE-2025.pdf\">\u00bb Boletim Etapa 1 (2025-2027)<\/a><br \/>\n\u00bb<a href=\"https:\/\/wp.ufpel.edu.br\/cra\/files\/2026\/01\/Desempenho-Etapa-2-PAVE-2025.pdf\"> Boletim Etapa 2 (2024-2026)<\/a><br \/>\n<a href=\"https:\/\/wp.ufpel.edu.br\/cra\/files\/2026\/01\/Desempenho-Etapa-3-PAVE-2025.pdf\">\u00bb Boletim Etapa 3 (2023-2025)<\/a><\/p>\n<p>\u00bb\u00a0<a href=\"https:\/\/wp.ufpel.edu.br\/cra\/files\/2026\/01\/Boletim-Consolidado-PAVE-XX.pdf\">Boletim Etapa 3 (2023-2025) CONSOLIDADO 3 ETAPAS<\/a><\/p>\n<h2>Boletins das provas realizadas PAVE 2024<\/h2>\n<p><a href=\"http:\/\/ces.ufpel.edu.br\/vestibular\/pave\/boletim_p21e1\/Login.php\">\u00bb Boletim Etapa 1 (2024-2026)<\/a><br \/>\n\u00bb<a href=\"http:\/\/ces.ufpel.edu.br\/vestibular\/pave\/boletim_p20e2\/Login.php\"> Boletim Etapa 2 (2023-2025)<\/a><br \/>\n<a href=\"http:\/\/ces.ufpel.edu.br\/vestibular\/pave\/boletim_p19e3\/Login.php\">\u00bb Boletim Etapa 3 (2022-2024)<\/a><\/p>\n<p>O candidato ter\u00e1 ter acesso ao seu desempenho atrav\u00e9s de consulta \u00e0 p\u00e1gina, utilizando o seu RG e o seu n\u00famero de inscri\u00e7\u00e3o.<\/p>\n<h2>Boletins das provas realizadas PAVE 2023<\/h2>\n<p>\u00bb <a href=\"http:\/\/ces.ufpel.edu.br\/vestibular\/pave\/boletim_p20e1\/Login.php\">Boletim Etapa 1 (2023-2025)<\/a><br \/>\n\u00bb<a href=\"http:\/\/ces.ufpel.edu.br\/vestibular\/pave\/boletim_p19e2\/Login.php\"> Boletim Etapa 2 (2022-2024)<\/a><br \/>\n\u00bb <a href=\"http:\/\/ces.ufpel.edu.br\/vestibular\/pave\/boletim_p18e3\/Login.php\">Boletim Etapa 3 (2021-2023)<\/a><br \/>\n\u00bb\u00a0<a href=\"http:\/\/ces.ufpel.edu.br\/vestibular\/pave\/boletim_p18final\/Login.php\">Boletim Etapa 3 (2021-2023) CONSOLIDADO 3 ETAPAS<\/a><\/p>\n<p>O candidato ter\u00e1 ter acesso ao seu desempenho atrav\u00e9s de consulta \u00e0 p\u00e1gina, utilizando o seu RG e o seu n\u00famero de inscri\u00e7\u00e3o.<\/p>\n<h2>Boletins das provas realizadas PAVE 2022<\/h2>\n<p>\u00bb <a href=\"http:\/\/ces.ufpel.edu.br\/vestibular\/pave\/boletim_p19e1\/Login.php\">Boletim Etapa 1 (2022-2024)<\/a><br \/>\n\u00bb <a href=\"http:\/\/ces.ufpel.edu.br\/vestibular\/pave\/boletim_p18e2\/Login.php\">Boletim Etapa 2 (2021-2023)<\/a><br \/>\n\u00bb <a href=\"http:\/\/ces.ufpel.edu.br\/vestibular\/pave\/boletim_p17e3\/Login.php\">Boletim Etapa 3 (2020-2022)<\/a><br \/>\n<a href=\"http:\/\/ces.ufpel.edu.br\/vestibular\/pave\/boletim_p17final\/Login.php\">\u00bb Boletim Etapa 3 (2020-2022) CONSOLIDADO 3 ETAPAS<\/a><\/p>\n<p>O candidato ter\u00e1 ter acesso ao seu desempenho atrav\u00e9s de consulta \u00e0 p\u00e1gina, utilizando o seu RG e o seu n\u00famero de inscri\u00e7\u00e3o.<\/p>\n<h2>Boletins das provas realizadas PAVE 2021<\/h2>\n<p>\u00bb <a href=\"http:\/\/ces.ufpel.edu.br\/vestibular\/pave\/boletim_p18e1\/Login.php\">Boletim Etapa 1 (2021-2023)<\/a><br \/>\n\u00bb <a href=\"http:\/\/ces.ufpel.edu.br\/vestibular\/pave\/boletim_p17e2\/Login.php\">Boletim Etapa 2 (2020-2022)<\/a><br \/>\n\u00bb <a href=\"http:\/\/ces.ufpel.edu.br\/vestibular\/pave\/boletim_p16e3\/Login.php\">Boletim Etapa 3 (2019-2021)<\/a><br \/>\n\u00bb<a href=\"http:\/\/ces.ufpel.edu.br\/vestibular\/pave\/boletim_p16final\/Login.php\"> Boletim Etapa 3 (2019-2021) CONSOLIDADO 3 ETAPAS<\/a><\/p>\n<h2><\/h2>\n<h2>Boletins das provas realizadas PAVE 2020<\/h2>\n<p><a href=\"http:\/\/ces.ufpel.edu.br\/vestibular\/pave\/boletim_p17e1\/Login.php\">\u00bb Boletim\u00a0 Etapa 1 (2020-2022)<\/a><br \/>\n<a href=\"http:\/\/ces.ufpel.edu.br\/vestibular\/pave\/boletim_p16e2\/Login.php\">\u00bb Boletim\u00a0 Etapa 2 (2019-2021)<\/a><br \/>\n<a href=\"http:\/\/ces.ufpel.edu.br\/vestibular\/pave\/boletim_p15final\/Login.php\">\u00bb Boletim\u00a0 Etapa 3 (2018-2020) CONSOLIDADO 3 ETAPAS<\/a><\/p>\n<p>&nbsp;<\/p>\n<h2>Boletins das provas realizadas em 2019<\/h2>\n<p><a href=\"http:\/\/ces.ufpel.edu.br\/vestibular\/pave\/boletim_p16e1\/Login.php\">\u00bb Boletim 1\u00aa Etapa (2019-2021)<\/a><br \/>\n<a href=\"http:\/\/ces.ufpel.edu.br\/vestibular\/pave\/boletim_p15e2\/Login.php\">\u00bb Boletim 2\u00aa Etapa (2018-2020)<\/a><br \/>\n<a href=\"http:\/\/ces.ufpel.edu.br\/vestibular\/pave\/boletim_p14e3\/Login.php\">\u00bb Boletim 3\u00aa Etapa (2017-2019)<\/a><br \/>\n<a href=\"http:\/\/ces.ufpel.edu.br\/vestibular\/pave\/boletim_p14final\/Login.php\">\u00bb Boletim 3\u00aa Etapa (2017-2019) CONSOLIDADO 3 ETAPAS<\/a><\/p>\n<hr \/>\n<p><strong><span style=\"font-size: 18pt;\">Boletins das provas anteriores<\/span>\u00a0<span style=\"font-size: 8pt;\"><span class=\"collapseomatic \" id=\"id69d5606dbb563\"  tabindex=\"0\" title=\"Ver mais\"    >Ver mais<\/span><span id='swap-id69d5606dbb563'  class='colomat-swap' style='display:none;'>Ver menos<\/span><div id=\"target-id69d5606dbb563\" class=\"collapseomatic_content \"><\/span><\/strong><\/p>\n<p><strong>2018<\/strong><\/p>\n<p><a href=\"http:\/\/ces.ufpel.edu.br\/vestibular\/pave\/boletim_p15e1\/Login.php\">\u00bb Boletim 1\u00aa Etapa (2018-2020)<\/a><br \/>\n<a href=\"http:\/\/ces.ufpel.edu.br\/vestibular\/pave\/boletim_p14e2\/Login.php\">\u00bb Boletim 2\u00aa Etapa (2017-2019)<\/a><br \/>\n<a href=\"http:\/\/ces.ufpel.edu.br\/vestibular\/pave\/boletim_p13e3\/Login.php\">\u00bb Boletim 3\u00aa Etapa (2016-2018)<\/a><br \/>\n<a href=\"http:\/\/ces.ufpel.edu.br\/vestibular\/pave\/boletim_p13final\/Login.php\">\u00bb Boletim 3\u00aa Etapa (2016-2018) CONSOLIDADO 3 ETAPAS\u00a0<\/a><\/p>\n<p><strong>2017<\/strong><\/p>\n<p><a href=\"http:\/\/ces.ufpel.edu.br\/vestibular\/pave\/boletim_p14e1\/Login.php\">\u00bb Boletim 1\u00aa Etapa (2017-2019)<\/a><br \/>\n<a href=\"http:\/\/ces.ufpel.edu.br\/vestibular\/pave\/boletim_p13e2\/Login.php\">\u00bb Boletim 2\u00aa Etapa (2016-2018)<\/a><br \/>\n<a href=\"http:\/\/ces.ufpel.edu.br\/vestibular\/pave\/boletim_p12e3\/Login.php\">\u00bb Boletim 3\u00aa Etapa (2015-2017)<\/a><br \/>\n<a href=\"http:\/\/ces.ufpel.edu.br\/vestibular\/pave\/boletim_p12final\/Login.php\">\u00bb Boletim 3\u00aa Etapa (2015-2017) CONSOLIDADO 3 ETAPAS<\/a><\/p>\n<p><strong>2016<\/strong><\/p>\n<p><a href=\"http:\/\/ces.ufpel.edu.br\/vestibular\/pave\/boletim_p13e1\/Login.php\">\u00bb Boletim 1\u00aa Etapa (2016-2018)<\/a><br \/>\n<a href=\"http:\/\/ces.ufpel.edu.br\/vestibular\/pave\/boletim_p12e2\/Login.php\">\u00bb Boletim 2\u00aa Etapa (2015-2017)<\/a><br \/>\n<a href=\"http:\/\/ces.ufpel.edu.br\/vestibular\/pave\/boletim_p11e3\/Login.php\">\u00bb Boletim 3\u00aa Etapa (2014-2016)<br \/>\n<\/a><a href=\"http:\/\/ces.ufpel.edu.br\/vestibular\/pave\/boletim_p11final\/Login.php\">\u00bb Boletim 3\u00aa Etapa (2014-2016) CONSOLIDADO 3 ETAPAS<\/a><\/p>\n<p><strong>2015<\/strong><\/p>\n<p><a class=\"maior\" href=\"http:\/\/ces.ufpel.edu.br\/vestibular\/pave\/boletim_p12e1\/Login.php\">\u00bb Boletim 1\u00aa Etapa (2015-2017)<\/a><br \/>\n<a class=\"maior\" href=\"http:\/\/ces.ufpel.edu.br\/vestibular\/pave\/boletim_p11e2\/Login.php\">\u00bb Boletim 2\u00aa Etapa (2014-2016)<\/a><br \/>\n<a class=\"maior\" href=\"http:\/\/ces.ufpel.edu.br\/vestibular\/pave\/boletim_p10e3\/Login.php\">\u00bb Boletim 3\u00aa Etapa (2013-2015)<\/a><br \/>\n<a class=\"maior\" href=\"http:\/\/ces.ufpel.edu.br\/vestibular\/pave\/boletim_p10final\/Login.php\">\u00bb Boletim 3\u00aa Etapa (2013-2015) CONSOLIDADO 3 ETAPAS<\/a><\/p>\n<p><strong>2014<\/strong><\/p>\n<p><a class=\"maior\" href=\"http:\/\/ces.ufpel.edu.br\/vestibular\/pave\/boletim_p11e1\/Login.php\">\u00bb Boletim 1\u00aa Etapa (2014-2016)<\/a><br \/>\n<a class=\"maior\" href=\"http:\/\/ces.ufpel.edu.br\/vestibular\/pave\/boletim_p10e2\/Login.php\">\u00bb Boletim 2\u00aa Etapa (2013-2015)<\/a><br \/>\n<a class=\"maior\" href=\"http:\/\/ces.ufpel.edu.br\/vestibular\/pave\/boletim_p9e3\/Login.php\">\u00bb Boletim 3\u00aa Etapa (2012-2014)<\/a><br \/>\n<a class=\"maior\" href=\"http:\/\/ces.ufpel.edu.br\/vestibular\/pave\/boletim_p9final\/Login.php\">\u00bb Boletim 3\u00aa Etapa (2012-2014) CONSOLIDADO 3 ETAPAS<\/a><\/p>\n<p><strong>2013<\/strong><\/p>\n<p><a class=\"maior\" href=\"http:\/\/ces.ufpel.edu.br\/vestibular\/pave\/boletim_p10e1\/Login.php\">\u00bb Boletim 1\u00aa Etapa (2013-2015)<\/a><br \/>\n<a class=\"maior\" href=\"http:\/\/ces.ufpel.edu.br\/vestibular\/pave\/boletim_p9e2\/Login.php\">\u00bb Boletim 2\u00aa Etapa (2012-2014)<\/a><br \/>\n<a class=\"maior\" href=\"http:\/\/ces.ufpel.edu.br\/vestibular\/pave\/boletim_p8e3\/Login.php\">\u00bb Boletim 3\u00aa Etapa (2011-2013)<\/a><br \/>\n<a class=\"maior\" href=\"http:\/\/ces.ufpel.edu.br\/vestibular\/pave\/boletim_p8final\/Login.php\">\u00bb Boletim 3\u00aa Etapa (2011-2013) CONSOLIDADO 3 ETAPAS<\/a><\/p>\n<\/div>\n","protected":false},"excerpt":{"rendered":"<p>Boletins das provas realizadas PAVE 2025 \u00bb Boletim Etapa 1 (2025-2027) \u00bb Boletim Etapa 2 (2024-2026) \u00bb Boletim Etapa 3 (2023-2025) \u00bb\u00a0Boletim Etapa 3 (2023-2025) CONSOLIDADO 3 ETAPAS Boletins das provas realizadas PAVE 2024 \u00bb Boletim Etapa 1 (2024-2026) \u00bb Boletim Etapa 2 (2023-2025) \u00bb Boletim Etapa 3 (2022-2024) O candidato ter\u00e1 ter acesso ao &hellip; <a href=\"https:\/\/wp.ufpel.edu.br\/pave\/boletins\/\" class=\"more-link\">Continue lendo <span class=\"screen-reader-text\"><\/span> <span class=\"meta-nav\">&rarr;<\/span><\/a><\/p>\n","protected":false},"author":532,"featured_media":0,"parent":0,"menu_order":0,"comment_status":"closed","ping_status":"closed","template":"","meta":{"jetpack_post_was_ever_published":false,"footnotes":""},"class_list":["post-228","page","type-page","status-publish","hentry"],"jetpack_sharing_enabled":true,"jetpack_shortlink":"https:\/\/wp.me\/P6Ziye-3G","_links":{"self":[{"href":"https:\/\/wp.ufpel.edu.br\/pave\/wp-json\/wp\/v2\/pages\/228","targetHints":{"allow":["GET"]}}],"collection":[{"href":"https:\/\/wp.ufpel.edu.br\/pave\/wp-json\/wp\/v2\/pages"}],"about":[{"href":"https:\/\/wp.ufpel.edu.br\/pave\/wp-json\/wp\/v2\/types\/page"}],"author":[{"embeddable":true,"href":"https:\/\/wp.ufpel.edu.br\/pave\/wp-json\/wp\/v2\/users\/532"}],"replies":[{"embeddable":true,"href":"https:\/\/wp.ufpel.edu.br\/pave\/wp-json\/wp\/v2\/comments?post=228"}],"version-history":[{"count":3,"href":"https:\/\/wp.ufpel.edu.br\/pave\/wp-json\/wp\/v2\/pages\/228\/revisions"}],"predecessor-version":[{"id":3481,"href":"https:\/\/wp.ufpel.edu.br\/pave\/wp-json\/wp\/v2\/pages\/228\/revisions\/3481"}],"wp:attachment":[{"href":"https:\/\/wp.ufpel.edu.br\/pave\/wp-json\/wp\/v2\/media?parent=228"}],"curies":[{"name":"wp","href":"https:\/\/api.w.org\/{rel}","templated":true}]}}