{"id":2160,"date":"2022-06-07T08:33:05","date_gmt":"2022-06-07T11:33:05","guid":{"rendered":"https:\/\/wp.ufpel.edu.br\/pave\/?page_id=2160"},"modified":"2026-01-30T14:07:13","modified_gmt":"2026-01-30T17:07:13","slug":"edicao-atual","status":"publish","type":"page","link":"https:\/\/wp.ufpel.edu.br\/pave\/","title":{"rendered":"Edi\u00e7\u00e3o Atual"},"content":{"rendered":"<h2><strong>PAVE 2025<\/strong><\/h2>\n<ul>\n<li><a href=\"https:\/\/wp.ufpel.edu.br\/cra\/files\/2025\/07\/Guia-do-PAVE-2025-rev05-2.pdf\">GUIA DO PAVE 2025<\/a><\/li>\n<li><a class=\"mtli_attachment mtli_pdf mtli_attachment mtli_pdf\" href=\"https:\/\/wp.ufpel.edu.br\/cra\/files\/2025\/06\/SEI_3102567_Edital_27.pdf\">Edital de Abertura \u2013 PAVE 2025<\/a><\/li>\n<li><a class=\"mtli_attachment mtli_pdf mtli_attachment mtli_pdf\" href=\"https:\/\/wp.ufpel.edu.br\/cra\/files\/2025\/06\/Quadro-de-vagas-PAVE-2025.pdf\">Anexo I \u2013 Quadro de vagas<\/a><\/li>\n<li><a class=\"mtli_attachment mtli_pdf\" href=\"https:\/\/wp.ufpel.edu.br\/cra\/files\/2025\/06\/Matriz-de-Referencia-PAVE-2025-1.pdf\">Anexo II \u2013 Matriz de refer\u00eancia<\/a><\/li>\n<li>Formul\u00e1rios (Inscri\u00e7\u00e3o, Isen\u00e7\u00e3o, Migra\u00e7\u00e3o\/Participa\u00e7\u00e3o, etc.) \u2013 <a href=\"https:\/\/wp.ufpel.edu.br\/pave\/formularios-pave\/\">Clique aqui<\/a><\/li>\n<li><strong>Resultado Final<\/strong>\u00a0dos pedidos de Migra\u00e7\u00e3o <span style=\"color: #ff0000;\">(25\/09)<\/span>\n<ul>\n<li><a href=\"https:\/\/wp.ufpel.edu.br\/pave\/files\/2025\/09\/LISTA-RESULTADO-PARCIAL-MIGRACAO3-2.pdf\">Aceitos<\/a><\/li>\n<li><a href=\"https:\/\/wp.ufpel.edu.br\/pave\/files\/2025\/09\/LISTA-MIGRACAO-NAO-ACEITOS-PARCIAL3-1.pdf\">N\u00e3o aceitos<\/a><\/li>\n<\/ul>\n<\/li>\n<li><strong>Resultado Final<\/strong>\u00a0dos pedidos de Participa\u00e7\u00e3o <span style=\"color: #ff0000;\">(25\/09)<\/span>\n<ul>\n<li><a href=\"https:\/\/wp.ufpel.edu.br\/pave\/files\/2025\/09\/LISTA-RESULTADO-PARCIAL-PARTICIPACAO3-1.pdf\">Aceitos<\/a><\/li>\n<li><a href=\"https:\/\/wp.ufpel.edu.br\/pave\/files\/2025\/09\/LISTA-NAO-ACEITOS-RESULTADO-PARCIAL-PARTICIPACAO3-1.pdf\">N\u00e3o aceitos<\/a><\/li>\n<\/ul>\n<\/li>\n<li><strong>Resultado Final <\/strong>dos pedidos de isen\u00e7\u00e3o <span style=\"color: #ff0000;\">(16\/09)<\/span>\n<ul>\n<li><span style=\"color: #993300;\"> <a style=\"color: #993300;\" href=\"https:\/\/wp.ufpel.edu.br\/cra\/files\/2025\/09\/Pedidos-de-Isencao-2025-PEDIDOS-ACEITOS.pdf\">Aceitos<\/a><\/span><\/li>\n<li><a href=\"https:\/\/wp.ufpel.edu.br\/cra\/files\/2025\/09\/Pedidos-de-Isencao-2025-NAO-ACEITOS.pdf\"><span style=\"color: #993300;\">N\u00e3o aceitos<\/span><\/a><\/li>\n<\/ul>\n<\/li>\n<li>Resultado dos <strong>Pedidos de Atendimento Especial<\/strong> para a realiza\u00e7\u00e3o da prova\n<ul>\n<li><a class=\"mtli_attachment mtli_pdf\" href=\"https:\/\/wp.ufpel.edu.br\/pave\/files\/2025\/10\/Atendimentos-Especiais-PAVE-2025-Atualizado.pdf\">Atendimentos Especiais &#8211; Ap\u00f3s Recurso\u00a0<\/a><\/li>\n<\/ul>\n<\/li>\n<li>Divulga\u00e7\u00e3o lista final <strong>candidatos homologados PAVE 2025<\/strong> <span style=\"color: #ff0000;\">(23\/10)<\/span>\n<ul>\n<li><a href=\"https:\/\/wp.ufpel.edu.br\/pave\/files\/2025\/12\/Pave2025-2027-POS-RECURSOS-ETAPA-1-1.pdf\">Candidatos homologados \u2013 Etapa 1<\/a><\/li>\n<li><a href=\"https:\/\/wp.ufpel.edu.br\/pave\/files\/2025\/12\/Pave2024-2026-pos-recursos-etapa-2-1-1.pdf\">Candidatos homologados \u2013 Etapa 2<\/a><\/li>\n<li><a href=\"https:\/\/wp.ufpel.edu.br\/pave\/files\/2025\/12\/Pave2023-2025-pos-recursos-2.pdf\">Candidatos homologados \u2013 Etapa 3<\/a><\/li>\n<\/ul>\n<\/li>\n<li><strong>Locais de Prova PAVE 2025<\/strong>\n<ul>\n<li><a href=\"https:\/\/wp.ufpel.edu.br\/pave\/files\/2025\/12\/ENSALAMENTO-PAVE-2025-ETAPA-1-PUBLICAR-4.pdf\">Locais de prova Etapa 1<\/a><\/li>\n<li><a href=\"https:\/\/wp.ufpel.edu.br\/pave\/files\/2025\/12\/ENSALAMENTO-PAVE-2025-ETAPA-2-PUBLICAR-3.pdf\">Locais de prova Etapa 2<\/a><\/li>\n<li><a href=\"https:\/\/wp.ufpel.edu.br\/pave\/files\/2025\/12\/ENSALAMENTO-PAVE-2025-ETAPA-3-PUBLICAR-2.pdf\">Locais de prova Etapa 3<\/a><\/li>\n<li><a href=\"https:\/\/wp.ufpel.edu.br\/pave\/files\/2025\/11\/ENSALAMENTO-PAVE-2025-ATENDIMENTO-ESPECIAL-1.pdf\">Locais de prova Atendimento Especial<\/a><\/li>\n<li><a href=\"https:\/\/wp.ufpel.edu.br\/pave\/files\/2025\/11\/ENDERECOS-PROVAS-pdf-1.pdf\">Endere\u00e7o locais de prova<\/a><\/li>\n<\/ul>\n<\/li>\n<li><a href=\"https:\/\/wp.ufpel.edu.br\/pave\/files\/2025\/12\/Relacao-candidato-vaga-PAVE-2025.pdf\">Rela\u00e7\u00e3o candidato x vaga<\/a><\/li>\n<li>Cadernos de Prova PAVE 2025:\n<ul>\n<li><a href=\"https:\/\/wp.ufpel.edu.br\/cra\/files\/2025\/12\/PAVE-etapa-1.pdf\">Etapa 1<\/a><\/li>\n<li><a href=\"https:\/\/wp.ufpel.edu.br\/cra\/files\/2025\/12\/PAVE-etapa-2.pdf\">Etapa 2<\/a><\/li>\n<li><a href=\"https:\/\/wp.ufpel.edu.br\/cra\/files\/2025\/12\/PAVE-etapa-3.pdf\">Etapa 3<\/a><\/li>\n<\/ul>\n<\/li>\n<li><a class=\"mtli_attachment mtli_pdf\" href=\"https:\/\/wp.ufpel.edu.br\/cra\/files\/2025\/12\/GABARITO-DEFINITIVO-PAVE-2025.pdf\">GABARITO DEFINITIVO PAVE 2025<\/a><\/li>\n<li>Publicado o Boletim consolidado do PAVE 2023-2025, acompanhe em <a href=\"https:\/\/wp.ufpel.edu.br\/pave\/boletins\/\">Boletins<\/a><\/li>\n<li><span style=\"color: #ff0000;\"><strong>Lista de Aprovados por Curso (com classifica\u00e7\u00e3o e tipo de ingresso da aprova\u00e7\u00e3o)<\/strong><\/span>\u00a0\u2013\u00a0<strong><a href=\"https:\/\/wp.ufpel.edu.br\/pave\/files\/2026\/01\/Pave20_ListaoAlfabetico.pdf\">Clique aqui<\/a><\/strong><\/li>\n<li><strong><span style=\"color: #ff0000;\">Classifica\u00e7\u00e3o Geral<\/span>\u00a0<\/strong><\/li>\n<li><a href=\"https:\/\/wp.ufpel.edu.br\/pave\/files\/2026\/01\/Pave20-ResultadoGeral-4-1.pdf\"><strong>Clique aqui<\/strong><\/a><\/li>\n<li>CRONOGRAMA DE MATR\u00cdCULAS: <a href=\"https:\/\/wp.ufpel.edu.br\/matriculaspave\/cronograma\/\">https:\/\/wp.ufpel.edu.br\/matriculaspave\/cronograma\/<\/a><\/li>\n<\/ul>\n","protected":false},"excerpt":{"rendered":"<p>PAVE 2025 GUIA DO PAVE 2025 Edital de Abertura \u2013 PAVE 2025 Anexo I \u2013 Quadro de vagas Anexo II \u2013 Matriz de refer\u00eancia Formul\u00e1rios (Inscri\u00e7\u00e3o, Isen\u00e7\u00e3o, Migra\u00e7\u00e3o\/Participa\u00e7\u00e3o, etc.) \u2013 Clique aqui Resultado Final\u00a0dos pedidos de Migra\u00e7\u00e3o (25\/09) Aceitos N\u00e3o aceitos Resultado Final\u00a0dos pedidos de Participa\u00e7\u00e3o (25\/09) Aceitos N\u00e3o aceitos Resultado Final dos pedidos de &hellip; <a href=\"https:\/\/wp.ufpel.edu.br\/pave\/\" class=\"more-link\">Continue lendo <span class=\"screen-reader-text\">Edi\u00e7\u00e3o Atual<\/span> <span class=\"meta-nav\">&rarr;<\/span><\/a><\/p>\n","protected":false},"author":341,"featured_media":0,"parent":0,"menu_order":0,"comment_status":"closed","ping_status":"closed","template":"","meta":{"jetpack_post_was_ever_published":false,"footnotes":""},"class_list":["post-2160","page","type-page","status-publish","hentry"],"jetpack_sharing_enabled":true,"jetpack_shortlink":"https:\/\/wp.me\/P6Ziye-yQ","_links":{"self":[{"href":"https:\/\/wp.ufpel.edu.br\/pave\/wp-json\/wp\/v2\/pages\/2160","targetHints":{"allow":["GET"]}}],"collection":[{"href":"https:\/\/wp.ufpel.edu.br\/pave\/wp-json\/wp\/v2\/pages"}],"about":[{"href":"https:\/\/wp.ufpel.edu.br\/pave\/wp-json\/wp\/v2\/types\/page"}],"author":[{"embeddable":true,"href":"https:\/\/wp.ufpel.edu.br\/pave\/wp-json\/wp\/v2\/users\/341"}],"replies":[{"embeddable":true,"href":"https:\/\/wp.ufpel.edu.br\/pave\/wp-json\/wp\/v2\/comments?post=2160"}],"version-history":[{"count":5,"href":"https:\/\/wp.ufpel.edu.br\/pave\/wp-json\/wp\/v2\/pages\/2160\/revisions"}],"predecessor-version":[{"id":3492,"href":"https:\/\/wp.ufpel.edu.br\/pave\/wp-json\/wp\/v2\/pages\/2160\/revisions\/3492"}],"wp:attachment":[{"href":"https:\/\/wp.ufpel.edu.br\/pave\/wp-json\/wp\/v2\/media?parent=2160"}],"curies":[{"name":"wp","href":"https:\/\/api.w.org\/{rel}","templated":true}]}}