{"id":1887,"date":"2021-12-13T15:05:04","date_gmt":"2021-12-13T18:05:04","guid":{"rendered":"https:\/\/wp.ufpel.edu.br\/pave\/?page_id=1887"},"modified":"2022-07-11T16:51:34","modified_gmt":"2022-07-11T19:51:34","slug":"edicao-2021","status":"publish","type":"page","link":"https:\/\/wp.ufpel.edu.br\/pave\/edicao-2021\/","title":{"rendered":"EDI\u00c7\u00c3O2021"},"content":{"rendered":"<h2>PAVE 2021<\/h2>\n<p><strong>GUIA DO PAVE 2021<\/strong> &#8211; <a href=\"https:\/\/wp.ufpel.edu.br\/pave\/files\/2022\/05\/GUIAPAVE.pdf\">Clique aqui<\/a><\/p>\n<p>Edital de Abertura PAVE 2021 &#8211; <a href=\"https:\/\/wp.ufpel.edu.br\/pave\/files\/2021\/12\/Edital-PAVE-2021.pdf\">Clique aqui<\/a><\/p>\n<p>Retifica\u00e7\u00e3o do Edital PAVE 2021 &#8211; <a href=\"https:\/\/wp.ufpel.edu.br\/pave\/files\/2022\/02\/Retificacao-Edital-PAVE-2021.pdf\">Clique aqui<\/a><\/p>\n<p>ANEXO I &#8211; Quadro de vagas &#8211; <a href=\"https:\/\/wp.ufpel.edu.br\/pave\/files\/2022\/01\/Quadro-de-VAGAS-PAVE2021.pdf\">Clique aqui<\/a><\/p>\n<p>ANEXO II &#8211; Matriz de Refer\u00eancia &#8211; <a href=\"https:\/\/wp.ufpel.edu.br\/pave\/files\/2021\/12\/MATRIZ-DE-REFERENCIA-PAVE2021.pdf\">Clique aqui<\/a><\/p>\n<p>ANEXO III &#8211; N\u00famero de quest\u00f5es por Etapa &#8211; <a href=\"https:\/\/wp.ufpel.edu.br\/pave\/files\/2022\/03\/questoes-PAVE-2021.pdf\">Clique aqui<\/a><\/p>\n<p>Resultado Final dos Pedidos de MIGRA\u00c7\u00c3O &#8211; <a href=\"https:\/\/wp.ufpel.edu.br\/pave\/files\/2022\/01\/Resultado_Pedidos-de-MIGRACAO-PAVE-2021.pdf\">Clique aqui<\/a><\/p>\n<p>Resultado Final dos Pedidos de PARTICIPA\u00c7\u00c3O &#8211;<a href=\"https:\/\/wp.ufpel.edu.br\/pave\/files\/2022\/01\/Resultado_Pedidos-de-PARTICIPACAO-PAVE-2021.pdf\"> Clique aqui<\/a><\/p>\n<p>Resultado Final dos Pedidos de Isen\u00e7\u00e3o DEFERIDOS &#8211; <a href=\"https:\/\/wp.ufpel.edu.br\/pave\/files\/2022\/02\/Resultado-pedidos-de-Isencao-Deferidos-no-PAVE2021.pdf\">Clique aqui<\/a><\/p>\n<p>Resultado Final dos Pedidos de Isen\u00e7\u00e3o INDEFERIDOS &#8211; <a href=\"https:\/\/wp.ufpel.edu.br\/pave\/files\/2022\/02\/Resultado-Pedidos-de-Isencao-Indeferidos-PAVE-2021.pdf\">Clique aqui<\/a><\/p>\n<p>Inscri\u00e7\u00f5es encerradas em 08\/03\/2022<\/p>\n<p>Protocolo Sanit\u00e1rio PAVE 2021 &#8211; <a href=\"https:\/\/wp.ufpel.edu.br\/pave\/files\/2022\/03\/protocolo-sanitario-PAVE2021-retificado.pdf\">Clique aqui<\/a><\/p>\n<p>Resultado Final pedidos de Atendimento Especial &#8211; <a href=\"https:\/\/wp.ufpel.edu.br\/pave\/files\/2022\/03\/Atendimentos-especiaispave-2021.pdf\">Clique aqui<\/a><\/p>\n<p>Resultado Final Candidatos Homologados Etapa 1 &#8211; <a href=\"https:\/\/wp.ufpel.edu.br\/pave\/files\/2022\/03\/Homologados-Etapa-1-PAVE-2021.pdf\">Clique aqui<\/a><\/p>\n<p>Resultado Final Candidatos Homologados Etapa 2 &#8211; <a href=\"https:\/\/wp.ufpel.edu.br\/pave\/files\/2022\/03\/Homologados-Etapa-2-PAVE-2021.pdf\">Clique aqui<\/a><\/p>\n<p>Resultado Final Candidatos Homologados Etapa 3 &#8211;<a href=\"https:\/\/wp.ufpel.edu.br\/pave\/files\/2022\/03\/Homologados-Etapa-3-PAVE-2021.pdf\"> Clique aqui<\/a><\/p>\n<p>Publica\u00e7\u00e3o dos locais de prova Etapa 1 &#8211; <a href=\"https:\/\/wp.ufpel.edu.br\/pave\/files\/2022\/04\/EnsalamentoPAVE2021-ETAPA-1.pdf\">Clique aqui<\/a><\/p>\n<p>Publica\u00e7\u00e3o dos locais de prova Etapa 2 &#8211; <a href=\"https:\/\/wp.ufpel.edu.br\/pave\/files\/2022\/04\/Ensalamento-PAVE-2021-ETAPA2.pdf\">Clique aqui<\/a><\/p>\n<p>Publica\u00e7\u00e3o dos locais de prova Etapa 3 &#8211; <a href=\"https:\/\/wp.ufpel.edu.br\/pave\/files\/2022\/04\/Ensalamento-PAVE-2021-ETAPA-3.pdf\">Clique aqui<\/a><\/p>\n<p>Endere\u00e7os dos locais de prova<strong> &#8211; <\/strong><a href=\"https:\/\/wp.ufpel.edu.br\/pave\/files\/2022\/04\/ENDERECOS-DOS-LOCAIS-DE-PROVA-PAVE-2021-1.pdf\">Clique aqui<\/a><\/p>\n<p>Caderno de prova Etapa 1 &#8211; <a href=\"https:\/\/wp.ufpel.edu.br\/pave\/files\/2022\/04\/Prova_Pave_2021_Etapa1.pdf\">Clique aqui<\/a><\/p>\n<p>Caderno de prova Etapa 2 &#8211; <a href=\"https:\/\/wp.ufpel.edu.br\/pave\/files\/2022\/04\/Prova_Pave_2021_Etapa2.pdf\">Clique aqui<\/a><\/p>\n<p>Caderno de prova Etapa 3 &#8211; <a href=\"https:\/\/wp.ufpel.edu.br\/pave\/files\/2022\/04\/Prova_Pave_2021_Etapa3.pdf\">Clique aqui<\/a><\/p>\n<p>Gabarito definitivo Etapa 1 &#8211; <a href=\"https:\/\/wp.ufpel.edu.br\/pave\/files\/2022\/04\/GABARITO_ETAPA_1-1.pdf\">Clique aqui<\/a><\/p>\n<p>Gabarito definitivo Etapa 2 &#8211; <a href=\"https:\/\/wp.ufpel.edu.br\/pave\/files\/2022\/04\/GABARITO_ETAPA_2-1.pdf\">Clique aqui<\/a><\/p>\n<p>Gabarito definitivo Etapa 3 \u00a0<strong>&#8211;<\/strong> <a href=\"https:\/\/wp.ufpel.edu.br\/pave\/files\/2022\/04\/GABARITO_ETAPA_3___retificado_26_04.pdf\">Clique aqui<\/a>*retificado em 26\/04<\/p>\n<p>Rela\u00e7\u00e3o candidato x vaga &#8211; <a href=\"https:\/\/wp.ufpel.edu.br\/pave\/files\/2022\/04\/PAVE16E3_Densidade.pdf\">Clique aqui<\/a><\/p>\n<p>C\u00e1lculo da nota\u00a0 &#8211; <a href=\"https:\/\/wp.ufpel.edu.br\/pave\/files\/2022\/04\/Como-calcular-as-notas-do-PAVE-2021.pdf\">Clique aqui<\/a><\/p>\n<p><strong>Lista de Aprovados por Curso (com classifica\u00e7\u00e3o e tipo de ingresso da aprova\u00e7\u00e3o)<\/strong> &#8211; <a href=\"https:\/\/wp.ufpel.edu.br\/pave\/files\/2022\/05\/Aprovados_classificacao.pdf\">Clique Aqui<\/a><\/p>\n<p>Classifica\u00e7\u00e3o Geral &#8211; <a href=\"https:\/\/wp.ufpel.edu.br\/pave\/files\/2022\/05\/classificacao-geral-PAVE-2021.pdf\">Clique aqui<\/a><\/p>\n","protected":false},"excerpt":{"rendered":"<p>PAVE 2021 GUIA DO PAVE 2021 &#8211; Clique aqui Edital de Abertura PAVE 2021 &#8211; Clique aqui Retifica\u00e7\u00e3o do Edital PAVE 2021 &#8211; Clique aqui ANEXO I &#8211; Quadro de vagas &#8211; Clique aqui ANEXO II &#8211; Matriz de Refer\u00eancia &#8211; Clique aqui ANEXO III &#8211; N\u00famero de quest\u00f5es por Etapa &#8211; Clique aqui Resultado &hellip; <a href=\"https:\/\/wp.ufpel.edu.br\/pave\/edicao-2021\/\" class=\"more-link\">Continue lendo <span class=\"screen-reader-text\">EDI\u00c7\u00c3O2021<\/span> <span class=\"meta-nav\">&rarr;<\/span><\/a><\/p>\n","protected":false},"author":341,"featured_media":0,"parent":0,"menu_order":0,"comment_status":"closed","ping_status":"closed","template":"","meta":{"jetpack_post_was_ever_published":false,"footnotes":""},"class_list":["post-1887","page","type-page","status-publish","hentry"],"jetpack_sharing_enabled":true,"jetpack_shortlink":"https:\/\/wp.me\/P6Ziye-ur","_links":{"self":[{"href":"https:\/\/wp.ufpel.edu.br\/pave\/wp-json\/wp\/v2\/pages\/1887","targetHints":{"allow":["GET"]}}],"collection":[{"href":"https:\/\/wp.ufpel.edu.br\/pave\/wp-json\/wp\/v2\/pages"}],"about":[{"href":"https:\/\/wp.ufpel.edu.br\/pave\/wp-json\/wp\/v2\/types\/page"}],"author":[{"embeddable":true,"href":"https:\/\/wp.ufpel.edu.br\/pave\/wp-json\/wp\/v2\/users\/341"}],"replies":[{"embeddable":true,"href":"https:\/\/wp.ufpel.edu.br\/pave\/wp-json\/wp\/v2\/comments?post=1887"}],"version-history":[{"count":49,"href":"https:\/\/wp.ufpel.edu.br\/pave\/wp-json\/wp\/v2\/pages\/1887\/revisions"}],"predecessor-version":[{"id":2236,"href":"https:\/\/wp.ufpel.edu.br\/pave\/wp-json\/wp\/v2\/pages\/1887\/revisions\/2236"}],"wp:attachment":[{"href":"https:\/\/wp.ufpel.edu.br\/pave\/wp-json\/wp\/v2\/media?parent=1887"}],"curies":[{"name":"wp","href":"https:\/\/api.w.org\/{rel}","templated":true}]}}