{"id":1501,"date":"2021-02-22T20:29:22","date_gmt":"2021-02-22T23:29:22","guid":{"rendered":"https:\/\/wp.ufpel.edu.br\/pave\/?page_id=1501"},"modified":"2025-07-02T15:39:52","modified_gmt":"2025-07-02T18:39:52","slug":"formularios-pave","status":"publish","type":"page","link":"https:\/\/wp.ufpel.edu.br\/pave\/formularios-pave\/","title":{"rendered":"Formul\u00e1rios PAVE 2025"},"content":{"rendered":"<p><a href=\"http:\/\/ces.ufpel.edu.br\/vestibular\/pave\/index-inscricao.php\">Inscri\u00e7\u00e3o (01\/07 a 06\/10)<\/a><\/p>\n<p><a href=\"https:\/\/forms.gle\/zfb3QEse25BaaTXv5\">Formul\u00e1rio Question\u00e1rio Socioecon\u00f4mico 2025<\/a><\/p>\n<p><a href=\"https:\/\/forms.gle\/6etz5oe4gn3x38uQ7\">Formul\u00e1rio de Pedidos de Isen\u00e7\u00e3o ((01\/07 a 31\/08)<\/a><\/p>\n<p><a href=\"https:\/\/forms.gle\/Tc1udNDBEmzvpuCF7\">Formul\u00e1rio de pedido de Migra\u00e7\u00e3o (01\/07 a 15\/09)<\/a><\/p>\n<p><a href=\"https:\/\/forms.gle\/iNM7cCtVTp2zu6QZ6\">Formul\u00e1rio de pedido de Participa\u00e7\u00e3o (01\/07 a 15\/09)<\/a><\/p>\n<p><a href=\"https:\/\/forms.gle\/CFYpcMvMbp37Eg4GA\">Formul\u00e1rio de pedido de Atendimento Especial (01\/07 a 06\/10)<\/a><\/p>\n<p><a href=\"https:\/\/forms.gle\/tshrDciyyxY1qmyz7\">Formul\u00e1rio para recurso ao gabarito preliminar<\/a><\/p>\n","protected":false},"excerpt":{"rendered":"<p>Inscri\u00e7\u00e3o (01\/07 a 06\/10) Formul\u00e1rio Question\u00e1rio Socioecon\u00f4mico 2025 Formul\u00e1rio de Pedidos de Isen\u00e7\u00e3o ((01\/07 a 31\/08) Formul\u00e1rio de pedido de Migra\u00e7\u00e3o (01\/07 a 15\/09) Formul\u00e1rio de pedido de Participa\u00e7\u00e3o (01\/07 a 15\/09) Formul\u00e1rio de pedido de Atendimento Especial (01\/07 a 06\/10) Formul\u00e1rio para recurso ao gabarito preliminar<\/p>\n","protected":false},"author":341,"featured_media":0,"parent":0,"menu_order":0,"comment_status":"closed","ping_status":"closed","template":"","meta":{"jetpack_post_was_ever_published":false,"footnotes":""},"class_list":["post-1501","page","type-page","status-publish","hentry"],"jetpack_sharing_enabled":true,"jetpack_shortlink":"https:\/\/wp.me\/P6Ziye-od","_links":{"self":[{"href":"https:\/\/wp.ufpel.edu.br\/pave\/wp-json\/wp\/v2\/pages\/1501","targetHints":{"allow":["GET"]}}],"collection":[{"href":"https:\/\/wp.ufpel.edu.br\/pave\/wp-json\/wp\/v2\/pages"}],"about":[{"href":"https:\/\/wp.ufpel.edu.br\/pave\/wp-json\/wp\/v2\/types\/page"}],"author":[{"embeddable":true,"href":"https:\/\/wp.ufpel.edu.br\/pave\/wp-json\/wp\/v2\/users\/341"}],"replies":[{"embeddable":true,"href":"https:\/\/wp.ufpel.edu.br\/pave\/wp-json\/wp\/v2\/comments?post=1501"}],"version-history":[{"count":49,"href":"https:\/\/wp.ufpel.edu.br\/pave\/wp-json\/wp\/v2\/pages\/1501\/revisions"}],"predecessor-version":[{"id":3258,"href":"https:\/\/wp.ufpel.edu.br\/pave\/wp-json\/wp\/v2\/pages\/1501\/revisions\/3258"}],"wp:attachment":[{"href":"https:\/\/wp.ufpel.edu.br\/pave\/wp-json\/wp\/v2\/media?parent=1501"}],"curies":[{"name":"wp","href":"https:\/\/api.w.org\/{rel}","templated":true}]}}