{"id":96,"date":"2020-08-28T21:18:25","date_gmt":"2020-08-29T00:18:25","guid":{"rendered":"https:\/\/wp.ufpel.edu.br\/patrimonioindustrial\/?page_id=96"},"modified":"2020-10-05T11:17:30","modified_gmt":"2020-10-05T14:17:30","slug":"galeria","status":"publish","type":"page","link":"https:\/\/wp.ufpel.edu.br\/patrimonioindustrial\/galeria\/","title":{"rendered":"Galeria"},"content":{"rendered":"<p><strong>Paisagem industrial de Pelotas<\/strong><\/p>\n<figure id=\"attachment_296\" aria-describedby=\"caption-attachment-296\" style=\"width: 400px\" class=\"wp-caption alignnone\"><img loading=\"lazy\" decoding=\"async\" class=\"wp-image-296 size-medium\" src=\"https:\/\/wp.ufpel.edu.br\/patrimonioindustrial\/files\/2020\/09\/000-400x300.jpg\" alt=\"\" width=\"400\" height=\"300\" srcset=\"https:\/\/wp.ufpel.edu.br\/patrimonioindustrial\/files\/2020\/09\/000-400x300.jpg 400w, https:\/\/wp.ufpel.edu.br\/patrimonioindustrial\/files\/2020\/09\/000.jpg 640w\" sizes=\"auto, (max-width: 400px) 100vw, 400px\" \/><figcaption id=\"caption-attachment-296\" class=\"wp-caption-text\">Fonte: Vista do porto de Pelotas. K\u00e1tia Helena Rodrigues Dias. Pr\u00f3-Reitoria de Gest\u00e3o da Informa\u00e7\u00e3o e Comunica\u00e7\u00e3o: Coordena\u00e7\u00e3o de Comunica\u00e7\u00e3o Social\/UFPel. 2019.<\/figcaption><\/figure>\n<figure id=\"attachment_294\" aria-describedby=\"caption-attachment-294\" style=\"width: 400px\" class=\"wp-caption alignnone\"><img loading=\"lazy\" decoding=\"async\" class=\"wp-image-294 size-medium\" src=\"https:\/\/wp.ufpel.edu.br\/patrimonioindustrial\/files\/2020\/09\/0000-2-flickr-fotos-antigas-pelotas-400x118.jpg\" alt=\"\" width=\"400\" height=\"118\" srcset=\"https:\/\/wp.ufpel.edu.br\/patrimonioindustrial\/files\/2020\/09\/0000-2-flickr-fotos-antigas-pelotas-400x118.jpg 400w, https:\/\/wp.ufpel.edu.br\/patrimonioindustrial\/files\/2020\/09\/0000-2-flickr-fotos-antigas-pelotas-768x227.jpg 768w, https:\/\/wp.ufpel.edu.br\/patrimonioindustrial\/files\/2020\/09\/0000-2-flickr-fotos-antigas-pelotas-600x177.jpg 600w, https:\/\/wp.ufpel.edu.br\/patrimonioindustrial\/files\/2020\/09\/0000-2-flickr-fotos-antigas-pelotas.jpg 800w\" sizes=\"auto, (max-width: 400px) 100vw, 400px\" \/><figcaption id=\"caption-attachment-294\" class=\"wp-caption-text\">Fonte: vista do porto de Pelotas. Andr\u00e9 Prati, site Fotos antigas RS.<\/figcaption><\/figure>\n<figure id=\"attachment_295\" aria-describedby=\"caption-attachment-295\" style=\"width: 400px\" class=\"wp-caption alignnone\"><img loading=\"lazy\" decoding=\"async\" class=\"wp-image-295 size-medium\" src=\"https:\/\/wp.ufpel.edu.br\/patrimonioindustrial\/files\/2020\/09\/0-400x300.jpg\" alt=\"\" width=\"400\" height=\"300\" srcset=\"https:\/\/wp.ufpel.edu.br\/patrimonioindustrial\/files\/2020\/09\/0-400x300.jpg 400w, https:\/\/wp.ufpel.edu.br\/patrimonioindustrial\/files\/2020\/09\/0.jpg 640w\" sizes=\"auto, (max-width: 400px) 100vw, 400px\" \/><figcaption id=\"caption-attachment-295\" class=\"wp-caption-text\">Fonte: Anglo. K\u00e1tia Helena Rodriogues Dias. Pr\u00f3-Reitoria de Gest\u00e3o da Informa\u00e7\u00e3o e Comunica\u00e7\u00e3o: Coordena\u00e7\u00e3o de Comunica\u00e7\u00e3o Social\/UFPel. 2019.<\/figcaption><\/figure>\n<figure id=\"attachment_346\" aria-describedby=\"caption-attachment-346\" style=\"width: 400px\" class=\"wp-caption alignnone\"><img loading=\"lazy\" decoding=\"async\" class=\"wp-image-346 size-medium\" src=\"https:\/\/wp.ufpel.edu.br\/patrimonioindustrial\/files\/2020\/10\/F.-E-TECIDOS-2-400x286.jpg\" alt=\"\" width=\"400\" height=\"286\" srcset=\"https:\/\/wp.ufpel.edu.br\/patrimonioindustrial\/files\/2020\/10\/F.-E-TECIDOS-2-400x286.jpg 400w, https:\/\/wp.ufpel.edu.br\/patrimonioindustrial\/files\/2020\/10\/F.-E-TECIDOS-2-1024x732.jpg 1024w, https:\/\/wp.ufpel.edu.br\/patrimonioindustrial\/files\/2020\/10\/F.-E-TECIDOS-2-768x549.jpg 768w, https:\/\/wp.ufpel.edu.br\/patrimonioindustrial\/files\/2020\/10\/F.-E-TECIDOS-2-420x300.jpg 420w, https:\/\/wp.ufpel.edu.br\/patrimonioindustrial\/files\/2020\/10\/F.-E-TECIDOS-2.jpg 1423w\" sizes=\"auto, (max-width: 400px) 100vw, 400px\" \/><figcaption id=\"caption-attachment-346\" class=\"wp-caption-text\">Fonte: Almanaque de Pelotas \u2013 1916. Frontisp\u00edcio da f\u00e1brica Fia\u00e7\u00e3o e Tecidos Pelotenses. Almanaque de Pelotas, 1916.<\/figcaption><\/figure>\n<p>&nbsp;<\/p>\n","protected":false},"excerpt":{"rendered":"<p>Paisagem industrial de Pelotas &nbsp;<\/p>\n","protected":false},"author":1067,"featured_media":0,"parent":0,"menu_order":4,"comment_status":"closed","ping_status":"closed","template":"","meta":{"footnotes":""},"class_list":["post-96","page","type-page","status-publish","hentry"],"_links":{"self":[{"href":"https:\/\/wp.ufpel.edu.br\/patrimonioindustrial\/wp-json\/wp\/v2\/pages\/96","targetHints":{"allow":["GET"]}}],"collection":[{"href":"https:\/\/wp.ufpel.edu.br\/patrimonioindustrial\/wp-json\/wp\/v2\/pages"}],"about":[{"href":"https:\/\/wp.ufpel.edu.br\/patrimonioindustrial\/wp-json\/wp\/v2\/types\/page"}],"author":[{"embeddable":true,"href":"https:\/\/wp.ufpel.edu.br\/patrimonioindustrial\/wp-json\/wp\/v2\/users\/1067"}],"replies":[{"embeddable":true,"href":"https:\/\/wp.ufpel.edu.br\/patrimonioindustrial\/wp-json\/wp\/v2\/comments?post=96"}],"version-history":[{"count":7,"href":"https:\/\/wp.ufpel.edu.br\/patrimonioindustrial\/wp-json\/wp\/v2\/pages\/96\/revisions"}],"predecessor-version":[{"id":348,"href":"https:\/\/wp.ufpel.edu.br\/patrimonioindustrial\/wp-json\/wp\/v2\/pages\/96\/revisions\/348"}],"wp:attachment":[{"href":"https:\/\/wp.ufpel.edu.br\/patrimonioindustrial\/wp-json\/wp\/v2\/media?parent=96"}],"curies":[{"name":"wp","href":"https:\/\/api.w.org\/{rel}","templated":true}]}}