{"id":676,"date":"2022-06-30T19:52:24","date_gmt":"2022-06-30T22:52:24","guid":{"rendered":"https:\/\/wp.ufpel.edu.br\/patrimonioindustrial\/?page_id=676"},"modified":"2022-06-30T20:02:35","modified_gmt":"2022-06-30T23:02:35","slug":"predios-que-contam-historias","status":"publish","type":"page","link":"https:\/\/wp.ufpel.edu.br\/patrimonioindustrial\/postagens\/predios-que-contam-historias\/","title":{"rendered":"Pr\u00e9dios que contam hist\u00f3rias"},"content":{"rendered":"<blockquote class=\"wp-embedded-content\" data-secret=\"Au0MwrE8xE\"><p><a href=\"https:\/\/wp.ufpel.edu.br\/patrimonioindustrial\/2022\/06\/14\/predios-que-contam-historias\/\">Pr\u00e9dios que contam hist\u00f3rias<\/a><\/p><\/blockquote>\n<p><iframe loading=\"lazy\" class=\"wp-embedded-content\" sandbox=\"allow-scripts\" security=\"restricted\" style=\"position: absolute; clip: rect(1px, 1px, 1px, 1px);\" title=\"&#8220;Pr\u00e9dios que contam hist\u00f3rias&#8221; &#8212; Hist\u00f3ria, mem\u00f3ria e patrim\u00f4nio industrial de Pelotas\" src=\"https:\/\/wp.ufpel.edu.br\/patrimonioindustrial\/2022\/06\/14\/predios-que-contam-historias\/embed\/#?secret=DY5Vk5CgSn#?secret=Au0MwrE8xE\" data-secret=\"Au0MwrE8xE\" width=\"600\" height=\"338\" frameborder=\"0\" marginwidth=\"0\" marginheight=\"0\" scrolling=\"no\"><\/iframe><\/p>\n","protected":false},"excerpt":{"rendered":"<p>Pr\u00e9dios que contam hist\u00f3rias<\/p>\n","protected":false},"author":1067,"featured_media":0,"parent":511,"menu_order":0,"comment_status":"closed","ping_status":"closed","template":"","meta":{"footnotes":""},"class_list":["post-676","page","type-page","status-publish","hentry"],"_links":{"self":[{"href":"https:\/\/wp.ufpel.edu.br\/patrimonioindustrial\/wp-json\/wp\/v2\/pages\/676","targetHints":{"allow":["GET"]}}],"collection":[{"href":"https:\/\/wp.ufpel.edu.br\/patrimonioindustrial\/wp-json\/wp\/v2\/pages"}],"about":[{"href":"https:\/\/wp.ufpel.edu.br\/patrimonioindustrial\/wp-json\/wp\/v2\/types\/page"}],"author":[{"embeddable":true,"href":"https:\/\/wp.ufpel.edu.br\/patrimonioindustrial\/wp-json\/wp\/v2\/users\/1067"}],"replies":[{"embeddable":true,"href":"https:\/\/wp.ufpel.edu.br\/patrimonioindustrial\/wp-json\/wp\/v2\/comments?post=676"}],"version-history":[{"count":1,"href":"https:\/\/wp.ufpel.edu.br\/patrimonioindustrial\/wp-json\/wp\/v2\/pages\/676\/revisions"}],"predecessor-version":[{"id":678,"href":"https:\/\/wp.ufpel.edu.br\/patrimonioindustrial\/wp-json\/wp\/v2\/pages\/676\/revisions\/678"}],"up":[{"embeddable":true,"href":"https:\/\/wp.ufpel.edu.br\/patrimonioindustrial\/wp-json\/wp\/v2\/pages\/511"}],"wp:attachment":[{"href":"https:\/\/wp.ufpel.edu.br\/patrimonioindustrial\/wp-json\/wp\/v2\/media?parent=676"}],"curies":[{"name":"wp","href":"https:\/\/api.w.org\/{rel}","templated":true}]}}