{"id":673,"date":"2022-06-30T19:50:39","date_gmt":"2022-06-30T22:50:39","guid":{"rendered":"https:\/\/wp.ufpel.edu.br\/patrimonioindustrial\/?page_id=673"},"modified":"2022-10-07T17:35:47","modified_gmt":"2022-10-07T20:35:47","slug":"entrevistas","status":"publish","type":"page","link":"https:\/\/wp.ufpel.edu.br\/patrimonioindustrial\/postagens\/entrevistas\/","title":{"rendered":"Entrevistas"},"content":{"rendered":"<blockquote class=\"wp-embedded-content\" data-secret=\"Fx7gWv2i0o\"><p><a href=\"https:\/\/wp.ufpel.edu.br\/patrimonioindustrial\/2022\/10\/07\/entrevistas-silvio-cavalheiro\/\">Entrevistas &#8211; Silvio Cavalheiro<\/a><\/p><\/blockquote>\n<p><iframe loading=\"lazy\" class=\"wp-embedded-content\" sandbox=\"allow-scripts\" security=\"restricted\" style=\"position: absolute; clip: rect(1px, 1px, 1px, 1px);\" title=\"&#8220;Entrevistas &#8211; Silvio Cavalheiro&#8221; &#8212; Hist\u00f3ria, mem\u00f3ria e patrim\u00f4nio industrial de Pelotas\" src=\"https:\/\/wp.ufpel.edu.br\/patrimonioindustrial\/2022\/10\/07\/entrevistas-silvio-cavalheiro\/embed\/#?secret=vQvqA05cyg#?secret=Fx7gWv2i0o\" data-secret=\"Fx7gWv2i0o\" width=\"600\" height=\"338\" frameborder=\"0\" marginwidth=\"0\" marginheight=\"0\" scrolling=\"no\"><\/iframe><\/p>\n<blockquote class=\"wp-embedded-content\" data-secret=\"vDv5UCKLKU\"><p><a href=\"https:\/\/wp.ufpel.edu.br\/patrimonioindustrial\/2022\/10\/07\/entrevistas-antonio-carlos\/\">Entrevistas &#8211; Ant\u00f4nio Carlos<\/a><\/p><\/blockquote>\n<p><iframe loading=\"lazy\" class=\"wp-embedded-content\" sandbox=\"allow-scripts\" security=\"restricted\" style=\"position: absolute; clip: rect(1px, 1px, 1px, 1px);\" title=\"&#8220;Entrevistas &#8211; Ant\u00f4nio Carlos&#8221; &#8212; Hist\u00f3ria, mem\u00f3ria e patrim\u00f4nio industrial de Pelotas\" src=\"https:\/\/wp.ufpel.edu.br\/patrimonioindustrial\/2022\/10\/07\/entrevistas-antonio-carlos\/embed\/#?secret=Sta0Cf4SB5#?secret=vDv5UCKLKU\" data-secret=\"vDv5UCKLKU\" width=\"600\" height=\"338\" frameborder=\"0\" marginwidth=\"0\" marginheight=\"0\" scrolling=\"no\"><\/iframe><\/p>\n<blockquote class=\"wp-embedded-content\" data-secret=\"Lx1biQ9rkw\"><p><a href=\"https:\/\/wp.ufpel.edu.br\/patrimonioindustrial\/2022\/10\/07\/narrativas-de-moradores-e-trabalhadores\/\">Narrativas de moradores e trabalhadores<\/a><\/p><\/blockquote>\n<p><iframe loading=\"lazy\" class=\"wp-embedded-content\" sandbox=\"allow-scripts\" security=\"restricted\" style=\"position: absolute; clip: rect(1px, 1px, 1px, 1px);\" title=\"&#8220;Narrativas de moradores e trabalhadores&#8221; &#8212; Hist\u00f3ria, mem\u00f3ria e patrim\u00f4nio industrial de Pelotas\" src=\"https:\/\/wp.ufpel.edu.br\/patrimonioindustrial\/2022\/10\/07\/narrativas-de-moradores-e-trabalhadores\/embed\/#?secret=NjORQDkh6M#?secret=Lx1biQ9rkw\" data-secret=\"Lx1biQ9rkw\" width=\"600\" height=\"338\" frameborder=\"0\" marginwidth=\"0\" marginheight=\"0\" scrolling=\"no\"><\/iframe><\/p>\n<blockquote class=\"wp-embedded-content\" data-secret=\"lzJ7s9N4xv\"><p><a href=\"https:\/\/wp.ufpel.edu.br\/patrimonioindustrial\/2022\/06\/30\/entrevistas-elida\/\">Entrevistas &#8211; Dona \u00c9lida<\/a><\/p><\/blockquote>\n<p><iframe loading=\"lazy\" class=\"wp-embedded-content\" sandbox=\"allow-scripts\" security=\"restricted\" style=\"position: absolute; clip: rect(1px, 1px, 1px, 1px);\" title=\"&#8220;Entrevistas &#8211; Dona \u00c9lida&#8221; &#8212; Hist\u00f3ria, mem\u00f3ria e patrim\u00f4nio industrial de Pelotas\" src=\"https:\/\/wp.ufpel.edu.br\/patrimonioindustrial\/2022\/06\/30\/entrevistas-elida\/embed\/#?secret=GMoLEIv4YQ#?secret=lzJ7s9N4xv\" data-secret=\"lzJ7s9N4xv\" width=\"600\" height=\"338\" frameborder=\"0\" marginwidth=\"0\" marginheight=\"0\" scrolling=\"no\"><\/iframe><\/p>\n<p>&nbsp;<\/p>\n<blockquote class=\"wp-embedded-content\" data-secret=\"dypPlSv53V\"><p><a href=\"https:\/\/wp.ufpel.edu.br\/patrimonioindustrial\/2022\/06\/30\/entrevistas-dona-edith\/\">Entrevistas &#8211; Dona Edith<\/a><\/p><\/blockquote>\n<p><iframe loading=\"lazy\" class=\"wp-embedded-content\" sandbox=\"allow-scripts\" security=\"restricted\" style=\"position: absolute; clip: rect(1px, 1px, 1px, 1px);\" title=\"&#8220;Entrevistas &#8211; Dona Edith&#8221; &#8212; Hist\u00f3ria, mem\u00f3ria e patrim\u00f4nio industrial de Pelotas\" src=\"https:\/\/wp.ufpel.edu.br\/patrimonioindustrial\/2022\/06\/30\/entrevistas-dona-edith\/embed\/#?secret=7kPJA296Jc#?secret=dypPlSv53V\" data-secret=\"dypPlSv53V\" width=\"600\" height=\"338\" frameborder=\"0\" marginwidth=\"0\" marginheight=\"0\" scrolling=\"no\"><\/iframe><\/p>\n","protected":false},"excerpt":{"rendered":"<p>Entrevistas &#8211; Silvio Cavalheiro Entrevistas &#8211; Ant\u00f4nio Carlos Narrativas de moradores e trabalhadores Entrevistas &#8211; Dona \u00c9lida &nbsp; Entrevistas &#8211; Dona Edith<\/p>\n","protected":false},"author":1067,"featured_media":687,"parent":511,"menu_order":3,"comment_status":"closed","ping_status":"closed","template":"","meta":{"footnotes":""},"class_list":["post-673","page","type-page","status-publish","has-post-thumbnail","hentry"],"_links":{"self":[{"href":"https:\/\/wp.ufpel.edu.br\/patrimonioindustrial\/wp-json\/wp\/v2\/pages\/673","targetHints":{"allow":["GET"]}}],"collection":[{"href":"https:\/\/wp.ufpel.edu.br\/patrimonioindustrial\/wp-json\/wp\/v2\/pages"}],"about":[{"href":"https:\/\/wp.ufpel.edu.br\/patrimonioindustrial\/wp-json\/wp\/v2\/types\/page"}],"author":[{"embeddable":true,"href":"https:\/\/wp.ufpel.edu.br\/patrimonioindustrial\/wp-json\/wp\/v2\/users\/1067"}],"replies":[{"embeddable":true,"href":"https:\/\/wp.ufpel.edu.br\/patrimonioindustrial\/wp-json\/wp\/v2\/comments?post=673"}],"version-history":[{"count":6,"href":"https:\/\/wp.ufpel.edu.br\/patrimonioindustrial\/wp-json\/wp\/v2\/pages\/673\/revisions"}],"predecessor-version":[{"id":740,"href":"https:\/\/wp.ufpel.edu.br\/patrimonioindustrial\/wp-json\/wp\/v2\/pages\/673\/revisions\/740"}],"up":[{"embeddable":true,"href":"https:\/\/wp.ufpel.edu.br\/patrimonioindustrial\/wp-json\/wp\/v2\/pages\/511"}],"wp:featuredmedia":[{"embeddable":true,"href":"https:\/\/wp.ufpel.edu.br\/patrimonioindustrial\/wp-json\/wp\/v2\/media\/687"}],"wp:attachment":[{"href":"https:\/\/wp.ufpel.edu.br\/patrimonioindustrial\/wp-json\/wp\/v2\/media?parent=673"}],"curies":[{"name":"wp","href":"https:\/\/api.w.org\/{rel}","templated":true}]}}