{"id":511,"date":"2021-06-30T11:31:32","date_gmt":"2021-06-30T14:31:32","guid":{"rendered":"https:\/\/wp.ufpel.edu.br\/patrimonioindustrial\/?page_id=511"},"modified":"2022-06-30T20:24:49","modified_gmt":"2022-06-30T23:24:49","slug":"postagens","status":"publish","type":"page","link":"https:\/\/wp.ufpel.edu.br\/patrimonioindustrial\/postagens\/","title":{"rendered":"Postagens"},"content":{"rendered":"<blockquote class=\"wp-embedded-content\" data-secret=\"5yBPmEhIKS\"><p><a href=\"https:\/\/wp.ufpel.edu.br\/patrimonioindustrial\/2022\/06\/14\/predios-que-contam-historias\/\">Pr\u00e9dios que contam hist\u00f3rias<\/a><\/p><\/blockquote>\n<p><iframe loading=\"lazy\" class=\"wp-embedded-content\" sandbox=\"allow-scripts\" security=\"restricted\" style=\"position: absolute; clip: rect(1px, 1px, 1px, 1px);\" title=\"&#8220;Pr\u00e9dios que contam hist\u00f3rias&#8221; &#8212; Hist\u00f3ria, mem\u00f3ria e patrim\u00f4nio industrial de Pelotas\" src=\"https:\/\/wp.ufpel.edu.br\/patrimonioindustrial\/2022\/06\/14\/predios-que-contam-historias\/embed\/#?secret=OqlakIJ4VG#?secret=5yBPmEhIKS\" data-secret=\"5yBPmEhIKS\" width=\"600\" height=\"338\" frameborder=\"0\" marginwidth=\"0\" marginheight=\"0\" scrolling=\"no\"><\/iframe><\/p>\n<blockquote class=\"wp-embedded-content\" data-secret=\"cnCPavM1Hy\"><p><a href=\"https:\/\/wp.ufpel.edu.br\/patrimonioindustrial\/postagens\/frigorifico-anglo-de-pelotas\/\">Frigor\u00edfico Anglo de Pelotas<\/a><\/p><\/blockquote>\n<p><iframe loading=\"lazy\" class=\"wp-embedded-content\" sandbox=\"allow-scripts\" security=\"restricted\" style=\"position: absolute; clip: rect(1px, 1px, 1px, 1px);\" title=\"&#8220;Frigor\u00edfico Anglo de Pelotas&#8221; &#8212; Hist\u00f3ria, mem\u00f3ria e patrim\u00f4nio industrial de Pelotas\" src=\"https:\/\/wp.ufpel.edu.br\/patrimonioindustrial\/postagens\/frigorifico-anglo-de-pelotas\/embed\/#?secret=7QbKhRkyTp#?secret=cnCPavM1Hy\" data-secret=\"cnCPavM1Hy\" width=\"600\" height=\"338\" frameborder=\"0\" marginwidth=\"0\" marginheight=\"0\" scrolling=\"no\"><\/iframe><\/p>\n<blockquote class=\"wp-embedded-content\" data-secret=\"wblPWTIBMk\"><p><a href=\"https:\/\/wp.ufpel.edu.br\/patrimonioindustrial\/postagens\/entrevistas\/\">Entrevistas<\/a><\/p><\/blockquote>\n<p><iframe loading=\"lazy\" class=\"wp-embedded-content\" sandbox=\"allow-scripts\" security=\"restricted\" style=\"position: absolute; clip: rect(1px, 1px, 1px, 1px);\" title=\"&#8220;Entrevistas&#8221; &#8212; Hist\u00f3ria, mem\u00f3ria e patrim\u00f4nio industrial de Pelotas\" src=\"https:\/\/wp.ufpel.edu.br\/patrimonioindustrial\/postagens\/entrevistas\/embed\/#?secret=VPHPiU856w#?secret=wblPWTIBMk\" data-secret=\"wblPWTIBMk\" width=\"600\" height=\"338\" frameborder=\"0\" marginwidth=\"0\" marginheight=\"0\" scrolling=\"no\"><\/iframe><\/p>\n","protected":false},"excerpt":{"rendered":"<p>Pr\u00e9dios que contam hist\u00f3rias Frigor\u00edfico Anglo de Pelotas Entrevistas<\/p>\n","protected":false},"author":1067,"featured_media":0,"parent":0,"menu_order":2,"comment_status":"closed","ping_status":"closed","template":"","meta":{"footnotes":""},"class_list":["post-511","page","type-page","status-publish","hentry"],"_links":{"self":[{"href":"https:\/\/wp.ufpel.edu.br\/patrimonioindustrial\/wp-json\/wp\/v2\/pages\/511","targetHints":{"allow":["GET"]}}],"collection":[{"href":"https:\/\/wp.ufpel.edu.br\/patrimonioindustrial\/wp-json\/wp\/v2\/pages"}],"about":[{"href":"https:\/\/wp.ufpel.edu.br\/patrimonioindustrial\/wp-json\/wp\/v2\/types\/page"}],"author":[{"embeddable":true,"href":"https:\/\/wp.ufpel.edu.br\/patrimonioindustrial\/wp-json\/wp\/v2\/users\/1067"}],"replies":[{"embeddable":true,"href":"https:\/\/wp.ufpel.edu.br\/patrimonioindustrial\/wp-json\/wp\/v2\/comments?post=511"}],"version-history":[{"count":4,"href":"https:\/\/wp.ufpel.edu.br\/patrimonioindustrial\/wp-json\/wp\/v2\/pages\/511\/revisions"}],"predecessor-version":[{"id":700,"href":"https:\/\/wp.ufpel.edu.br\/patrimonioindustrial\/wp-json\/wp\/v2\/pages\/511\/revisions\/700"}],"wp:attachment":[{"href":"https:\/\/wp.ufpel.edu.br\/patrimonioindustrial\/wp-json\/wp\/v2\/media?parent=511"}],"curies":[{"name":"wp","href":"https:\/\/api.w.org\/{rel}","templated":true}]}}