{"id":505,"date":"2021-06-30T11:25:39","date_gmt":"2021-06-30T14:25:39","guid":{"rendered":"https:\/\/wp.ufpel.edu.br\/patrimonioindustrial\/?page_id=505"},"modified":"2022-06-30T20:09:50","modified_gmt":"2022-06-30T23:09:50","slug":"frigorifico-anglo-de-pelotas","status":"publish","type":"page","link":"https:\/\/wp.ufpel.edu.br\/patrimonioindustrial\/postagens\/frigorifico-anglo-de-pelotas\/","title":{"rendered":"Frigor\u00edfico Anglo de Pelotas"},"content":{"rendered":"<p>Nessa p\u00e1gina, voc\u00ea ver\u00e1 um compilado do que j\u00e1 publicamos sobre o Frigor\u00edfico Anglo de Pelotas para n\u00e3o perder nenhuma informa\u00e7\u00e3o!<\/p>\n<p>Boa leitura!<\/p>\n<p>30\/06\/2022<\/p>\n<blockquote class=\"wp-embedded-content\" data-secret=\"5yfpJVVtS1\"><p><a href=\"https:\/\/wp.ufpel.edu.br\/patrimonioindustrial\/2022\/06\/30\/frigorifico-anglo-de-pelotas-fechamento\/\">Frigor\u00edfico Anglo de Pelotas \u2013 Fechamento<\/a><\/p><\/blockquote>\n<p><iframe loading=\"lazy\" class=\"wp-embedded-content\" sandbox=\"allow-scripts\" security=\"restricted\" style=\"position: absolute; clip: rect(1px, 1px, 1px, 1px);\" title=\"&#8220;Frigor\u00edfico Anglo de Pelotas \u2013 Fechamento&#8221; &#8212; Hist\u00f3ria, mem\u00f3ria e patrim\u00f4nio industrial de Pelotas\" src=\"https:\/\/wp.ufpel.edu.br\/patrimonioindustrial\/2022\/06\/30\/frigorifico-anglo-de-pelotas-fechamento\/embed\/#?secret=FFFiDhfAkF#?secret=5yfpJVVtS1\" data-secret=\"5yfpJVVtS1\" width=\"600\" height=\"338\" frameborder=\"0\" marginwidth=\"0\" marginheight=\"0\" scrolling=\"no\"><\/iframe><\/p>\n<p>27\/04\/2022<\/p>\n<blockquote class=\"wp-embedded-content\" data-secret=\"e84O82OJTE\"><p><a href=\"https:\/\/wp.ufpel.edu.br\/patrimonioindustrial\/2022\/06\/14\/frigorifico-anglo-de-pelotas-o-canal-sao-goncalo\/\">Frigor\u00edfico Anglo de Pelotas &#8211; O Canal S\u00e3o Gon\u00e7alo<\/a><\/p><\/blockquote>\n<p><iframe loading=\"lazy\" class=\"wp-embedded-content\" sandbox=\"allow-scripts\" security=\"restricted\" style=\"position: absolute; clip: rect(1px, 1px, 1px, 1px);\" title=\"&#8220;Frigor\u00edfico Anglo de Pelotas &#8211; O Canal S\u00e3o Gon\u00e7alo&#8221; &#8212; Hist\u00f3ria, mem\u00f3ria e patrim\u00f4nio industrial de Pelotas\" src=\"https:\/\/wp.ufpel.edu.br\/patrimonioindustrial\/2022\/06\/14\/frigorifico-anglo-de-pelotas-o-canal-sao-goncalo\/embed\/#?secret=slgq0qb2b4#?secret=e84O82OJTE\" data-secret=\"e84O82OJTE\" width=\"600\" height=\"338\" frameborder=\"0\" marginwidth=\"0\" marginheight=\"0\" scrolling=\"no\"><\/iframe><\/p>\n<p>20\/04\/2022<\/p>\n<blockquote class=\"wp-embedded-content\" data-secret=\"8onO8vwOjE\"><p><a href=\"https:\/\/wp.ufpel.edu.br\/patrimonioindustrial\/2022\/06\/14\/frigorifico-anglo-de-pelotas-maquinario\/\">Frigor\u00edfico Anglo de Pelotas &#8211; Maquin\u00e1rio<\/a><\/p><\/blockquote>\n<p><iframe loading=\"lazy\" class=\"wp-embedded-content\" sandbox=\"allow-scripts\" security=\"restricted\" style=\"position: absolute; clip: rect(1px, 1px, 1px, 1px);\" title=\"&#8220;Frigor\u00edfico Anglo de Pelotas &#8211; Maquin\u00e1rio&#8221; &#8212; Hist\u00f3ria, mem\u00f3ria e patrim\u00f4nio industrial de Pelotas\" src=\"https:\/\/wp.ufpel.edu.br\/patrimonioindustrial\/2022\/06\/14\/frigorifico-anglo-de-pelotas-maquinario\/embed\/#?secret=PBbsE0ccjK#?secret=8onO8vwOjE\" data-secret=\"8onO8vwOjE\" width=\"600\" height=\"338\" frameborder=\"0\" marginwidth=\"0\" marginheight=\"0\" scrolling=\"no\"><\/iframe><\/p>\n<p>30\/03\/2022<\/p>\n<blockquote class=\"wp-embedded-content\" data-secret=\"MxwUw9S8wK\"><p><a href=\"https:\/\/wp.ufpel.edu.br\/patrimonioindustrial\/2022\/04\/01\/anglo-sistema-de-refrigeracao-das-camaras-frias-do-frigorifico\/\">Anglo &#8211; Sistema de refrigera\u00e7\u00e3o das c\u00e2maras frias do frigor\u00edfico<\/a><\/p><\/blockquote>\n<p><iframe loading=\"lazy\" class=\"wp-embedded-content\" sandbox=\"allow-scripts\" security=\"restricted\" style=\"position: absolute; clip: rect(1px, 1px, 1px, 1px);\" title=\"&#8220;Anglo &#8211; Sistema de refrigera\u00e7\u00e3o das c\u00e2maras frias do frigor\u00edfico&#8221; &#8212; Hist\u00f3ria, mem\u00f3ria e patrim\u00f4nio industrial de Pelotas\" src=\"https:\/\/wp.ufpel.edu.br\/patrimonioindustrial\/2022\/04\/01\/anglo-sistema-de-refrigeracao-das-camaras-frias-do-frigorifico\/embed\/#?secret=mxM5XcOaHs#?secret=MxwUw9S8wK\" data-secret=\"MxwUw9S8wK\" width=\"600\" height=\"338\" frameborder=\"0\" marginwidth=\"0\" marginheight=\"0\" scrolling=\"no\"><\/iframe><\/p>\n<p>09\/03\/2022<\/p>\n<blockquote class=\"wp-embedded-content\" data-secret=\"XwCiaHVsfk\"><p><a href=\"https:\/\/wp.ufpel.edu.br\/patrimonioindustrial\/2022\/03\/13\/frigorifico-anglo-de-pelotas-informacoes-importantes\/\">Frigor\u00edfico Anglo de Pelotas &#8211; Informa\u00e7\u00f5es importantes<\/a><\/p><\/blockquote>\n<p><iframe loading=\"lazy\" class=\"wp-embedded-content\" sandbox=\"allow-scripts\" security=\"restricted\" style=\"position: absolute; clip: rect(1px, 1px, 1px, 1px);\" title=\"&#8220;Frigor\u00edfico Anglo de Pelotas &#8211; Informa\u00e7\u00f5es importantes&#8221; &#8212; Hist\u00f3ria, mem\u00f3ria e patrim\u00f4nio industrial de Pelotas\" src=\"https:\/\/wp.ufpel.edu.br\/patrimonioindustrial\/2022\/03\/13\/frigorifico-anglo-de-pelotas-informacoes-importantes\/embed\/#?secret=5VvKU2GskL#?secret=XwCiaHVsfk\" data-secret=\"XwCiaHVsfk\" width=\"600\" height=\"338\" frameborder=\"0\" marginwidth=\"0\" marginheight=\"0\" scrolling=\"no\"><\/iframe><\/p>\n<p>09\/12\/2021<\/p>\n<blockquote class=\"wp-embedded-content\" data-secret=\"YPv339JabL\"><p><a href=\"https:\/\/wp.ufpel.edu.br\/patrimonioindustrial\/2021\/12\/13\/camaras-frias-e-o-frigorifico-anglo-de-pelotas-2\/\">C\u00e2maras frias e o Frigor\u00edfico Anglo de Pelotas (segunda parte)<\/a><\/p><\/blockquote>\n<p><iframe loading=\"lazy\" class=\"wp-embedded-content\" sandbox=\"allow-scripts\" security=\"restricted\" style=\"position: absolute; clip: rect(1px, 1px, 1px, 1px);\" title=\"&#8220;C\u00e2maras frias e o Frigor\u00edfico Anglo de Pelotas (segunda parte)&#8221; &#8212; Hist\u00f3ria, mem\u00f3ria e patrim\u00f4nio industrial de Pelotas\" src=\"https:\/\/wp.ufpel.edu.br\/patrimonioindustrial\/2021\/12\/13\/camaras-frias-e-o-frigorifico-anglo-de-pelotas-2\/embed\/#?secret=Kwnsns5lch#?secret=YPv339JabL\" data-secret=\"YPv339JabL\" width=\"600\" height=\"338\" frameborder=\"0\" marginwidth=\"0\" marginheight=\"0\" scrolling=\"no\"><\/iframe><\/p>\n<p>02\/12\/2021<\/p>\n<blockquote class=\"wp-embedded-content\" data-secret=\"0Lloxic5wp\"><p><a href=\"https:\/\/wp.ufpel.edu.br\/patrimonioindustrial\/2021\/12\/02\/camaras-frias-e-o-frigorifico-anglo-de-pelotas\/\">C\u00e2maras frias e o Frigor\u00edfico Anglo de Pelotas<\/a><\/p><\/blockquote>\n<p><iframe loading=\"lazy\" class=\"wp-embedded-content\" sandbox=\"allow-scripts\" security=\"restricted\" style=\"position: absolute; clip: rect(1px, 1px, 1px, 1px);\" title=\"&#8220;C\u00e2maras frias e o Frigor\u00edfico Anglo de Pelotas&#8221; &#8212; Hist\u00f3ria, mem\u00f3ria e patrim\u00f4nio industrial de Pelotas\" src=\"https:\/\/wp.ufpel.edu.br\/patrimonioindustrial\/2021\/12\/02\/camaras-frias-e-o-frigorifico-anglo-de-pelotas\/embed\/#?secret=yfcvcR0TJi#?secret=0Lloxic5wp\" data-secret=\"0Lloxic5wp\" width=\"600\" height=\"338\" frameborder=\"0\" marginwidth=\"0\" marginheight=\"0\" scrolling=\"no\"><\/iframe><\/p>\n<p>25\/11\/2021<\/p>\n<blockquote class=\"wp-embedded-content\" data-secret=\"L7VdXgvHvK\"><p><a href=\"https:\/\/wp.ufpel.edu.br\/patrimonioindustrial\/2021\/11\/26\/frigorifico-anglo-de-pelotas-adaptacoes-nos-predios-de-camaras-frias\/\">Frigor\u00edfico Anglo de Pelotas &#8211; Adapta\u00e7\u00f5es nos pr\u00e9dios de c\u00e2maras frias<\/a><\/p><\/blockquote>\n<p><iframe loading=\"lazy\" class=\"wp-embedded-content\" sandbox=\"allow-scripts\" security=\"restricted\" style=\"position: absolute; clip: rect(1px, 1px, 1px, 1px);\" title=\"&#8220;Frigor\u00edfico Anglo de Pelotas &#8211; Adapta\u00e7\u00f5es nos pr\u00e9dios de c\u00e2maras frias&#8221; &#8212; Hist\u00f3ria, mem\u00f3ria e patrim\u00f4nio industrial de Pelotas\" src=\"https:\/\/wp.ufpel.edu.br\/patrimonioindustrial\/2021\/11\/26\/frigorifico-anglo-de-pelotas-adaptacoes-nos-predios-de-camaras-frias\/embed\/#?secret=eVjHm3mosu#?secret=L7VdXgvHvK\" data-secret=\"L7VdXgvHvK\" width=\"600\" height=\"338\" frameborder=\"0\" marginwidth=\"0\" marginheight=\"0\" scrolling=\"no\"><\/iframe><\/p>\n<p>18\/11\/2021<\/p>\n<blockquote class=\"wp-embedded-content\" data-secret=\"Dm8i4IDdOi\"><p><a href=\"https:\/\/wp.ufpel.edu.br\/patrimonioindustrial\/2021\/11\/26\/frigorifico-anglo-de-pelotas-trajetoria-e-inalguracao\/\">Frigor\u00edfico Anglo de Pelotas &#8211; Trajet\u00f3ria e Inalgura\u00e7\u00e3o<\/a><\/p><\/blockquote>\n<p><iframe loading=\"lazy\" class=\"wp-embedded-content\" sandbox=\"allow-scripts\" security=\"restricted\" style=\"position: absolute; clip: rect(1px, 1px, 1px, 1px);\" title=\"&#8220;Frigor\u00edfico Anglo de Pelotas &#8211; Trajet\u00f3ria e Inalgura\u00e7\u00e3o&#8221; &#8212; Hist\u00f3ria, mem\u00f3ria e patrim\u00f4nio industrial de Pelotas\" src=\"https:\/\/wp.ufpel.edu.br\/patrimonioindustrial\/2021\/11\/26\/frigorifico-anglo-de-pelotas-trajetoria-e-inalguracao\/embed\/#?secret=27pqxdDHYL#?secret=Dm8i4IDdOi\" data-secret=\"Dm8i4IDdOi\" width=\"600\" height=\"338\" frameborder=\"0\" marginwidth=\"0\" marginheight=\"0\" scrolling=\"no\"><\/iframe><\/p>\n<p>11\/11\/2021<\/p>\n<blockquote class=\"wp-embedded-content\" data-secret=\"PaD2XVCitG\"><p><a href=\"https:\/\/wp.ufpel.edu.br\/patrimonioindustrial\/2021\/11\/26\/frigorifico-anglo-de-pelotas-grupo-vestey-brothers-segunda-parte\/\">Frigor\u00edfico Anglo de Pelotas &#8211; Grupo Vestey Brothers (Segunda Parte)<\/a><\/p><\/blockquote>\n<p><iframe loading=\"lazy\" class=\"wp-embedded-content\" sandbox=\"allow-scripts\" security=\"restricted\" style=\"position: absolute; clip: rect(1px, 1px, 1px, 1px);\" title=\"&#8220;Frigor\u00edfico Anglo de Pelotas &#8211; Grupo Vestey Brothers (Segunda Parte)&#8221; &#8212; Hist\u00f3ria, mem\u00f3ria e patrim\u00f4nio industrial de Pelotas\" src=\"https:\/\/wp.ufpel.edu.br\/patrimonioindustrial\/2021\/11\/26\/frigorifico-anglo-de-pelotas-grupo-vestey-brothers-segunda-parte\/embed\/#?secret=ikUgEzQ4Lc#?secret=PaD2XVCitG\" data-secret=\"PaD2XVCitG\" width=\"600\" height=\"338\" frameborder=\"0\" marginwidth=\"0\" marginheight=\"0\" scrolling=\"no\"><\/iframe><\/p>\n<p>04\/11\/2021<\/p>\n<blockquote class=\"wp-embedded-content\" data-secret=\"kqUcLnGkiY\"><p><a href=\"https:\/\/wp.ufpel.edu.br\/patrimonioindustrial\/2021\/11\/26\/frigorifico-anglo-de-pelotas-grupo-vestey-brothers\/\">Frigor\u00edfico Anglo de Pelotas &#8211; Grupo Vestey Brothers<\/a><\/p><\/blockquote>\n<p><iframe loading=\"lazy\" class=\"wp-embedded-content\" sandbox=\"allow-scripts\" security=\"restricted\" style=\"position: absolute; clip: rect(1px, 1px, 1px, 1px);\" title=\"&#8220;Frigor\u00edfico Anglo de Pelotas &#8211; Grupo Vestey Brothers&#8221; &#8212; Hist\u00f3ria, mem\u00f3ria e patrim\u00f4nio industrial de Pelotas\" src=\"https:\/\/wp.ufpel.edu.br\/patrimonioindustrial\/2021\/11\/26\/frigorifico-anglo-de-pelotas-grupo-vestey-brothers\/embed\/#?secret=wzleamLIUo#?secret=kqUcLnGkiY\" data-secret=\"kqUcLnGkiY\" width=\"600\" height=\"338\" frameborder=\"0\" marginwidth=\"0\" marginheight=\"0\" scrolling=\"no\"><\/iframe><\/p>\n<p>28\/10\/2021<\/p>\n<blockquote class=\"wp-embedded-content\" data-secret=\"5jFlTKXmfl\"><p><a href=\"https:\/\/wp.ufpel.edu.br\/patrimonioindustrial\/2021\/11\/26\/frigorifico-anglo-de-pelotas-producao-e-exportacoes\/\">Frigor\u00edfico Anglo de Pelotas &#8211; Produ\u00e7\u00e3o e Exporta\u00e7\u00f5es<\/a><\/p><\/blockquote>\n<p><iframe loading=\"lazy\" class=\"wp-embedded-content\" sandbox=\"allow-scripts\" security=\"restricted\" style=\"position: absolute; clip: rect(1px, 1px, 1px, 1px);\" title=\"&#8220;Frigor\u00edfico Anglo de Pelotas &#8211; Produ\u00e7\u00e3o e Exporta\u00e7\u00f5es&#8221; &#8212; Hist\u00f3ria, mem\u00f3ria e patrim\u00f4nio industrial de Pelotas\" src=\"https:\/\/wp.ufpel.edu.br\/patrimonioindustrial\/2021\/11\/26\/frigorifico-anglo-de-pelotas-producao-e-exportacoes\/embed\/#?secret=1htrgEHEQI#?secret=5jFlTKXmfl\" data-secret=\"5jFlTKXmfl\" width=\"600\" height=\"338\" frameborder=\"0\" marginwidth=\"0\" marginheight=\"0\" scrolling=\"no\"><\/iframe><\/p>\n<p>21\/10\/2021<\/p>\n<blockquote class=\"wp-embedded-content\" data-secret=\"QDwaFvjvK4\"><p><a href=\"https:\/\/wp.ufpel.edu.br\/patrimonioindustrial\/2021\/11\/26\/frigorifico-anglo-de-pelotas-sobre-seu-nome\/\">Frigor\u00edfico Anglo de Pelotas &#8211; Sobre seu nome<\/a><\/p><\/blockquote>\n<p><iframe loading=\"lazy\" class=\"wp-embedded-content\" sandbox=\"allow-scripts\" security=\"restricted\" style=\"position: absolute; clip: rect(1px, 1px, 1px, 1px);\" title=\"&#8220;Frigor\u00edfico Anglo de Pelotas &#8211; Sobre seu nome&#8221; &#8212; Hist\u00f3ria, mem\u00f3ria e patrim\u00f4nio industrial de Pelotas\" src=\"https:\/\/wp.ufpel.edu.br\/patrimonioindustrial\/2021\/11\/26\/frigorifico-anglo-de-pelotas-sobre-seu-nome\/embed\/#?secret=4BW75isfuS#?secret=QDwaFvjvK4\" data-secret=\"QDwaFvjvK4\" width=\"600\" height=\"338\" frameborder=\"0\" marginwidth=\"0\" marginheight=\"0\" scrolling=\"no\"><\/iframe><\/p>\n<p>14\/10\/2021<\/p>\n<blockquote class=\"wp-embedded-content\" data-secret=\"jR3NtSWe9b\"><p><a href=\"https:\/\/wp.ufpel.edu.br\/patrimonioindustrial\/2021\/11\/26\/frigorifico-anglo-de-pelotas-a-industria-frigorifica\/\">Frigor\u00edfico Anglo de Pelotas &#8211; a industria frigor\u00edfica<\/a><\/p><\/blockquote>\n<p><iframe loading=\"lazy\" class=\"wp-embedded-content\" sandbox=\"allow-scripts\" security=\"restricted\" style=\"position: absolute; clip: rect(1px, 1px, 1px, 1px);\" title=\"&#8220;Frigor\u00edfico Anglo de Pelotas &#8211; a industria frigor\u00edfica&#8221; &#8212; Hist\u00f3ria, mem\u00f3ria e patrim\u00f4nio industrial de Pelotas\" src=\"https:\/\/wp.ufpel.edu.br\/patrimonioindustrial\/2021\/11\/26\/frigorifico-anglo-de-pelotas-a-industria-frigorifica\/embed\/#?secret=IXwhYWuRqf#?secret=jR3NtSWe9b\" data-secret=\"jR3NtSWe9b\" width=\"600\" height=\"338\" frameborder=\"0\" marginwidth=\"0\" marginheight=\"0\" scrolling=\"no\"><\/iframe><\/p>\n<p>07\/10\/2021<\/p>\n<blockquote class=\"wp-embedded-content\" data-secret=\"7VSY9uuzcF\"><p><a href=\"https:\/\/wp.ufpel.edu.br\/patrimonioindustrial\/2021\/11\/26\/frigorifico-anglo-de-pelotas-o-inicio-da-construcao\/\">Frigor\u00edfico Anglo de Pelotas &#8211; o in\u00edcio da constru\u00e7\u00e3o<\/a><\/p><\/blockquote>\n<p><iframe loading=\"lazy\" class=\"wp-embedded-content\" sandbox=\"allow-scripts\" security=\"restricted\" style=\"position: absolute; clip: rect(1px, 1px, 1px, 1px);\" title=\"&#8220;Frigor\u00edfico Anglo de Pelotas &#8211; o in\u00edcio da constru\u00e7\u00e3o&#8221; &#8212; Hist\u00f3ria, mem\u00f3ria e patrim\u00f4nio industrial de Pelotas\" src=\"https:\/\/wp.ufpel.edu.br\/patrimonioindustrial\/2021\/11\/26\/frigorifico-anglo-de-pelotas-o-inicio-da-construcao\/embed\/#?secret=CXa0XZuNEK#?secret=7VSY9uuzcF\" data-secret=\"7VSY9uuzcF\" width=\"600\" height=\"338\" frameborder=\"0\" marginwidth=\"0\" marginheight=\"0\" scrolling=\"no\"><\/iframe><\/p>\n<p>30\/09\/2021<\/p>\n<blockquote class=\"wp-embedded-content\" data-secret=\"vOBIYLQ23N\"><p><a href=\"https:\/\/wp.ufpel.edu.br\/patrimonioindustrial\/2021\/10\/01\/frigorifico-anglo-de-pelotas-sobre-os-investidores\/\">Frigor\u00edfico Anglo de Pelotas &#8211; Sobre os investidores<\/a><\/p><\/blockquote>\n<p><iframe loading=\"lazy\" class=\"wp-embedded-content\" sandbox=\"allow-scripts\" security=\"restricted\" style=\"position: absolute; clip: rect(1px, 1px, 1px, 1px);\" title=\"&#8220;Frigor\u00edfico Anglo de Pelotas &#8211; Sobre os investidores&#8221; &#8212; Hist\u00f3ria, mem\u00f3ria e patrim\u00f4nio industrial de Pelotas\" src=\"https:\/\/wp.ufpel.edu.br\/patrimonioindustrial\/2021\/10\/01\/frigorifico-anglo-de-pelotas-sobre-os-investidores\/embed\/#?secret=nnyhrSboLB#?secret=vOBIYLQ23N\" data-secret=\"vOBIYLQ23N\" width=\"600\" height=\"338\" frameborder=\"0\" marginwidth=\"0\" marginheight=\"0\" scrolling=\"no\"><\/iframe><\/p>\n<p>23\/09\/2021<\/p>\n<blockquote class=\"wp-embedded-content\" data-secret=\"CBNUd5VHbf\"><p><a href=\"https:\/\/wp.ufpel.edu.br\/patrimonioindustrial\/2021\/09\/27\/frigorifico-anglo-de-pelotas-3\/\">Frigor\u00edfico Anglo de Pelotas<\/a><\/p><\/blockquote>\n<p><iframe loading=\"lazy\" class=\"wp-embedded-content\" sandbox=\"allow-scripts\" security=\"restricted\" style=\"position: absolute; clip: rect(1px, 1px, 1px, 1px);\" title=\"&#8220;Frigor\u00edfico Anglo de Pelotas&#8221; &#8212; Hist\u00f3ria, mem\u00f3ria e patrim\u00f4nio industrial de Pelotas\" src=\"https:\/\/wp.ufpel.edu.br\/patrimonioindustrial\/2021\/09\/27\/frigorifico-anglo-de-pelotas-3\/embed\/#?secret=0jbVMGOuGv#?secret=CBNUd5VHbf\" data-secret=\"CBNUd5VHbf\" width=\"600\" height=\"338\" frameborder=\"0\" marginwidth=\"0\" marginheight=\"0\" scrolling=\"no\"><\/iframe><\/p>\n<p>14\/09\/2021<\/p>\n<blockquote class=\"wp-embedded-content\" data-secret=\"S7y3yTAyEc\"><p><a href=\"https:\/\/wp.ufpel.edu.br\/patrimonioindustrial\/2021\/09\/27\/547\/\">Frigor\u00edfico Anglo de Pelotas &#8211; In\u00edcio do s\u00e9culo XX<\/a><\/p><\/blockquote>\n<p><iframe loading=\"lazy\" class=\"wp-embedded-content\" sandbox=\"allow-scripts\" security=\"restricted\" style=\"position: absolute; clip: rect(1px, 1px, 1px, 1px);\" title=\"&#8220;Frigor\u00edfico Anglo de Pelotas &#8211; In\u00edcio do s\u00e9culo XX&#8221; &#8212; Hist\u00f3ria, mem\u00f3ria e patrim\u00f4nio industrial de Pelotas\" src=\"https:\/\/wp.ufpel.edu.br\/patrimonioindustrial\/2021\/09\/27\/547\/embed\/#?secret=thDgmqhApN#?secret=S7y3yTAyEc\" data-secret=\"S7y3yTAyEc\" width=\"600\" height=\"338\" frameborder=\"0\" marginwidth=\"0\" marginheight=\"0\" scrolling=\"no\"><\/iframe><\/p>\n<p>11\/08\/2021<\/p>\n<blockquote class=\"wp-embedded-content\" data-secret=\"gjzvQ1a82W\"><p><a href=\"https:\/\/wp.ufpel.edu.br\/patrimonioindustrial\/2021\/08\/11\/frigorifico-anglo-de-pelotas-2\/\">Frigor\u00edfico Anglo de Pelotas<\/a><\/p><\/blockquote>\n<p><iframe loading=\"lazy\" class=\"wp-embedded-content\" sandbox=\"allow-scripts\" security=\"restricted\" style=\"position: absolute; clip: rect(1px, 1px, 1px, 1px);\" title=\"&#8220;Frigor\u00edfico Anglo de Pelotas&#8221; &#8212; Hist\u00f3ria, mem\u00f3ria e patrim\u00f4nio industrial de Pelotas\" src=\"https:\/\/wp.ufpel.edu.br\/patrimonioindustrial\/2021\/08\/11\/frigorifico-anglo-de-pelotas-2\/embed\/#?secret=UyS1Wa6nI9#?secret=gjzvQ1a82W\" data-secret=\"gjzvQ1a82W\" width=\"600\" height=\"338\" frameborder=\"0\" marginwidth=\"0\" marginheight=\"0\" scrolling=\"no\"><\/iframe><\/p>\n<p>27\/07\/2021<\/p>\n<blockquote class=\"wp-embedded-content\" data-secret=\"CjQHZhlYD9\"><p><a href=\"https:\/\/wp.ufpel.edu.br\/patrimonioindustrial\/2021\/07\/27\/frigorifico-anglo-de-pelotas-1979-1979\/\">Frigor\u00edfico Anglo de Pelotas (1979 &#8211; 2006)<\/a><\/p><\/blockquote>\n<p><iframe loading=\"lazy\" class=\"wp-embedded-content\" sandbox=\"allow-scripts\" security=\"restricted\" style=\"position: absolute; clip: rect(1px, 1px, 1px, 1px);\" title=\"&#8220;Frigor\u00edfico Anglo de Pelotas (1979 &#8211; 2006)&#8221; &#8212; Hist\u00f3ria, mem\u00f3ria e patrim\u00f4nio industrial de Pelotas\" src=\"https:\/\/wp.ufpel.edu.br\/patrimonioindustrial\/2021\/07\/27\/frigorifico-anglo-de-pelotas-1979-1979\/embed\/#?secret=eXJotv6b4R#?secret=CjQHZhlYD9\" data-secret=\"CjQHZhlYD9\" width=\"600\" height=\"338\" frameborder=\"0\" marginwidth=\"0\" marginheight=\"0\" scrolling=\"no\"><\/iframe><\/p>\n<p>21\/07\/2021<\/p>\n<blockquote class=\"wp-embedded-content\" data-secret=\"ON3ayMfXJq\"><p><a href=\"https:\/\/wp.ufpel.edu.br\/patrimonioindustrial\/2021\/07\/20\/frigorifico-anglo-de-pelotas-1942-1958\/\">Frigor\u00edfico Anglo de Pelotas (1942 &#8211; 1958)<\/a><\/p><\/blockquote>\n<p><iframe loading=\"lazy\" class=\"wp-embedded-content\" sandbox=\"allow-scripts\" security=\"restricted\" style=\"position: absolute; clip: rect(1px, 1px, 1px, 1px);\" title=\"&#8220;Frigor\u00edfico Anglo de Pelotas (1942 &#8211; 1958)&#8221; &#8212; Hist\u00f3ria, mem\u00f3ria e patrim\u00f4nio industrial de Pelotas\" src=\"https:\/\/wp.ufpel.edu.br\/patrimonioindustrial\/2021\/07\/20\/frigorifico-anglo-de-pelotas-1942-1958\/embed\/#?secret=RAUzGXZJhr#?secret=ON3ayMfXJq\" data-secret=\"ON3ayMfXJq\" width=\"600\" height=\"338\" frameborder=\"0\" marginwidth=\"0\" marginheight=\"0\" scrolling=\"no\"><\/iframe><\/p>\n<p>14\/07\/2021<\/p>\n<blockquote class=\"wp-embedded-content\" data-secret=\"jDtSWRdUSh\"><p><a href=\"https:\/\/wp.ufpel.edu.br\/patrimonioindustrial\/2021\/07\/14\/frigorifico-anglo-de-pelotas-1924-1940\/\">Frigor\u00edfico Anglo de Pelotas (1924-1940)<\/a><\/p><\/blockquote>\n<p><iframe loading=\"lazy\" class=\"wp-embedded-content\" sandbox=\"allow-scripts\" security=\"restricted\" style=\"position: absolute; clip: rect(1px, 1px, 1px, 1px);\" title=\"&#8220;Frigor\u00edfico Anglo de Pelotas (1924-1940)&#8221; &#8212; Hist\u00f3ria, mem\u00f3ria e patrim\u00f4nio industrial de Pelotas\" src=\"https:\/\/wp.ufpel.edu.br\/patrimonioindustrial\/2021\/07\/14\/frigorifico-anglo-de-pelotas-1924-1940\/embed\/#?secret=gJTYuAQyB5#?secret=jDtSWRdUSh\" data-secret=\"jDtSWRdUSh\" width=\"600\" height=\"338\" frameborder=\"0\" marginwidth=\"0\" marginheight=\"0\" scrolling=\"no\"><\/iframe><\/p>\n<p>06\/07\/2021<\/p>\n<blockquote class=\"wp-embedded-content\" data-secret=\"q77iNX1nMi\"><p><a href=\"https:\/\/wp.ufpel.edu.br\/patrimonioindustrial\/2021\/07\/06\/frigorifico-anglo-de-pelotas-1918-1921\/\">Frigor\u00edfico Anglo de Pelotas (1918 &#8211; 1921)<\/a><\/p><\/blockquote>\n<p><iframe loading=\"lazy\" class=\"wp-embedded-content\" sandbox=\"allow-scripts\" security=\"restricted\" style=\"position: absolute; clip: rect(1px, 1px, 1px, 1px);\" title=\"&#8220;Frigor\u00edfico Anglo de Pelotas (1918 &#8211; 1921)&#8221; &#8212; Hist\u00f3ria, mem\u00f3ria e patrim\u00f4nio industrial de Pelotas\" src=\"https:\/\/wp.ufpel.edu.br\/patrimonioindustrial\/2021\/07\/06\/frigorifico-anglo-de-pelotas-1918-1921\/embed\/#?secret=sSAyrFScwi#?secret=q77iNX1nMi\" data-secret=\"q77iNX1nMi\" width=\"600\" height=\"338\" frameborder=\"0\" marginwidth=\"0\" marginheight=\"0\" scrolling=\"no\"><\/iframe><\/p>\n<p>29\/06\/2021<\/p>\n<blockquote class=\"wp-embedded-content\" data-secret=\"jsxpcon3n7\"><p><a href=\"https:\/\/wp.ufpel.edu.br\/patrimonioindustrial\/2021\/06\/29\/frigorifico-anglo-de-pelotas-1887-1917\/\">Frigor\u00edfico Anglo de Pelotas (1887-1917)<\/a><\/p><\/blockquote>\n<p><iframe loading=\"lazy\" class=\"wp-embedded-content\" sandbox=\"allow-scripts\" security=\"restricted\" style=\"position: absolute; clip: rect(1px, 1px, 1px, 1px);\" title=\"&#8220;Frigor\u00edfico Anglo de Pelotas (1887-1917)&#8221; &#8212; Hist\u00f3ria, mem\u00f3ria e patrim\u00f4nio industrial de Pelotas\" src=\"https:\/\/wp.ufpel.edu.br\/patrimonioindustrial\/2021\/06\/29\/frigorifico-anglo-de-pelotas-1887-1917\/embed\/#?secret=eHGJtTOzdg#?secret=jsxpcon3n7\" data-secret=\"jsxpcon3n7\" width=\"600\" height=\"338\" frameborder=\"0\" marginwidth=\"0\" marginheight=\"0\" scrolling=\"no\"><\/iframe><\/p>\n<p>22\/06\/2021<\/p>\n<blockquote class=\"wp-embedded-content\" data-secret=\"G9w1ywZ5wg\"><p><a href=\"https:\/\/wp.ufpel.edu.br\/patrimonioindustrial\/2021\/06\/22\/495\/\">Frigor\u00edfico Anglo de Pelotas (continua\u00e7\u00e3o&#8230;)<\/a><\/p><\/blockquote>\n<p><iframe loading=\"lazy\" class=\"wp-embedded-content\" sandbox=\"allow-scripts\" security=\"restricted\" style=\"position: absolute; clip: rect(1px, 1px, 1px, 1px);\" title=\"&#8220;Frigor\u00edfico Anglo de Pelotas (continua\u00e7\u00e3o&#8230;)&#8221; &#8212; Hist\u00f3ria, mem\u00f3ria e patrim\u00f4nio industrial de Pelotas\" src=\"https:\/\/wp.ufpel.edu.br\/patrimonioindustrial\/2021\/06\/22\/495\/embed\/#?secret=A8QxPpuKw1#?secret=G9w1ywZ5wg\" data-secret=\"G9w1ywZ5wg\" width=\"600\" height=\"338\" frameborder=\"0\" marginwidth=\"0\" marginheight=\"0\" scrolling=\"no\"><\/iframe><\/p>\n<p>17\/06\/2021<\/p>\n<blockquote class=\"wp-embedded-content\" data-secret=\"QaK4LktYG1\"><p><a href=\"https:\/\/wp.ufpel.edu.br\/patrimonioindustrial\/2021\/06\/17\/frigorifico-anglo-de-pelotas\/\">Frigor\u00edfico Anglo de Pelotas<\/a><\/p><\/blockquote>\n<p><iframe loading=\"lazy\" class=\"wp-embedded-content\" sandbox=\"allow-scripts\" security=\"restricted\" style=\"position: absolute; clip: rect(1px, 1px, 1px, 1px);\" title=\"&#8220;Frigor\u00edfico Anglo de Pelotas&#8221; &#8212; Hist\u00f3ria, mem\u00f3ria e patrim\u00f4nio industrial de Pelotas\" src=\"https:\/\/wp.ufpel.edu.br\/patrimonioindustrial\/2021\/06\/17\/frigorifico-anglo-de-pelotas\/embed\/#?secret=G229FwuUw7#?secret=QaK4LktYG1\" data-secret=\"QaK4LktYG1\" width=\"600\" height=\"338\" frameborder=\"0\" marginwidth=\"0\" marginheight=\"0\" scrolling=\"no\"><\/iframe><\/p>\n","protected":false},"excerpt":{"rendered":"<p>Nessa p\u00e1gina, voc\u00ea ver\u00e1 um compilado do que j\u00e1 publicamos sobre o Frigor\u00edfico Anglo de Pelotas para n\u00e3o perder nenhuma informa\u00e7\u00e3o! Boa leitura! 30\/06\/2022 Frigor\u00edfico Anglo de Pelotas \u2013 Fechamento 27\/04\/2022 Frigor\u00edfico Anglo de Pelotas &#8211; O Canal S\u00e3o Gon\u00e7alo 20\/04\/2022 Frigor\u00edfico Anglo de Pelotas &#8211; Maquin\u00e1rio 30\/03\/2022 Anglo &#8211; Sistema de refrigera\u00e7\u00e3o das c\u00e2maras&#8230; <\/p>\n<div class=\"link-more\"><a href=\"https:\/\/wp.ufpel.edu.br\/patrimonioindustrial\/postagens\/frigorifico-anglo-de-pelotas\/\">Leia mais<\/a><\/div>\n","protected":false},"author":1067,"featured_media":262,"parent":511,"menu_order":1,"comment_status":"closed","ping_status":"closed","template":"","meta":{"footnotes":""},"class_list":["post-505","page","type-page","status-publish","has-post-thumbnail","hentry"],"_links":{"self":[{"href":"https:\/\/wp.ufpel.edu.br\/patrimonioindustrial\/wp-json\/wp\/v2\/pages\/505","targetHints":{"allow":["GET"]}}],"collection":[{"href":"https:\/\/wp.ufpel.edu.br\/patrimonioindustrial\/wp-json\/wp\/v2\/pages"}],"about":[{"href":"https:\/\/wp.ufpel.edu.br\/patrimonioindustrial\/wp-json\/wp\/v2\/types\/page"}],"author":[{"embeddable":true,"href":"https:\/\/wp.ufpel.edu.br\/patrimonioindustrial\/wp-json\/wp\/v2\/users\/1067"}],"replies":[{"embeddable":true,"href":"https:\/\/wp.ufpel.edu.br\/patrimonioindustrial\/wp-json\/wp\/v2\/comments?post=505"}],"version-history":[{"count":20,"href":"https:\/\/wp.ufpel.edu.br\/patrimonioindustrial\/wp-json\/wp\/v2\/pages\/505\/revisions"}],"predecessor-version":[{"id":683,"href":"https:\/\/wp.ufpel.edu.br\/patrimonioindustrial\/wp-json\/wp\/v2\/pages\/505\/revisions\/683"}],"up":[{"embeddable":true,"href":"https:\/\/wp.ufpel.edu.br\/patrimonioindustrial\/wp-json\/wp\/v2\/pages\/511"}],"wp:featuredmedia":[{"embeddable":true,"href":"https:\/\/wp.ufpel.edu.br\/patrimonioindustrial\/wp-json\/wp\/v2\/media\/262"}],"wp:attachment":[{"href":"https:\/\/wp.ufpel.edu.br\/patrimonioindustrial\/wp-json\/wp\/v2\/media?parent=505"}],"curies":[{"name":"wp","href":"https:\/\/api.w.org\/{rel}","templated":true}]}}