{"id":47,"date":"2020-08-28T15:38:22","date_gmt":"2020-08-28T18:38:22","guid":{"rendered":"https:\/\/wp.ufpel.edu.br\/patrimonioindustrial\/?page_id=47"},"modified":"2020-09-14T14:37:33","modified_gmt":"2020-09-14T17:37:33","slug":"patrimonio-industrial-adquirido-pela-ufpel","status":"publish","type":"page","link":"https:\/\/wp.ufpel.edu.br\/patrimonioindustrial\/o-projeto\/patrimonio-industrial-adquirido-pela-ufpel\/","title":{"rendered":"Patrim\u00f4nio industrial adquirido pela UFPel"},"content":{"rendered":"<p style=\"text-align: justify\"><span style=\"font-weight: 400\">No caso das ex f\u00e1bricas adquiridas pela UFPel, houve uma re-adequa\u00e7\u00e3o das estruturas industriais em desuso, ao serem ressignificados como centros de ensino, pesquisa, etc., atendeu-se a fun\u00e7\u00f5es importantes que a sociedade hoje necessita. Existem valiosos esfor\u00e7os de estudantes e professores dos diferentes cursos da UFPel plasmados em diversas pesquisas sobre esse patrim\u00f4nio industrial. Elas s\u00e3o fundamentais para o conhecimento do mesmo mas tamb\u00e9m s\u00e3o uma advert\u00eancia sobre o que ainda n\u00e3o foi pesquisado nem valorizado. Demonstra a necessidade de continuar trabalhando nessa dire\u00e7\u00e3o, de unificar esfor\u00e7os com um olhar interdisciplinar e conscientizar para reconhecer esses lugares como um legado. <\/span><b>\u00a0<\/b><\/p>\n<p style=\"text-align: center;font-size: 14px\"><strong>Edif\u00edcios industriais adquiridos pela UFPel<\/strong><br \/>\n<img loading=\"lazy\" decoding=\"async\" class=\"alignnone size-medium wp-image-237\" src=\"https:\/\/wp.ufpel.edu.br\/patrimonioindustrial\/files\/2020\/09\/Captura-de-Tela-2020-09-14-a\u0300s-14.32.13-400x241.png\" alt=\"\" width=\"400\" height=\"241\" srcset=\"https:\/\/wp.ufpel.edu.br\/patrimonioindustrial\/files\/2020\/09\/Captura-de-Tela-2020-09-14-a\u0300s-14.32.13-400x241.png 400w, https:\/\/wp.ufpel.edu.br\/patrimonioindustrial\/files\/2020\/09\/Captura-de-Tela-2020-09-14-a\u0300s-14.32.13-768x463.png 768w, https:\/\/wp.ufpel.edu.br\/patrimonioindustrial\/files\/2020\/09\/Captura-de-Tela-2020-09-14-a\u0300s-14.32.13-498x300.png 498w, https:\/\/wp.ufpel.edu.br\/patrimonioindustrial\/files\/2020\/09\/Captura-de-Tela-2020-09-14-a\u0300s-14.32.13.png 900w\" sizes=\"auto, (max-width: 400px) 100vw, 400px\" \/><br \/>\n<span style=\"font-size: 10px;text-align: justify\">Fonte: Elaborado pela equipe do projeto a partir dos dados da Pr\u00f3-Reitoria de Planejamento e Desenvolvimento \u2013 PROPLAN \u2013 UFPel, 2019.<\/span><\/p>\n","protected":false},"excerpt":{"rendered":"<p>No caso das ex f\u00e1bricas adquiridas pela UFPel, houve uma re-adequa\u00e7\u00e3o das estruturas industriais em desuso, ao serem ressignificados como centros de ensino, pesquisa, etc., atendeu-se a fun\u00e7\u00f5es importantes que a sociedade hoje necessita. Existem valiosos esfor\u00e7os de estudantes e professores dos diferentes cursos da UFPel plasmados em diversas pesquisas sobre esse patrim\u00f4nio industrial. Elas&#8230; <\/p>\n<div class=\"link-more\"><a href=\"https:\/\/wp.ufpel.edu.br\/patrimonioindustrial\/o-projeto\/patrimonio-industrial-adquirido-pela-ufpel\/\">Leia mais<\/a><\/div>\n","protected":false},"author":1067,"featured_media":0,"parent":12,"menu_order":3,"comment_status":"closed","ping_status":"closed","template":"","meta":{"footnotes":""},"class_list":["post-47","page","type-page","status-publish","hentry"],"_links":{"self":[{"href":"https:\/\/wp.ufpel.edu.br\/patrimonioindustrial\/wp-json\/wp\/v2\/pages\/47","targetHints":{"allow":["GET"]}}],"collection":[{"href":"https:\/\/wp.ufpel.edu.br\/patrimonioindustrial\/wp-json\/wp\/v2\/pages"}],"about":[{"href":"https:\/\/wp.ufpel.edu.br\/patrimonioindustrial\/wp-json\/wp\/v2\/types\/page"}],"author":[{"embeddable":true,"href":"https:\/\/wp.ufpel.edu.br\/patrimonioindustrial\/wp-json\/wp\/v2\/users\/1067"}],"replies":[{"embeddable":true,"href":"https:\/\/wp.ufpel.edu.br\/patrimonioindustrial\/wp-json\/wp\/v2\/comments?post=47"}],"version-history":[{"count":6,"href":"https:\/\/wp.ufpel.edu.br\/patrimonioindustrial\/wp-json\/wp\/v2\/pages\/47\/revisions"}],"predecessor-version":[{"id":238,"href":"https:\/\/wp.ufpel.edu.br\/patrimonioindustrial\/wp-json\/wp\/v2\/pages\/47\/revisions\/238"}],"up":[{"embeddable":true,"href":"https:\/\/wp.ufpel.edu.br\/patrimonioindustrial\/wp-json\/wp\/v2\/pages\/12"}],"wp:attachment":[{"href":"https:\/\/wp.ufpel.edu.br\/patrimonioindustrial\/wp-json\/wp\/v2\/media?parent=47"}],"curies":[{"name":"wp","href":"https:\/\/api.w.org\/{rel}","templated":true}]}}