{"id":329,"date":"2020-09-25T16:41:31","date_gmt":"2020-09-25T19:41:31","guid":{"rendered":"https:\/\/wp.ufpel.edu.br\/patrimonioindustrial\/?page_id=329"},"modified":"2020-10-06T15:21:07","modified_gmt":"2020-10-06T18:21:07","slug":"sites","status":"publish","type":"page","link":"https:\/\/wp.ufpel.edu.br\/patrimonioindustrial\/relacionados\/sites\/","title":{"rendered":"Sites"},"content":{"rendered":"<p><a href=\"https:\/\/wp.ufpel.edu.br\/ndh\/\" target=\"_blank\" rel=\"noopener noreferrer\">N\u00facleo de Documenta\u00e7\u00e3o Hist\u00f3rica da UFPel &#8211; Professora Beatriz Loner<\/a><\/p>\n","protected":false},"excerpt":{"rendered":"<p>N\u00facleo de Documenta\u00e7\u00e3o Hist\u00f3rica da UFPel &#8211; Professora Beatriz Loner<\/p>\n","protected":false},"author":1067,"featured_media":0,"parent":51,"menu_order":0,"comment_status":"closed","ping_status":"closed","template":"","meta":{"footnotes":""},"class_list":["post-329","page","type-page","status-publish","hentry"],"_links":{"self":[{"href":"https:\/\/wp.ufpel.edu.br\/patrimonioindustrial\/wp-json\/wp\/v2\/pages\/329","targetHints":{"allow":["GET"]}}],"collection":[{"href":"https:\/\/wp.ufpel.edu.br\/patrimonioindustrial\/wp-json\/wp\/v2\/pages"}],"about":[{"href":"https:\/\/wp.ufpel.edu.br\/patrimonioindustrial\/wp-json\/wp\/v2\/types\/page"}],"author":[{"embeddable":true,"href":"https:\/\/wp.ufpel.edu.br\/patrimonioindustrial\/wp-json\/wp\/v2\/users\/1067"}],"replies":[{"embeddable":true,"href":"https:\/\/wp.ufpel.edu.br\/patrimonioindustrial\/wp-json\/wp\/v2\/comments?post=329"}],"version-history":[{"count":4,"href":"https:\/\/wp.ufpel.edu.br\/patrimonioindustrial\/wp-json\/wp\/v2\/pages\/329\/revisions"}],"predecessor-version":[{"id":350,"href":"https:\/\/wp.ufpel.edu.br\/patrimonioindustrial\/wp-json\/wp\/v2\/pages\/329\/revisions\/350"}],"up":[{"embeddable":true,"href":"https:\/\/wp.ufpel.edu.br\/patrimonioindustrial\/wp-json\/wp\/v2\/pages\/51"}],"wp:attachment":[{"href":"https:\/\/wp.ufpel.edu.br\/patrimonioindustrial\/wp-json\/wp\/v2\/media?parent=329"}],"curies":[{"name":"wp","href":"https:\/\/api.w.org\/{rel}","templated":true}]}}