{"id":15,"date":"2020-08-28T15:15:49","date_gmt":"2020-08-28T18:15:49","guid":{"rendered":"https:\/\/wp.ufpel.edu.br\/patrimonioindustrial\/?page_id=15"},"modified":"2023-01-03T10:12:15","modified_gmt":"2023-01-03T13:12:15","slug":"equipe","status":"publish","type":"page","link":"https:\/\/wp.ufpel.edu.br\/patrimonioindustrial\/equipe\/","title":{"rendered":"Equipe"},"content":{"rendered":"<p><img loading=\"lazy\" decoding=\"async\" class=\"alignnone wp-image-102\" src=\"https:\/\/wp.ufpel.edu.br\/patrimonioindustrial\/files\/2020\/08\/Ana-Sosa-e1598660898717-372x400.jpeg\" alt=\"\" width=\"169\" height=\"182\" srcset=\"https:\/\/wp.ufpel.edu.br\/patrimonioindustrial\/files\/2020\/08\/Ana-Sosa-e1598660898717-372x400.jpeg 372w, https:\/\/wp.ufpel.edu.br\/patrimonioindustrial\/files\/2020\/08\/Ana-Sosa-e1598660898717.jpeg 550w\" sizes=\"auto, (max-width: 169px) 100vw, 169px\" \/><\/p>\n<p><b>Prof.\u00aa Dr.\u00aa Ana Mar\u00eda Sosa Gonz\u00e1lez (Coordenadora do projeto)<\/b><\/p>\n<p style=\"text-align: justify;\"><span style=\"font-weight: 400;\">Professora de Hist\u00f3ria (1997) pelo Instituto de Profesores Artigas (IPA) &#8211; Uruguai. Doutora (2011) e Mestre (2007) em Hist\u00f3ria pela Pontif\u00edcia Universidade Cat\u00f3lica do Rio Grande do Sul &#8211; PUCRS-, P\u00f3s-Doutorado no Programa de P\u00f3s-Gradua\u00e7\u00e3o em Mem\u00f3ria Social e Patrim\u00f4nio Cultural da UFPel (2011-2016). Professora Visitante no Programa de P\u00f3s-Gradua\u00e7\u00e3o em Hist\u00f3ria desde 2018.<\/span><\/p>\n<p><img loading=\"lazy\" decoding=\"async\" class=\"alignnone size-thumbnail wp-image-718\" src=\"https:\/\/wp.ufpel.edu.br\/patrimonioindustrial\/files\/2022\/07\/WhatsApp-Image-2022-07-14-at-11.30.36-200x200.jpeg\" alt=\"\" width=\"200\" height=\"200\" \/><\/p>\n<p><strong>Andr\u00e9 Alves da Silva<\/strong><\/p>\n<p>Graduando de Bacharelado em Hist\u00f3ria pela Universidade Federal de Pelotas \u2013 UFPel (ano de ingresso: 2020). Bolsista no Programa de Bolsa de Inicia\u00e7\u00e3o \u00e0 Pesquisa em \u00c1reas Estrat\u00e9gicas \u2013 PBIP-AE\/UFPel (mar\u00e7o 2022 \u2013 agosto 2022).<\/p>\n<p><img loading=\"lazy\" decoding=\"async\" class=\"alignnone wp-image-486\" src=\"https:\/\/wp.ufpel.edu.br\/patrimonioindustrial\/files\/2021\/05\/IMG_7541_Original-400x400.jpg\" alt=\"\" width=\"190\" height=\"190\" srcset=\"https:\/\/wp.ufpel.edu.br\/patrimonioindustrial\/files\/2021\/05\/IMG_7541_Original-400x400.jpg 400w, https:\/\/wp.ufpel.edu.br\/patrimonioindustrial\/files\/2021\/05\/IMG_7541_Original-1022x1024.jpg 1022w, https:\/\/wp.ufpel.edu.br\/patrimonioindustrial\/files\/2021\/05\/IMG_7541_Original-200x200.jpg 200w, https:\/\/wp.ufpel.edu.br\/patrimonioindustrial\/files\/2021\/05\/IMG_7541_Original-768x770.jpg 768w, https:\/\/wp.ufpel.edu.br\/patrimonioindustrial\/files\/2021\/05\/IMG_7541_Original-1533x1536.jpg 1533w, https:\/\/wp.ufpel.edu.br\/patrimonioindustrial\/files\/2021\/05\/IMG_7541_Original-299x300.jpg 299w, https:\/\/wp.ufpel.edu.br\/patrimonioindustrial\/files\/2021\/05\/IMG_7541_Original.jpg 1897w\" sizes=\"auto, (max-width: 190px) 100vw, 190px\" \/><\/p>\n<p><b>Bruno dos Santos Bengochea<\/b><\/p>\n<p style=\"text-align: justify;\"><span style=\"font-weight: 400;\">Graduado no curso de Licenciatura em Hist\u00f3ria (2019) e no curso Tecn\u00f3logo em An\u00e1lise e Desenvolvimento de Sistemas (2012), ambos pela Universidade Federal de Rio Grande &#8211; FURG. Mestrando no Programa de P\u00f3s-Gradua\u00e7\u00e3o em Hist\u00f3ria &#8211; UFPel (ano de ingresso: 2020).<\/span><\/p>\n<p><img loading=\"lazy\" decoding=\"async\" class=\"alignnone wp-image-167\" src=\"https:\/\/wp.ufpel.edu.br\/patrimonioindustrial\/files\/2020\/09\/IMG_20200430_123252_664-e1599659118856-400x392.jpg\" alt=\"\" width=\"190\" height=\"186\" srcset=\"https:\/\/wp.ufpel.edu.br\/patrimonioindustrial\/files\/2020\/09\/IMG_20200430_123252_664-e1599659118856-400x392.jpg 400w, https:\/\/wp.ufpel.edu.br\/patrimonioindustrial\/files\/2020\/09\/IMG_20200430_123252_664-e1599659118856-1024x1003.jpg 1024w, https:\/\/wp.ufpel.edu.br\/patrimonioindustrial\/files\/2020\/09\/IMG_20200430_123252_664-e1599659118856-768x752.jpg 768w, https:\/\/wp.ufpel.edu.br\/patrimonioindustrial\/files\/2020\/09\/IMG_20200430_123252_664-e1599659118856-1536x1505.jpg 1536w, https:\/\/wp.ufpel.edu.br\/patrimonioindustrial\/files\/2020\/09\/IMG_20200430_123252_664-e1599659118856-306x300.jpg 306w, https:\/\/wp.ufpel.edu.br\/patrimonioindustrial\/files\/2020\/09\/IMG_20200430_123252_664-e1599659118856.jpg 1920w\" sizes=\"auto, (max-width: 190px) 100vw, 190px\" \/><\/p>\n<p><b>Caroline Cardoso da Silva<\/b><\/p>\n<p style=\"text-align: justify;\"><span style=\"font-weight: 400;\">Graduada no curso de Licenciatura em Hist\u00f3ria pela Universidade Federal de Pelotas &#8211; UFPel (2018). Atualmente, Bacharelanda em Hist\u00f3ria pela UFPel e Mestranda em Hist\u00f3ria pelo Programa de P\u00f3s-Gradua\u00e7\u00e3o em Hist\u00f3ria da UFPel (ano de ingresso em ambos os cursos: 2019).\u00a0<\/span><\/p>\n<p><img loading=\"lazy\" decoding=\"async\" class=\"alignnone wp-image-144\" src=\"https:\/\/wp.ufpel.edu.br\/patrimonioindustrial\/files\/2020\/09\/FOTO-SITE-e1599145320875.jpeg\" alt=\"\" width=\"184\" height=\"195\" \/><\/p>\n<p><b>Cristiele Santos de Souza<\/b><\/p>\n<p style=\"text-align: justify;\"><span style=\"font-weight: 400;\">Graduada no curso de Hist\u00f3ria pela Universidade Federal de Santa Maria &#8211; UFSM (2008). Mestre (2014) e doutoranda no Programa de Mem\u00f3ria Social e Patrim\u00f4nio Cultural pela Universidade Federal de Pelotas &#8211; UFPel (ano de ingresso: 2019).<\/span><\/p>\n<p><img loading=\"lazy\" decoding=\"async\" class=\"alignnone wp-image-168\" src=\"https:\/\/wp.ufpel.edu.br\/patrimonioindustrial\/files\/2020\/09\/IMG_3116_2-389x400.jpg\" alt=\"\" width=\"191\" height=\"197\" srcset=\"https:\/\/wp.ufpel.edu.br\/patrimonioindustrial\/files\/2020\/09\/IMG_3116_2-389x400.jpg 389w, https:\/\/wp.ufpel.edu.br\/patrimonioindustrial\/files\/2020\/09\/IMG_3116_2-997x1024.jpg 997w, https:\/\/wp.ufpel.edu.br\/patrimonioindustrial\/files\/2020\/09\/IMG_3116_2-768x789.jpg 768w, https:\/\/wp.ufpel.edu.br\/patrimonioindustrial\/files\/2020\/09\/IMG_3116_2-292x300.jpg 292w, https:\/\/wp.ufpel.edu.br\/patrimonioindustrial\/files\/2020\/09\/IMG_3116_2.jpg 1319w\" sizes=\"auto, (max-width: 191px) 100vw, 191px\" \/><\/p>\n<p><b>Daniela Vieira Goularte<\/b><\/p>\n<p style=\"text-align: justify;\"><span style=\"font-weight: 400;\">Graduada no curso de Arquitetura e Urbanismo pela Universidade Federal de Pelotas &#8211; UFPel (2006). Especialista em Artes Visuais &#8211; UFPel (2014). Mestre pelo Programa de P\u00f3s-Gradua\u00e7\u00e3o em Mem\u00f3ria Social e Patrim\u00f4nio Cultural &#8211; UFPel (2021).<\/span><\/p>\n<p><img loading=\"lazy\" decoding=\"async\" class=\"alignnone wp-image-243\" src=\"https:\/\/wp.ufpel.edu.br\/patrimonioindustrial\/files\/2020\/09\/Elvis-Silveira-SImoes-e1600280754675-380x400.jpg\" alt=\"\" width=\"186\" height=\"195\" \/><\/p>\n<p><b>Elvis Silveira Sim\u00f5es<\/b><\/p>\n<p style=\"text-align: justify;\"><span style=\"font-weight: 400;\">Graduado no curso de Licenciatura em Hist\u00f3ria pela Universidade Federal de Pelotas &#8211; UFPel (2014). Mestre (2017) e Doutorando no Programa de P\u00f3s Gradua\u00e7\u00e3o em Hist\u00f3ria &#8211; UFPel (ano de ingresso: 2019).\u00a0<\/span><\/p>\n<p><img loading=\"lazy\" decoding=\"async\" class=\"alignnone wp-image-484\" src=\"https:\/\/wp.ufpel.edu.br\/patrimonioindustrial\/files\/2021\/05\/IMG_8887-2-1-400x400.jpg\" alt=\"\" width=\"188\" height=\"188\" srcset=\"https:\/\/wp.ufpel.edu.br\/patrimonioindustrial\/files\/2021\/05\/IMG_8887-2-1-400x400.jpg 400w, https:\/\/wp.ufpel.edu.br\/patrimonioindustrial\/files\/2021\/05\/IMG_8887-2-1-200x200.jpg 200w, https:\/\/wp.ufpel.edu.br\/patrimonioindustrial\/files\/2021\/05\/IMG_8887-2-1-300x300.jpg 300w, https:\/\/wp.ufpel.edu.br\/patrimonioindustrial\/files\/2021\/05\/IMG_8887-2-1.jpg 532w\" sizes=\"auto, (max-width: 188px) 100vw, 188px\" \/><\/p>\n<p><b>Giovani Bertolazi Brazil<\/b><\/p>\n<p><span style=\"font-weight: 400;\">Graduado no curso de Bacharelado em Hist\u00f3ria (2018) e no curso de Licenciatura em Hist\u00f3ria (2021) pela Universidade Federal de Santa Maria \u2013 UFSM. Mestrando no Programa de P\u00f3s-Gradua\u00e7\u00e3o em Hist\u00f3ria \u2013 UFPel (ano de ingresso: 2021).<\/span><\/p>\n<p><img loading=\"lazy\" decoding=\"async\" class=\"alignnone wp-image-240\" src=\"https:\/\/wp.ufpel.edu.br\/patrimonioindustrial\/files\/2020\/09\/WhatsApp-Image-2020-09-10-at-22.48.27-e1600280374524-400x393.jpeg\" alt=\"\" width=\"193\" height=\"189\" srcset=\"https:\/\/wp.ufpel.edu.br\/patrimonioindustrial\/files\/2020\/09\/WhatsApp-Image-2020-09-10-at-22.48.27-e1600280374524-400x393.jpeg 400w, https:\/\/wp.ufpel.edu.br\/patrimonioindustrial\/files\/2020\/09\/WhatsApp-Image-2020-09-10-at-22.48.27-e1600280374524-1024x1005.jpeg 1024w, https:\/\/wp.ufpel.edu.br\/patrimonioindustrial\/files\/2020\/09\/WhatsApp-Image-2020-09-10-at-22.48.27-e1600280374524-768x754.jpeg 768w, https:\/\/wp.ufpel.edu.br\/patrimonioindustrial\/files\/2020\/09\/WhatsApp-Image-2020-09-10-at-22.48.27-e1600280374524-306x300.jpeg 306w, https:\/\/wp.ufpel.edu.br\/patrimonioindustrial\/files\/2020\/09\/WhatsApp-Image-2020-09-10-at-22.48.27-e1600280374524.jpeg 1027w\" sizes=\"auto, (max-width: 193px) 100vw, 193px\" \/><\/p>\n<p><b>J\u00e9ssica Rodrigues Bandeira Peres\u00a0<\/b><\/p>\n<p style=\"text-align: justify;\"><span style=\"font-weight: 400;\">Graduada no Curso de Bacharelado em Hist\u00f3ria pela Universidade Federal de Pelotas &#8211; UFPel (2018). Mestre em Hist\u00f3ria (2021) e Doutoranda no Programa de P\u00f3s-Gradua\u00e7\u00e3o em Hist\u00f3ria &#8211; UFPel (ano de ingresso: 2021).<\/span><\/p>\n<p><img loading=\"lazy\" decoding=\"async\" class=\"alignnone wp-image-239\" src=\"https:\/\/wp.ufpel.edu.br\/patrimonioindustrial\/files\/2020\/09\/WhatsApp-Image-2020-09-11-at-08.25.15-e1600280295842.jpeg\" alt=\"\" width=\"196\" height=\"198\" \/><\/p>\n<p><b>Jossana Peil Coelho<\/b><\/p>\n<p style=\"text-align: justify;\"><span style=\"font-weight: 400;\">Graduada no Curso de Bacharelado em Museologia pela Universidade Federal de Pelotas &#8211; UFPel (2014). Mestre (2016) e Doutora pelo Programa de P\u00f3s-Gradua\u00e7\u00e3o em Mem\u00f3ria Social e Patrim\u00f4nio Cultural &#8211; UFPel (2021).<\/span><\/p>\n<p><img loading=\"lazy\" decoding=\"async\" class=\"alignnone wp-image-241\" src=\"https:\/\/wp.ufpel.edu.br\/patrimonioindustrial\/files\/2020\/09\/WhatsApp-Image-2020-09-10-at-21.40.51-e1600280443201-362x400.jpeg\" alt=\"\" width=\"172\" height=\"190\" \/><\/p>\n<p><b>M\u00f4nica Macedo<\/b><\/p>\n<p style=\"text-align: justify;\"><span style=\"font-weight: 400;\">Graduada em Arquitetura e Urbanismo <\/span><span style=\"font-weight: 400;\">pela Universidade Federal de Pelotas- UFPel (1997). <\/span><span style=\"font-weight: 400;\">Mestre em Mem\u00f3ria Social e Patrim\u00f4nio Cultural &#8211; UFPel <\/span><span style=\"font-weight: 400;\">(2020). D<\/span><span style=\"font-weight: 400;\">outoranda <\/span><span style=\"font-weight: 400;\">no Programa de P\u00f3s-Gradua\u00e7\u00e3o em Hist\u00f3ria <\/span><span style=\"font-weight: 400;\">&#8211; UFPel <\/span><span style=\"font-weight: 400;\">(ano de ingresso: 2020).<\/span><\/p>\n<p><img loading=\"lazy\" decoding=\"async\" class=\"alignnone size-thumbnail wp-image-701\" src=\"https:\/\/wp.ufpel.edu.br\/patrimonioindustrial\/files\/2022\/06\/1656628390531-200x200.jpeg\" alt=\"\" width=\"200\" height=\"200\" \/><\/p>\n<p><strong>Rafaela May Amaral<\/strong><\/p>\n<p>Graduanda no curso de Licenciatura em Hist\u00f3ria pela Universidade Federal de Pelotas &#8211; UFPel (Ano de ingresso: 2020). Bolsista no Programa Institucional de Bolsas de Inicia\u00e7\u00e3o Cient\u00edfica &#8211; PIBIC\/CNPq (Ingresso: set\/2021).<\/p>\n<p><img loading=\"lazy\" decoding=\"async\" class=\"alignnone wp-image-143\" src=\"https:\/\/wp.ufpel.edu.br\/patrimonioindustrial\/files\/2020\/09\/foto-site-equipe_RAYANNE-400x356.png\" alt=\"\" width=\"187\" height=\"166\" \/><\/p>\n<p><b>Rayanne Matias Villarinho\u00a0<\/b><\/p>\n<p style=\"text-align: justify;\"><span style=\"font-weight: 400;\">Graduada no Curso de Rela\u00e7\u00f5es Internacionais pela Universidade Federal de Pelotas &#8211; UFPel (2018). Mestre em Hist\u00f3ria pelo Programa de P\u00f3s Gradua\u00e7\u00e3o em Hist\u00f3ria &#8211; UFPel (2021). Graduanda no curso de Licenciatura de Hist\u00f3ria pela UFPel (ano de ingresso: 2020). Bolsista no Programa Institucional de Bolsas de Inicia\u00e7\u00e3o Cient\u00edfica &#8211; PIBIC\/CNPq <\/span><span style=\"font-weight: 400;\">(junho 2020 &#8211; agosto 2021).<\/span><\/p>\n<p><img loading=\"lazy\" decoding=\"async\" class=\"alignnone wp-image-242\" src=\"https:\/\/wp.ufpel.edu.br\/patrimonioindustrial\/files\/2020\/09\/WhatsApp-Image-2020-09-10-at-20.22.12-e1600280588362-397x400.jpeg\" alt=\"\" width=\"187\" height=\"188\" srcset=\"https:\/\/wp.ufpel.edu.br\/patrimonioindustrial\/files\/2020\/09\/WhatsApp-Image-2020-09-10-at-20.22.12-e1600280588362-397x400.jpeg 397w, https:\/\/wp.ufpel.edu.br\/patrimonioindustrial\/files\/2020\/09\/WhatsApp-Image-2020-09-10-at-20.22.12-e1600280588362-200x200.jpeg 200w, https:\/\/wp.ufpel.edu.br\/patrimonioindustrial\/files\/2020\/09\/WhatsApp-Image-2020-09-10-at-20.22.12-e1600280588362-768x774.jpeg 768w, https:\/\/wp.ufpel.edu.br\/patrimonioindustrial\/files\/2020\/09\/WhatsApp-Image-2020-09-10-at-20.22.12-e1600280588362-298x300.jpeg 298w, https:\/\/wp.ufpel.edu.br\/patrimonioindustrial\/files\/2020\/09\/WhatsApp-Image-2020-09-10-at-20.22.12-e1600280588362.jpeg 814w\" sizes=\"auto, (max-width: 187px) 100vw, 187px\" \/><\/p>\n<p><b>Taiane Mendes Taborda\u00a0<\/b><\/p>\n<p style=\"text-align: justify;\"><span style=\"font-weight: 400;\">Graduada no curso de Licenciatura em Hist\u00f3ria pela Universidade Federal de Pelotas &#8211; UFPel (2006). Especializa\u00e7\u00e3o em Gest\u00e3o Escolar pela Universidade Castelo Branco (2008). Mestre (2012) e Doutoranda no Programa de P\u00f3s Gradua\u00e7\u00e3o em Hist\u00f3ria &#8211; UFPel (ano de ingresso: 2019). Professora de Ensino M\u00e9dio no Col\u00e9gio Gonzaga, Pelotas, RS.<\/span><\/p>\n<p><img loading=\"lazy\" decoding=\"async\" class=\"alignnone wp-image-145\" src=\"https:\/\/wp.ufpel.edu.br\/patrimonioindustrial\/files\/2020\/09\/foto-thiago-cedrez-para-o-site-e1599145196487.png\" alt=\"\" width=\"180\" height=\"179\" srcset=\"https:\/\/wp.ufpel.edu.br\/patrimonioindustrial\/files\/2020\/09\/foto-thiago-cedrez-para-o-site-e1599145196487.png 220w, https:\/\/wp.ufpel.edu.br\/patrimonioindustrial\/files\/2020\/09\/foto-thiago-cedrez-para-o-site-e1599145196487-200x200.png 200w\" sizes=\"auto, (max-width: 180px) 100vw, 180px\" \/><\/p>\n<p><b>Thiago Cedrez da Silva<\/b><\/p>\n<p style=\"text-align: justify;\"><span style=\"font-weight: 400;\">Graduado no curso de Licenciatura em Hist\u00f3ria pela Universidade Federal de Pelotas &#8211; UFPel (2013). Especializa\u00e7\u00e3o em Psicologia e Coaching (Faculdade Metropolitana) (2020); Mestre (2016) e Doutorando <\/span><span style=\"font-weight: 400;\">no Programa de P\u00f3s Gradua\u00e7\u00e3o em Hist\u00f3ria<\/span><span style=\"font-weight: 400;\"> &#8211; UFPel (ano de ingresso: 2019). Professor na P\u00f3s-Gradua\u00e7\u00e3o da Faculdade de Tecnologias SENAC\/Pelotas -RS.<\/span><\/p>\n<p><b>Integrantes da equipe do projeto em 2019 &#8211; 2022:\u00a0<\/b><\/p>\n<p><b>Elisa Elias Cabete<\/b><\/p>\n<p style=\"text-align: justify;\"><span style=\"font-weight: 400;\">Graduada no curso de Licenciatura em Hist\u00f3ria pelo Centro Universit\u00e1rio Bar\u00e3o de Mau\u00e1 (2014). Graduanda no curso de Bacharelado em Conserva\u00e7\u00e3o e Restaura\u00e7\u00e3o de Bens Culturais M\u00f3veis (ano de ingresso: 2016). Mestranda no Programa de P\u00f3s-Gradua\u00e7\u00e3o em Hist\u00f3ria &#8211; UFPEL (ano de ingresso: 2019).<\/span><\/p>\n<p><b>Gabriel Vaz Maciel<\/b><\/p>\n<p style=\"text-align: justify;\"><span style=\"font-weight: 400;\">Graduando em Hist\u00f3ria pela Universidade Federal de Pelotas &#8211; UFPel <\/span><span style=\"font-weight: 400;\">(ano de ingresso: 2018)<\/span><span style=\"font-weight: 400;\">. <\/span><span style=\"font-weight: 400;\">Bolsista no Programa de Bolsa de Inicia\u00e7\u00e3o \u00e0 Pesquisa em \u00c1reas Estrat\u00e9gicas &#8211; PBIP-AE\/UFPel (agosto 2020 &#8211; janeiro 2021)<\/span><\/p>\n<p><b>Januza da Silva Pereira<\/b><\/p>\n<p style=\"text-align: justify;\"><span style=\"font-weight: 400;\">Graduanda no curso de Engenharia de Produ\u00e7\u00e3o pela Universidade Federal de Pelotas &#8211; UFPel (ano de ingresso: 2019). Bolsista do Programa de Bolsas de Inicia\u00e7\u00e3o \u00e0 Pesquisa\/A\u00e7\u00f5es Afirmativas &#8211; UFPel (maio-julho, 2019).<\/span><\/p>\n<p><b>J\u00e9ssica Bitencourt Lopes<\/b><\/p>\n<p style=\"text-align: justify;\"><span style=\"font-weight: 400;\">Graduada no curso de Licenciatura em Hist\u00f3ria (2018) e graduanda no Curso de Bacharelado em Hist\u00f3ria pela Universidade Federal de Pelotas &#8211; UFPel (2019). Mestre em Hist\u00f3ria no Programa de P\u00f3s-Gradua\u00e7\u00e3o em Hist\u00f3ria &#8211; UFPel (2021).<\/span><\/p>\n<p><b>Rodrigo de Jesus dos Santos<\/b><\/p>\n<p><span style=\"font-weight: 400;\">Graduando de Bacharelado em Hist\u00f3ria pela Universidade Federal de Pelotas &#8211; UFPel <\/span><span style=\"font-weight: 400;\">(ano de ingresso: 2018)<\/span><span style=\"font-weight: 400;\">. <\/span><span style=\"font-weight: 400;\">Bolsista no Programa de Bolsa de Inicia\u00e7\u00e3o \u00e0 Pesquisa em \u00c1reas Estrat\u00e9gicas &#8211; PBIP-AE\/UFPel (abril 2021 &#8211; mar\u00e7o 2022).<\/span><\/p>\n<p><b>Professores\u00a0 e funcion\u00e1rios colaboradores:\u00a0<\/b><\/p>\n<p><b>Prof\u00aa. Dra. Andrea Bachettini<\/b><\/p>\n<p style=\"text-align: justify;\"><span style=\"font-weight: 400;\">Graduada em Gravura (1992) e em Pintura (1994). Especialista em Patrim\u00f4nio Cultural: Conserva\u00e7\u00e3o de Artefatos (1997), todos pela Universidade Federal de Pelotas. Especialista em Conserva\u00e7\u00e3o e Restaura\u00e7\u00e3o de Bens Culturais pela Universidade Federal de Minas Gerais (2001). Mestre em Hist\u00f3ria pela Pontif\u00edcia Universidade Cat\u00f3lica do Rio Grande do Sul (2003), Doutora pelo Programa de P\u00f3s-Gradua\u00e7\u00e3o em Mem\u00f3ria Social e Patrim\u00f4nio Cultural do ICH\/UFPel (2017).\u00a0 Professora no Curso de Bacharelado em Conserva\u00e7\u00e3o e Restauro de Bens Culturais. Chefia a Divis\u00e3o de Mapeamento e Invent\u00e1rios em Extens\u00e3o da Pr\u00f3-Reitoria de Extens\u00e3o e Cultura da UFPel (gest\u00e3o 2017-2020). \u00c9 Vice-diretora do Instituto de Ci\u00eancias Humanas da UFPel (gest\u00e3o 2018-2022).<\/span><\/p>\n<p><b>Prof\u00aa. Dra. Francisca Ferreira Michelon<\/b><\/p>\n<p style=\"text-align: justify;\"><span style=\"font-weight: 400;\">Graduada em Artes Visuais &#8211; Licenciatura Plena (1987). Mestre em Artes Visuais pela Universidade Federal do Rio Grande do Sul (1993). Doutora em Hist\u00f3ria pela Pontif\u00edcia Universidade Cat\u00f3lica do Rio Grande do Sul (2001). Est\u00e1gio p\u00f3s-doutoral no Arquivo Fotogr\u00e1fico da C\u00e2mara de Lisboa (2009). Professora do <\/span><span style=\"font-weight: 400;\">Programa de P\u00f3s-Gradua\u00e7\u00e3o em Mem\u00f3ria Social e Patrim\u00f4nio Cultural e dos Cursos de Museologia e de Conserva\u00e7\u00e3o e Restauro de Bens Culturais M\u00f3veis da UFPel<\/span><span style=\"font-weight: 400;\">. Atualmente exerce o cargo de Pr\u00f3-Reitora de Extens\u00e3o e Cultura da UFPel (gest\u00e3o 2017-2020).<\/span><\/p>\n<p><b>Prof\u00aa. Dra. Laura Susana Zamudio Vega<\/b><\/p>\n<p style=\"text-align: justify;\"><span style=\"font-weight: 400;\">Licenciada em Arquitetura (2005) pela Universidad de Sonora, M\u00e9xico. Magister em Proyectos Avanzados de Arquitectura y Ciudad (2008) pela Universidad de Alcal\u00e1, Espanha. Doutora em Arquitetura pela Universidad de Alcal\u00e1, Espanha (2015). Desde 2016, \u00e9 Professora Pesquisadora do Programa Educativo de Arquitectura da Faculdade de Ingenier\u00eda, Arquitectura y Dise\u00f1o da Universidad Aut\u00f3noma de Baja California, M\u00e9xico.<\/span><\/p>\n<p><b>Prof\u00aa. Dra. Rita Juliana Poloni<\/b><\/p>\n<p style=\"text-align: justify;\"><span style=\"font-weight: 400;\">Bacharel e Licenciada em Hist\u00f3ria pela Universidade Federal do Esp\u00edrito Santo (2003). Mestre em Teorias e M\u00e9todos da Arqueologia pela Universidade do Algarve (2007). P\u00f3s-graduada em Antropologia Cultural pelo Instituto de Ci\u00eancias Sociais da Universidade de Lisboa (2011). Doutora em Hist\u00f3ria da Arqueologia pela Universidade do Algarve (2012). P\u00f3s-Doutorado em Arqueologia pela Universidade de Campinas &#8211;\u00a0 UNICAMP (2015), e P\u00f3s-Doutorado pelo Programa de P\u00f3s-Gradua\u00e7\u00e3o em Mem\u00f3ria Social e Patrim\u00f4nio Cultural da UFPel (2020). \u00c9 professora do Departamento de Museologia e Conserva\u00e7\u00e3o e do Programa de P\u00f3s-Gradua\u00e7\u00e3o em Mem\u00f3ria Social e Patrim\u00f4nio Cultural da UFPel.<\/span><\/p>\n<p><strong>Prof. Dr. Sidney Gon\u00e7alves Vieira<\/strong><\/p>\n<p style=\"text-align: justify;\"><span style=\"font-weight: 400;\">Licenciado em Geografia (1986), Bacharel em Direito (1986) pela Universidade Federal de Pelotas. Mestre em Planejamento Urbano e Regional, PROPUR, Faculdade de Arquitetura e Urbanismo Universidade Federal do Rio Grande do Sul (1997). Doutor em Geografia, Universidade Estadual Paulista J\u00falio de Mesquita Filho. Professor Visitante na Facultad de Filosof\u00eda y Letras, Instituto de Geograf\u00eda de la Universidad de Buenos Aires, Argentina (2020-2021). P\u00f3s-Doutor pelo Departamento de Geografia da Universidade de Barcelona, Espanha (2011). Professor do Departamento de Geografia, do Mestrado em Geografia e do Programa de P\u00f3s Gradua\u00e7\u00e3o em Mem\u00f3ria Social e Patrim\u00f4nio Cultural da Universidade Federal de Pelotas. Coordenador do Laborat\u00f3rio de Estudos Urbanos e Regionais (Leur\/ICH\/UFPel).<\/span><\/p>\n<p><strong><b>Prof\u00aa. <\/b>Dra. Silvana Bojanoski<\/strong><\/p>\n<p style=\"text-align: justify;\"><span style=\"font-weight: 400;\">Graduada em Hist\u00f3ria pela Universidade Federal do Paran\u00e1 (1991). Especialista em Conserva\u00e7\u00e3o e Restaura\u00e7\u00e3o de Obras em Papel pela Universidade Federal do Paran\u00e1 (1998). Mestre em Hist\u00f3ria pela Universidade Estadual de Maring\u00e1 (2007). Doutora em Mem\u00f3ria Social e Patrim\u00f4nio Cultural pela Universidade Federal de Pelotas (2018). Professora do Curso de Gradua\u00e7\u00e3o Conserva\u00e7\u00e3o e Restaura\u00e7\u00e3o de Bens Culturais M\u00f3veis da Universidade Federal de Pelotas desde 2010. Desde 2018 exerce a fun\u00e7\u00e3o de Coordenadora de Patrim\u00f4nio Cultural e Comunidade junto \u00e0 Pr\u00f3-Reitoria de Extens\u00e3o e Cultura (PREC) da UFPel.<\/span><\/p>\n<p><b>M. Sc. Ubirajara Buddin Cruz<\/b><\/p>\n<p style=\"text-align: justify;\"><span style=\"font-weight: 400;\">Graduado em Biblioteconomia (1986), pela Universidade Federal do Rio Grande (FURG), cursou Artes Visuais (incompleto) pela Universidade Federal de Pelotas. Especialista em Desenvolvimento e Gerenciamento de Sistemas de Informa\u00e7\u00e3o em Ci\u00eancia e Tecnologia (1996) pela FURG. Mestre em Mem\u00f3ria Social e Patrim\u00f4nio Cultural (2016) pela UFPel. Atua na Biblioteca de Ci\u00eancia e Tecnologia (UFPel), membro do Comit\u00ea Executivo Editorial e revisor da revista Expressa Extens\u00e3o. Fot\u00f3grafo.<\/span><\/p>\n","protected":false},"excerpt":{"rendered":"<p>Prof.\u00aa Dr.\u00aa Ana Mar\u00eda Sosa Gonz\u00e1lez (Coordenadora do projeto) Professora de Hist\u00f3ria (1997) pelo Instituto de Profesores Artigas (IPA) &#8211; Uruguai. Doutora (2011) e Mestre (2007) em Hist\u00f3ria pela Pontif\u00edcia Universidade Cat\u00f3lica do Rio Grande do Sul &#8211; PUCRS-, P\u00f3s-Doutorado no Programa de P\u00f3s-Gradua\u00e7\u00e3o em Mem\u00f3ria Social e Patrim\u00f4nio Cultural da UFPel (2011-2016). Professora Visitante&#8230; <\/p>\n<div class=\"link-more\"><a href=\"https:\/\/wp.ufpel.edu.br\/patrimonioindustrial\/equipe\/\">Leia mais<\/a><\/div>\n","protected":false},"author":1067,"featured_media":0,"parent":0,"menu_order":2,"comment_status":"closed","ping_status":"closed","template":"","meta":{"footnotes":""},"class_list":["post-15","page","type-page","status-publish","hentry"],"_links":{"self":[{"href":"https:\/\/wp.ufpel.edu.br\/patrimonioindustrial\/wp-json\/wp\/v2\/pages\/15","targetHints":{"allow":["GET"]}}],"collection":[{"href":"https:\/\/wp.ufpel.edu.br\/patrimonioindustrial\/wp-json\/wp\/v2\/pages"}],"about":[{"href":"https:\/\/wp.ufpel.edu.br\/patrimonioindustrial\/wp-json\/wp\/v2\/types\/page"}],"author":[{"embeddable":true,"href":"https:\/\/wp.ufpel.edu.br\/patrimonioindustrial\/wp-json\/wp\/v2\/users\/1067"}],"replies":[{"embeddable":true,"href":"https:\/\/wp.ufpel.edu.br\/patrimonioindustrial\/wp-json\/wp\/v2\/comments?post=15"}],"version-history":[{"count":25,"href":"https:\/\/wp.ufpel.edu.br\/patrimonioindustrial\/wp-json\/wp\/v2\/pages\/15\/revisions"}],"predecessor-version":[{"id":742,"href":"https:\/\/wp.ufpel.edu.br\/patrimonioindustrial\/wp-json\/wp\/v2\/pages\/15\/revisions\/742"}],"wp:attachment":[{"href":"https:\/\/wp.ufpel.edu.br\/patrimonioindustrial\/wp-json\/wp\/v2\/media?parent=15"}],"curies":[{"name":"wp","href":"https:\/\/api.w.org\/{rel}","templated":true}]}}