{"id":122,"date":"2020-08-31T08:43:47","date_gmt":"2020-08-31T11:43:47","guid":{"rendered":"https:\/\/wp.ufpel.edu.br\/patrimonioindustrial\/?page_id=122"},"modified":"2020-11-10T12:06:27","modified_gmt":"2020-11-10T15:06:27","slug":"videos","status":"publish","type":"page","link":"https:\/\/wp.ufpel.edu.br\/patrimonioindustrial\/galeria\/videos\/","title":{"rendered":"V\u00eddeos"},"content":{"rendered":"<p><iframe loading=\"lazy\" title=\"O lugar que recebeu a UFPel: o patrim\u00f4nio industrial compartilhado entre a cidade e a universidade\" width=\"1000\" height=\"563\" src=\"https:\/\/www.youtube.com\/embed\/eCrigf2VCdo?feature=oembed\" frameborder=\"0\" allow=\"accelerometer; autoplay; clipboard-write; encrypted-media; gyroscope; picture-in-picture\" allowfullscreen><\/iframe><\/p>\n<p><iframe loading=\"lazy\" title=\"Urbaniza\u00e7\u00e3o e movimento industrial do Porto P\u00fablico de Pelotas-RS\" width=\"1000\" height=\"563\" src=\"https:\/\/www.youtube.com\/embed\/ZKGzR4Uck6w?feature=oembed\" frameborder=\"0\" allow=\"accelerometer; autoplay; clipboard-write; encrypted-media; gyroscope; picture-in-picture\" allowfullscreen><\/iframe><\/p>\n<p><iframe loading=\"lazy\" title=\"A UFPel e seu Patrim\u00f4nio Industrial\" width=\"1000\" height=\"563\" src=\"https:\/\/www.youtube.com\/embed\/4-ylyvIvrOA?feature=oembed\" frameborder=\"0\" allow=\"accelerometer; autoplay; clipboard-write; encrypted-media; gyroscope; picture-in-picture\" allowfullscreen><\/iframe><\/p>\n","protected":false},"excerpt":{"rendered":"","protected":false},"author":1067,"featured_media":0,"parent":96,"menu_order":2,"comment_status":"closed","ping_status":"closed","template":"","meta":{"footnotes":""},"class_list":["post-122","page","type-page","status-publish","hentry"],"_links":{"self":[{"href":"https:\/\/wp.ufpel.edu.br\/patrimonioindustrial\/wp-json\/wp\/v2\/pages\/122","targetHints":{"allow":["GET"]}}],"collection":[{"href":"https:\/\/wp.ufpel.edu.br\/patrimonioindustrial\/wp-json\/wp\/v2\/pages"}],"about":[{"href":"https:\/\/wp.ufpel.edu.br\/patrimonioindustrial\/wp-json\/wp\/v2\/types\/page"}],"author":[{"embeddable":true,"href":"https:\/\/wp.ufpel.edu.br\/patrimonioindustrial\/wp-json\/wp\/v2\/users\/1067"}],"replies":[{"embeddable":true,"href":"https:\/\/wp.ufpel.edu.br\/patrimonioindustrial\/wp-json\/wp\/v2\/comments?post=122"}],"version-history":[{"count":8,"href":"https:\/\/wp.ufpel.edu.br\/patrimonioindustrial\/wp-json\/wp\/v2\/pages\/122\/revisions"}],"predecessor-version":[{"id":419,"href":"https:\/\/wp.ufpel.edu.br\/patrimonioindustrial\/wp-json\/wp\/v2\/pages\/122\/revisions\/419"}],"up":[{"embeddable":true,"href":"https:\/\/wp.ufpel.edu.br\/patrimonioindustrial\/wp-json\/wp\/v2\/pages\/96"}],"wp:attachment":[{"href":"https:\/\/wp.ufpel.edu.br\/patrimonioindustrial\/wp-json\/wp\/v2\/media?parent=122"}],"curies":[{"name":"wp","href":"https:\/\/api.w.org\/{rel}","templated":true}]}}