{"id":12,"date":"2020-08-28T15:15:19","date_gmt":"2020-08-28T18:15:19","guid":{"rendered":"https:\/\/wp.ufpel.edu.br\/patrimonioindustrial\/?page_id=12"},"modified":"2020-09-11T17:58:24","modified_gmt":"2020-09-11T20:58:24","slug":"o-projeto","status":"publish","type":"page","link":"https:\/\/wp.ufpel.edu.br\/patrimonioindustrial\/o-projeto\/","title":{"rendered":"O projeto"},"content":{"rendered":"<p style=\"text-align: justify\"><span style=\"font-weight: 400\">O projeto <\/span><b>\u201cHist\u00f3ria, mem\u00f3ria e patrim\u00f4nio industrial de Pelotas\u201d<\/b><b>, <\/b><span style=\"font-weight: 400\">coordenado pela Prof\u00aa Dra. Ana Mar\u00eda Sosa Gonz\u00e1lez \u00e9 integrado por estudantes de gradua\u00e7\u00e3o e p\u00f3s-gradua\u00e7\u00e3o da Universidade Federal de Pelotas e conta com a colabora\u00e7\u00e3o de professores da institui\u00e7\u00e3o e de Universidades do exterior. \u00c9 um projeto voltado ao reconhecimento e a preserva\u00e7\u00e3o do Patrim\u00f4nio Industrial da cidade de Pelotas. Se desdobra em subprojetos espec\u00edficos, come\u00e7ando pelo projeto: \u201cMem\u00f3ria, identidade e patrim\u00f4nio industrial adquirido pela UFPel\u201d.<\/span><\/p>\n<ul>\n<li style=\"text-align: justify\"><b style=\"text-align: justify;font-size: 1.8rem\">Mem\u00f3ria, identidade e patrim\u00f4nio industrial adquirido pela UFPel,<\/b> <span style=\"font-weight: 400\">\u00e9 um projeto que v\u00eam sendo desenvolvido desde 2018, e tomou como ponto de partida, dentro do vasto patrim\u00f4nio industrial da cidade de Pelotas, antigas f\u00e1bricas que foram adquiridas pela Universidade Federal de Pelotas para fins acad\u00eamicos. O projeto tem por objetivo analisar essas edifica\u00e7\u00f5es e identificar o estado de preserva\u00e7\u00e3o e reativa\u00e7\u00e3o patrimonial de cada uma delas, tra\u00e7ar suas trajet\u00f3rias hist\u00f3ricas e registrar as narrativas de ex-trabalhadores, assim como dos atuais usu\u00e1rios desses edif\u00edcios. A partir disso, busca-se gerar inst\u00e2ncias de valoriza\u00e7\u00e3o e educa\u00e7\u00e3o patrimonial com o envolvimento das comunidades.<\/span><\/li>\n<\/ul>\n","protected":false},"excerpt":{"rendered":"<p>O projeto \u201cHist\u00f3ria, mem\u00f3ria e patrim\u00f4nio industrial de Pelotas\u201d, coordenado pela Prof\u00aa Dra. Ana Mar\u00eda Sosa Gonz\u00e1lez \u00e9 integrado por estudantes de gradua\u00e7\u00e3o e p\u00f3s-gradua\u00e7\u00e3o da Universidade Federal de Pelotas e conta com a colabora\u00e7\u00e3o de professores da institui\u00e7\u00e3o e de Universidades do exterior. \u00c9 um projeto voltado ao reconhecimento e a preserva\u00e7\u00e3o do Patrim\u00f4nio&#8230; <\/p>\n<div class=\"link-more\"><a href=\"https:\/\/wp.ufpel.edu.br\/patrimonioindustrial\/o-projeto\/\">Leia mais<\/a><\/div>\n","protected":false},"author":1067,"featured_media":0,"parent":0,"menu_order":1,"comment_status":"closed","ping_status":"closed","template":"","meta":{"footnotes":""},"class_list":["post-12","page","type-page","status-publish","hentry"],"_links":{"self":[{"href":"https:\/\/wp.ufpel.edu.br\/patrimonioindustrial\/wp-json\/wp\/v2\/pages\/12","targetHints":{"allow":["GET"]}}],"collection":[{"href":"https:\/\/wp.ufpel.edu.br\/patrimonioindustrial\/wp-json\/wp\/v2\/pages"}],"about":[{"href":"https:\/\/wp.ufpel.edu.br\/patrimonioindustrial\/wp-json\/wp\/v2\/types\/page"}],"author":[{"embeddable":true,"href":"https:\/\/wp.ufpel.edu.br\/patrimonioindustrial\/wp-json\/wp\/v2\/users\/1067"}],"replies":[{"embeddable":true,"href":"https:\/\/wp.ufpel.edu.br\/patrimonioindustrial\/wp-json\/wp\/v2\/comments?post=12"}],"version-history":[{"count":11,"href":"https:\/\/wp.ufpel.edu.br\/patrimonioindustrial\/wp-json\/wp\/v2\/pages\/12\/revisions"}],"predecessor-version":[{"id":230,"href":"https:\/\/wp.ufpel.edu.br\/patrimonioindustrial\/wp-json\/wp\/v2\/pages\/12\/revisions\/230"}],"wp:attachment":[{"href":"https:\/\/wp.ufpel.edu.br\/patrimonioindustrial\/wp-json\/wp\/v2\/media?parent=12"}],"curies":[{"name":"wp","href":"https:\/\/api.w.org\/{rel}","templated":true}]}}