{"id":87,"date":"2015-11-10T16:06:11","date_gmt":"2015-11-10T18:06:11","guid":{"rendered":"https:\/\/wp.ufpel.edu.br\/patrimonio\/?page_id=87"},"modified":"2015-11-12T09:58:56","modified_gmt":"2015-11-12T11:58:56","slug":"87-2","status":"publish","type":"page","link":"https:\/\/wp.ufpel.edu.br\/patrimonio\/","title":{"rendered":"Home"},"content":{"rendered":"<h2><\/h2>\n<p style=\"text-align: center;\"><a href=\"https:\/\/wp.ufpel.edu.br\/patrimonio\/files\/2015\/11\/unnamed.jpg\"><img class=\"wp-image-88 size-large aligncenter\" src=\"https:\/\/wp.ufpel.edu.br\/patrimonio\/files\/2015\/11\/unnamed-984x220.jpg\" alt=\"unnamed\" width=\"984\" height=\"220\" \/><\/a><\/p>\n<p>QRCODE Patrim\u00f4nio UFPEL \u00e9 projeto de extens\u00e3o da Pr\u00f3-Reitoria de Extens\u00e3o e Cultura, coordenado pelos professores Jo\u00e3o Fernando Igansi Nunes e Francisca Ferreira Michelon, desenvolvido pelo acad\u00eamico do Curso de Design Digital Gustavo Stefani (bolsista PREC).<\/p>\n<p>O patrim\u00f4nio cultural edificado da UFPel ocupa \u00e1rea extensa, caracteristicamente inserida na malha urbana e que se encontra, em grande parte, aguardando interven\u00e7\u00e3o. Algumas fachadas dos exemplares patrimonializados foram isoladas com tapumes, por quest\u00f5es de seguran\u00e7a.<\/p>\n<p>Outras fachadas est\u00e3o recebendo interven\u00e7\u00f5es aleat\u00f3rias frequentes no cen\u00e1rio urbano contempor\u00e2neo, mas que podem, dependendo do modo como s\u00e3o feitas, reverter em danos para o reboco dos edif\u00edcios. Deste modo, ou as fachadas ficam guardadas atr\u00e1s de amplos pain\u00e9is ou, eventualmente, s\u00e3o preenchidas com grafites. Este projeto intenciona reverter esta circunst\u00e2ncia, ocupando os tapumes e fachadas, bem como gerar outros, com interven\u00e7\u00e3o art\u00edstica da comunidade acad\u00eamica e comunidade externa, anexando neste espa\u00e7o um QR code para cada edif\u00edcio. Anela-se \u00e0 proposta a cria\u00e7\u00e3o deste site e, como decorr\u00eancia, outras a\u00e7\u00f5es de registro e divulga\u00e7\u00e3o do patrim\u00f4nio cultural da UFPel.<\/p>\n<p><a href=\"https:\/\/wp.ufpel.edu.br\/patrimonio\/projeto\/\"><img class=\"alignnone size-full wp-image-93\" src=\"https:\/\/wp.ufpel.edu.br\/patrimonio\/files\/2015\/11\/botao.png\" alt=\"botao\" width=\"270\" height=\"47\" srcset=\"https:\/\/wp.ufpel.edu.br\/patrimonio\/files\/2015\/11\/botao.png 270w, https:\/\/wp.ufpel.edu.br\/patrimonio\/files\/2015\/11\/botao-212x37.png 212w\" sizes=\"(max-width: 270px) 100vw, 270px\" \/><\/a><\/p>\n","protected":false},"excerpt":{"rendered":"<p>QRCODE Patrim\u00f4nio UFPEL \u00e9 projeto de extens\u00e3o da Pr\u00f3-Reitoria de Extens\u00e3o e Cultura, coordenado pelos professores Jo\u00e3o Fernando Igansi Nunes e Francisca Ferreira Michelon, desenvolvido pelo acad\u00eamico do Curso de Design Digital Gustavo Stefani (bolsista PREC). O patrim\u00f4nio cultural edificado da UFPel ocupa \u00e1rea extensa, caracteristicamente inserida na malha urbana e que se encontra, em [&hellip;]<\/p>\n","protected":false},"author":558,"featured_media":0,"parent":0,"menu_order":0,"comment_status":"closed","ping_status":"closed","template":"page-sem-sidebar.php","meta":{"footnotes":""},"class_list":["post-87","page","type-page","status-publish","hentry"],"_links":{"self":[{"href":"https:\/\/wp.ufpel.edu.br\/patrimonio\/wp-json\/wp\/v2\/pages\/87","targetHints":{"allow":["GET"]}}],"collection":[{"href":"https:\/\/wp.ufpel.edu.br\/patrimonio\/wp-json\/wp\/v2\/pages"}],"about":[{"href":"https:\/\/wp.ufpel.edu.br\/patrimonio\/wp-json\/wp\/v2\/types\/page"}],"author":[{"embeddable":true,"href":"https:\/\/wp.ufpel.edu.br\/patrimonio\/wp-json\/wp\/v2\/users\/558"}],"replies":[{"embeddable":true,"href":"https:\/\/wp.ufpel.edu.br\/patrimonio\/wp-json\/wp\/v2\/comments?post=87"}],"version-history":[{"count":13,"href":"https:\/\/wp.ufpel.edu.br\/patrimonio\/wp-json\/wp\/v2\/pages\/87\/revisions"}],"predecessor-version":[{"id":173,"href":"https:\/\/wp.ufpel.edu.br\/patrimonio\/wp-json\/wp\/v2\/pages\/87\/revisions\/173"}],"wp:attachment":[{"href":"https:\/\/wp.ufpel.edu.br\/patrimonio\/wp-json\/wp\/v2\/media?parent=87"}],"curies":[{"name":"wp","href":"https:\/\/api.w.org\/{rel}","templated":true}]}}