{"id":234,"date":"2015-11-23T17:55:51","date_gmt":"2015-11-23T19:55:51","guid":{"rendered":"https:\/\/wp.ufpel.edu.br\/patrimonio\/?page_id=234"},"modified":"2015-11-27T19:06:01","modified_gmt":"2015-11-27T21:06:01","slug":"instituto-de-higiene-borges-de-medeiros","status":"publish","type":"page","link":"https:\/\/wp.ufpel.edu.br\/patrimonio\/patrimonio-cultural-edificado\/instituto-de-higiene-borges-de-medeiros\/","title":{"rendered":"Instituto de Higiene Borges de Medeiros"},"content":{"rendered":"<p>Carlos Ritter, propriet\u00e1rio da Cervejaria Ritter, mandou construir sua resid\u00eancia, um sobrado em meio ao grande jardim rom\u00e2ntico, dando o nome de Villa Augusta, homenagem \u00e0 sua esposa. A constru\u00e7\u00e3o abrigava um jardim de inverno, uma sala de m\u00fasica, a biblioteca e o seu ateli\u00ea de taxiodermia. Com a morte do propriet\u00e1rio, em 1928, a resid\u00eancia foi vendida ao munic\u00edpio e passou a abrigar o Instituto de Higiene Borges de Medeiros. Em 1958 a propriedade foi doada \u00e0 futura Faculdade de Medicina de Pelotas, fundada em 1959, e instalada definitivamente em 1963.<\/p>\n<table>\n<tbody>\n<tr>\n<td><a href=\"https:\/\/wp.ufpel.edu.br\/patrimonio\/files\/2015\/11\/famed.png\"><img class=\"alignnone size-medium wp-image-68\" src=\"https:\/\/wp.ufpel.edu.br\/patrimonio\/files\/2015\/11\/famed.png\" alt=\"anglofull\" width=\"424\" height=\"283\" \/><\/a><\/td>\n<\/tr>\n<tr>\n<td><b>Informa\u00e7\u00f5es<\/td>\n<\/tr>\n<tr>\n<td><b>Denomina\u00e7\u00e3o hist\u00f3rica:<\/b> Instituto de Higiene Borges de Medeiros<\/td>\n<\/tr>\n<tr>\n<td><b>Denomina\u00e7\u00e3o atual:<\/b>Faculdade de Medicina<\/td>\n<\/tr>\n<tr>\n<td><b>Ano de Constru\u00e7\u00e3o:<\/b>1908-1913<\/td>\n<\/tr>\n<tr>\n<td><b>Tipologia Patrimonial:<\/b> Residencial<\/td>\n<\/tr>\n<tr>\n<td><b>Ano de aquisi\u00e7\u00e3o pela UFPel:<\/b> 1969<\/td>\n<\/tr>\n<tr>\n<td><b>Uso atual:<\/b> Faculdade de Medicina<\/td>\n<\/tr>\n<tr>\n<td><b>Uso anterior:<\/b> Inicial Resid\u00eancia de Carlos Ritter, 1928 Instituto de Higiene<\/td>\n<\/tr>\n<tr>\n<td><b>Estado de Conserva\u00e7\u00e3o:<\/b> Razo\u00e1vel<\/td>\n<\/tr>\n<tr>\n<td><b>N\u00edvel de prote\u00e7\u00e3o:<\/b>Inventariado n\u00edvel 2<\/td>\n<\/tr>\n<tr>\n<td><b>Localiza\u00e7\u00e3o:<\/b> Av. Duque de Caxias, 250<\/td>\n<\/tr>\n<\/tbody>\n<\/table>\n<h3>Conte sua hist\u00f3ria com o Instituto de Higiene Borges de Medeiros<\/h3>\n<p>Caso tenha alguma hist\u00f3ria para contar sobre a Instituto de Higiene Borges de Medeiros (depoimento, imagem, v\u00eddeo, \u00e1udio, etc.) e queira compartilhar conosco, envie para <strong>qrcodepatrimonioufpel@gmail.com<\/strong>. Queremos contar a hist\u00f3ria deste local e voc\u00ea pode nos ajudar.<\/p>\n","protected":false},"excerpt":{"rendered":"<p>Carlos Ritter, propriet\u00e1rio da Cervejaria Ritter, mandou construir sua resid\u00eancia, um sobrado em meio ao grande jardim rom\u00e2ntico, dando o nome de Villa Augusta, homenagem \u00e0 sua esposa. A constru\u00e7\u00e3o abrigava um jardim de inverno, uma sala de m\u00fasica, a biblioteca e o seu ateli\u00ea de taxiodermia. Com a morte do propriet\u00e1rio, em 1928, a [&hellip;]<\/p>\n","protected":false},"author":558,"featured_media":0,"parent":6,"menu_order":0,"comment_status":"closed","ping_status":"closed","template":"page-sem-sidebar.php","meta":{"footnotes":""},"class_list":["post-234","page","type-page","status-publish","hentry"],"_links":{"self":[{"href":"https:\/\/wp.ufpel.edu.br\/patrimonio\/wp-json\/wp\/v2\/pages\/234","targetHints":{"allow":["GET"]}}],"collection":[{"href":"https:\/\/wp.ufpel.edu.br\/patrimonio\/wp-json\/wp\/v2\/pages"}],"about":[{"href":"https:\/\/wp.ufpel.edu.br\/patrimonio\/wp-json\/wp\/v2\/types\/page"}],"author":[{"embeddable":true,"href":"https:\/\/wp.ufpel.edu.br\/patrimonio\/wp-json\/wp\/v2\/users\/558"}],"replies":[{"embeddable":true,"href":"https:\/\/wp.ufpel.edu.br\/patrimonio\/wp-json\/wp\/v2\/comments?post=234"}],"version-history":[{"count":4,"href":"https:\/\/wp.ufpel.edu.br\/patrimonio\/wp-json\/wp\/v2\/pages\/234\/revisions"}],"predecessor-version":[{"id":285,"href":"https:\/\/wp.ufpel.edu.br\/patrimonio\/wp-json\/wp\/v2\/pages\/234\/revisions\/285"}],"up":[{"embeddable":true,"href":"https:\/\/wp.ufpel.edu.br\/patrimonio\/wp-json\/wp\/v2\/pages\/6"}],"wp:attachment":[{"href":"https:\/\/wp.ufpel.edu.br\/patrimonio\/wp-json\/wp\/v2\/media?parent=234"}],"curies":[{"name":"wp","href":"https:\/\/api.w.org\/{rel}","templated":true}]}}