{"id":230,"date":"2015-11-23T17:54:43","date_gmt":"2015-11-23T19:54:43","guid":{"rendered":"https:\/\/wp.ufpel.edu.br\/patrimonio\/?page_id=230"},"modified":"2015-11-27T18:02:17","modified_gmt":"2015-11-27T20:02:17","slug":"alfandega","status":"publish","type":"page","link":"https:\/\/wp.ufpel.edu.br\/patrimonio\/patrimonio-cultural-edificado\/alfandega\/","title":{"rendered":"Alf\u00e2ndega"},"content":{"rendered":"<p>Constru\u00eddo em terreno doado pela Prefeitura Municipal em 1935, com projeto do governo federal<\/p>\n<table>\n<tbody>\n<tr>\n<td><a href=\"https:\/\/wp.ufpel.edu.br\/patrimonio\/files\/2015\/11\/alfandega.png\"><img class=\"alignnone size-medium wp-image-68\" src=\"https:\/\/wp.ufpel.edu.br\/patrimonio\/files\/2015\/11\/alfandega.png\" alt=\"anglofull\" width=\"424\" height=\"283\" \/><\/a><\/td>\n<\/tr>\n<tr>\n<td><b>Informa\u00e7\u00f5es<\/td>\n<\/tr>\n<tr>\n<td><b>Denomina\u00e7\u00e3o hist\u00f3rica:<\/b> Alf\u00e2ndega<\/td>\n<\/tr>\n<tr>\n<td><b>Denomina\u00e7\u00e3o:<\/b><\/td>\n<\/tr>\n<tr>\n<td><b>Ano de Constru\u00e7\u00e3o:<\/b> 1935 (obra) 1938 (inaugura\u00e7\u00e3o)<\/td>\n<\/tr>\n<tr>\n<td><b>Tipologia Patrimonial:<\/b> servi\u00e7o p\u00fablico<\/td>\n<\/tr>\n<tr>\n<td><b>Ano de aquisi\u00e7\u00e3o pela UFPel:<\/b> 2010\/2011<\/td>\n<\/tr>\n<tr>\n<td><b>Uso atual:<\/b> Engenharia Geol\u00f3gica, de Petr\u00f3leo e H\u00eddrica<\/td>\n<\/tr>\n<tr>\n<td><b>Uso anterior:<\/b> Alf\u00e2ndega<\/td>\n<\/tr>\n<tr>\n<td><b>Estado de Conserva\u00e7\u00e3o:<\/b> em reforma<\/td>\n<\/tr>\n<tr>\n<td><b>N\u00edvel de prote\u00e7\u00e3o:<\/b> Inventariado n\u00edvel 2<\/td>\n<\/tr>\n<tr>\n<td><b>Localiza\u00e7\u00e3o:<\/b> Pra\u00e7a Domingos Rodrigues, 24<\/td>\n<\/tr>\n<\/tbody>\n<\/table>\n<h3>Conte sua hist\u00f3ria com a Alf\u00e2ndega<\/h3>\n<p>Caso tenha alguma hist\u00f3ria para contar sobre a Alf\u00e2ndega (depoimento, imagem, v\u00eddeo, \u00e1udio, etc.) e queira compartilhar conosco, envie para <strong>qrcodepatrimonioufpel@gmail.com<\/strong>. Queremos contar a hist\u00f3ria deste local e voc\u00ea pode nos ajudar.<\/p>\n","protected":false},"excerpt":{"rendered":"<p>Constru\u00eddo em terreno doado pela Prefeitura Municipal em 1935, com projeto do governo federal Informa\u00e7\u00f5es Denomina\u00e7\u00e3o hist\u00f3rica: Alf\u00e2ndega Denomina\u00e7\u00e3o: Ano de Constru\u00e7\u00e3o: 1935 (obra) 1938 (inaugura\u00e7\u00e3o) Tipologia Patrimonial: servi\u00e7o p\u00fablico Ano de aquisi\u00e7\u00e3o pela UFPel: 2010\/2011 Uso atual: Engenharia Geol\u00f3gica, de Petr\u00f3leo e H\u00eddrica Uso anterior: Alf\u00e2ndega Estado de Conserva\u00e7\u00e3o: em reforma N\u00edvel de prote\u00e7\u00e3o: [&hellip;]<\/p>\n","protected":false},"author":558,"featured_media":0,"parent":6,"menu_order":0,"comment_status":"closed","ping_status":"closed","template":"page-sem-sidebar.php","meta":{"footnotes":""},"class_list":["post-230","page","type-page","status-publish","hentry"],"_links":{"self":[{"href":"https:\/\/wp.ufpel.edu.br\/patrimonio\/wp-json\/wp\/v2\/pages\/230","targetHints":{"allow":["GET"]}}],"collection":[{"href":"https:\/\/wp.ufpel.edu.br\/patrimonio\/wp-json\/wp\/v2\/pages"}],"about":[{"href":"https:\/\/wp.ufpel.edu.br\/patrimonio\/wp-json\/wp\/v2\/types\/page"}],"author":[{"embeddable":true,"href":"https:\/\/wp.ufpel.edu.br\/patrimonio\/wp-json\/wp\/v2\/users\/558"}],"replies":[{"embeddable":true,"href":"https:\/\/wp.ufpel.edu.br\/patrimonio\/wp-json\/wp\/v2\/comments?post=230"}],"version-history":[{"count":5,"href":"https:\/\/wp.ufpel.edu.br\/patrimonio\/wp-json\/wp\/v2\/pages\/230\/revisions"}],"predecessor-version":[{"id":251,"href":"https:\/\/wp.ufpel.edu.br\/patrimonio\/wp-json\/wp\/v2\/pages\/230\/revisions\/251"}],"up":[{"embeddable":true,"href":"https:\/\/wp.ufpel.edu.br\/patrimonio\/wp-json\/wp\/v2\/pages\/6"}],"wp:attachment":[{"href":"https:\/\/wp.ufpel.edu.br\/patrimonio\/wp-json\/wp\/v2\/media?parent=230"}],"curies":[{"name":"wp","href":"https:\/\/api.w.org\/{rel}","templated":true}]}}