{"id":228,"date":"2015-11-23T17:54:24","date_gmt":"2015-11-23T19:54:24","guid":{"rendered":"https:\/\/wp.ufpel.edu.br\/patrimonio\/?page_id=228"},"modified":"2015-11-27T19:10:12","modified_gmt":"2015-11-27T21:10:12","slug":"laneira-brasileira-sa","status":"publish","type":"page","link":"https:\/\/wp.ufpel.edu.br\/patrimonio\/patrimonio-cultural-edificado\/laneira-brasileira-sa\/","title":{"rendered":"Laneira Brasileira S\/A"},"content":{"rendered":"<p>O pr\u00e9dio com projeto do Engenheiro Paulo Ricardo Levacov, foi constru\u00eddo em 1949, e entre a sua constru\u00e7\u00e3o at\u00e9 o ano de 1972 foram comprados terrenos e im\u00f3veis adjacentes, para aumentar o espa\u00e7o dessa ind\u00fastria. Em abril de 2003 encerraram as atividades da ind\u00fastria devido \u00e0 fal\u00eancia<\/p>\n<table>\n<tbody>\n<tr>\n<td><a href=\"https:\/\/wp.ufpel.edu.br\/patrimonio\/files\/2015\/11\/laneira.png\"><img class=\"alignnone size-medium wp-image-68\" src=\"https:\/\/wp.ufpel.edu.br\/patrimonio\/files\/2015\/11\/laneira.png\" alt=\"anglofull\" width=\"424\" height=\"283\" \/><\/a><\/td>\n<\/tr>\n<tr>\n<td><b>Informa\u00e7\u00f5es<\/td>\n<\/tr>\n<tr>\n<td><b>Denomina\u00e7\u00e3o hist\u00f3rica:<\/b> Laneira Brasileira S\/A<\/td>\n<\/tr>\n<tr>\n<td><b>Denomina\u00e7\u00e3o atual:<\/b> Laneira<\/td>\n<\/tr>\n<tr>\n<td><b>Ano de Constru\u00e7\u00e3o:<\/b> 1949<\/td>\n<\/tr>\n<tr>\n<td><b>Tipologia Patrimonial:<\/b> Pr\u00e9dio Industrial<\/td>\n<\/tr>\n<tr>\n<td><b>Ano de aquisi\u00e7\u00e3o pela UFPel:<\/b>2010<\/td>\n<\/tr>\n<tr>\n<td><b>Uso atual:<\/b> Sem uso<\/td>\n<\/tr>\n<tr>\n<td><b>Uso anterior:<\/b> Laneira<\/td>\n<\/tr>\n<tr>\n<td><b>Estado de Conserva\u00e7\u00e3o:<\/b> sem restauro<\/td>\n<\/tr>\n<tr>\n<td><b>N\u00edvel de prote\u00e7\u00e3o:<\/b>sem prote\u00e7\u00e3o<\/td>\n<\/tr>\n<tr>\n<td><b>Localiza\u00e7\u00e3o:<\/b> Avenida Duque de Caxias, 104<\/td>\n<\/tr>\n<\/tbody>\n<\/table>\n<h3>Conte sua hist\u00f3ria com a Laneira<\/h3>\n<p>Caso tenha alguma hist\u00f3ria para contar sobre a Laneira (depoimento, imagem, v\u00eddeo, \u00e1udio, etc.) e queira compartilhar conosco, envie para <strong>qrcodepatrimonioufpel@gmail.com<\/strong>. Queremos contar a hist\u00f3ria deste local e voc\u00ea pode nos ajudar.<\/p>\n","protected":false},"excerpt":{"rendered":"<p>O pr\u00e9dio com projeto do Engenheiro Paulo Ricardo Levacov, foi constru\u00eddo em 1949, e entre a sua constru\u00e7\u00e3o at\u00e9 o ano de 1972 foram comprados terrenos e im\u00f3veis adjacentes, para aumentar o espa\u00e7o dessa ind\u00fastria. Em abril de 2003 encerraram as atividades da ind\u00fastria devido \u00e0 fal\u00eancia Informa\u00e7\u00f5es Denomina\u00e7\u00e3o hist\u00f3rica: Laneira Brasileira S\/A Denomina\u00e7\u00e3o atual: [&hellip;]<\/p>\n","protected":false},"author":558,"featured_media":0,"parent":6,"menu_order":0,"comment_status":"closed","ping_status":"closed","template":"page-sem-sidebar.php","meta":{"footnotes":""},"class_list":["post-228","page","type-page","status-publish","hentry"],"_links":{"self":[{"href":"https:\/\/wp.ufpel.edu.br\/patrimonio\/wp-json\/wp\/v2\/pages\/228","targetHints":{"allow":["GET"]}}],"collection":[{"href":"https:\/\/wp.ufpel.edu.br\/patrimonio\/wp-json\/wp\/v2\/pages"}],"about":[{"href":"https:\/\/wp.ufpel.edu.br\/patrimonio\/wp-json\/wp\/v2\/types\/page"}],"author":[{"embeddable":true,"href":"https:\/\/wp.ufpel.edu.br\/patrimonio\/wp-json\/wp\/v2\/users\/558"}],"replies":[{"embeddable":true,"href":"https:\/\/wp.ufpel.edu.br\/patrimonio\/wp-json\/wp\/v2\/comments?post=228"}],"version-history":[{"count":3,"href":"https:\/\/wp.ufpel.edu.br\/patrimonio\/wp-json\/wp\/v2\/pages\/228\/revisions"}],"predecessor-version":[{"id":288,"href":"https:\/\/wp.ufpel.edu.br\/patrimonio\/wp-json\/wp\/v2\/pages\/228\/revisions\/288"}],"up":[{"embeddable":true,"href":"https:\/\/wp.ufpel.edu.br\/patrimonio\/wp-json\/wp\/v2\/pages\/6"}],"wp:attachment":[{"href":"https:\/\/wp.ufpel.edu.br\/patrimonio\/wp-json\/wp\/v2\/media?parent=228"}],"curies":[{"name":"wp","href":"https:\/\/api.w.org\/{rel}","templated":true}]}}