{"id":226,"date":"2015-11-23T17:53:40","date_gmt":"2015-11-23T19:53:40","guid":{"rendered":"https:\/\/wp.ufpel.edu.br\/patrimonio\/?page_id=226"},"modified":"2015-11-27T18:49:57","modified_gmt":"2015-11-27T20:49:57","slug":"escola-de-belas-artes-carmem-trapaga-simoes","status":"publish","type":"page","link":"https:\/\/wp.ufpel.edu.br\/patrimonio\/patrimonio-cultural-edificado\/escola-de-belas-artes-carmem-trapaga-simoes\/","title":{"rendered":"Escola de Belas Artes Carmem Tr\u00e1paga Sim\u00f5es"},"content":{"rendered":"<p>O pr\u00e9dio, constru\u00eddo com destina\u00e7\u00e3o residencial em 1881, pertenceu \u00e0 fam\u00edlia Tr\u00e1paga at\u00e9 1963, quando foi doado por D. Carmen Tr\u00e1paga Sim\u00f5es \u00e0 antiga Escola de Belas Artes. Em 1973, a escola e o pr\u00e9dio passaram a integrar a Universidade Federal de Pelotas.<\/p>\n<table>\n<tbody>\n<tr>\n<td><a href=\"https:\/\/wp.ufpel.edu.br\/patrimonio\/files\/2015\/11\/belasartes.png\"><img class=\"alignnone size-medium wp-image-68\" src=\"https:\/\/wp.ufpel.edu.br\/patrimonio\/files\/2015\/11\/belasartes.png\" alt=\"anglofull\" width=\"424\" height=\"283\" \/><\/a><\/td>\n<\/tr>\n<tr>\n<td><b>Informa\u00e7\u00f5es<\/td>\n<\/tr>\n<tr>\n<td><b>Denomina\u00e7\u00e3o hist\u00f3rica:<\/b> Escola de Belas Artes<\/td>\n<\/tr>\n<tr>\n<td><b>Denomina\u00e7\u00e3o:<\/b>Escola de Belas Artes<\/td>\n<\/tr>\n<tr>\n<td><b>Ano de Constru\u00e7\u00e3o:<\/b>1881<\/td>\n<\/tr>\n<tr>\n<td><b>Tipologia Patrimonial:<\/b> Residencial<\/td>\n<\/tr>\n<tr>\n<td><b>Ano de aquisi\u00e7\u00e3o pela UFPel:<\/b> 1973<\/td>\n<\/tr>\n<tr>\n<td><b>Uso atual:<\/b> Interditado por danos na estrutura\n<\/td>\n<\/tr>\n<tr>\n<td><b>Uso anterior:<\/b> Resid\u00eancia, EBA, Museologia, Conserva\u00e7\u00e3o e Restauro.\n<\/td>\n<\/tr>\n<tr>\n<td><b>Estado de Conserva\u00e7\u00e3o:<\/b> sem uso \/ Interditado<\/td>\n<\/tr>\n<tr>\n<td><b>N\u00edvel de prote\u00e7\u00e3o:<\/b>Tombamento N\u00edvel Municipal\n<\/td>\n<\/tr>\n<tr>\n<td><b>Localiza\u00e7\u00e3o:<\/b> Marechal Floriano, 177 e 179.\n<\/td>\n<\/tr>\n<\/tbody>\n<\/table>\n<h3>Conte sua hist\u00f3ria com a Escola de Belas Artes Carmem Tr\u00e1paga Sim\u00f5es<br \/>\n<\/h3>\n<p>Caso tenha alguma hist\u00f3ria para contar sobre a Escola de Belas Artes Carmem Tr\u00e1paga Sim\u00f5es<br \/>\n (depoimento, imagem, v\u00eddeo, \u00e1udio, etc.) e queira compartilhar conosco, envie para <strong>qrcodepatrimonioufpel@gmail.com<\/strong>. Queremos contar a hist\u00f3ria deste local e voc\u00ea pode nos ajudar.<\/p>\n","protected":false},"excerpt":{"rendered":"<p>O pr\u00e9dio, constru\u00eddo com destina\u00e7\u00e3o residencial em 1881, pertenceu \u00e0 fam\u00edlia Tr\u00e1paga at\u00e9 1963, quando foi doado por D. Carmen Tr\u00e1paga Sim\u00f5es \u00e0 antiga Escola de Belas Artes. Em 1973, a escola e o pr\u00e9dio passaram a integrar a Universidade Federal de Pelotas. Informa\u00e7\u00f5es Denomina\u00e7\u00e3o hist\u00f3rica: Escola de Belas Artes Denomina\u00e7\u00e3o:Escola de Belas Artes Ano [&hellip;]<\/p>\n","protected":false},"author":558,"featured_media":0,"parent":6,"menu_order":0,"comment_status":"closed","ping_status":"closed","template":"page-sem-sidebar.php","meta":{"footnotes":""},"class_list":["post-226","page","type-page","status-publish","hentry"],"_links":{"self":[{"href":"https:\/\/wp.ufpel.edu.br\/patrimonio\/wp-json\/wp\/v2\/pages\/226","targetHints":{"allow":["GET"]}}],"collection":[{"href":"https:\/\/wp.ufpel.edu.br\/patrimonio\/wp-json\/wp\/v2\/pages"}],"about":[{"href":"https:\/\/wp.ufpel.edu.br\/patrimonio\/wp-json\/wp\/v2\/types\/page"}],"author":[{"embeddable":true,"href":"https:\/\/wp.ufpel.edu.br\/patrimonio\/wp-json\/wp\/v2\/users\/558"}],"replies":[{"embeddable":true,"href":"https:\/\/wp.ufpel.edu.br\/patrimonio\/wp-json\/wp\/v2\/comments?post=226"}],"version-history":[{"count":4,"href":"https:\/\/wp.ufpel.edu.br\/patrimonio\/wp-json\/wp\/v2\/pages\/226\/revisions"}],"predecessor-version":[{"id":271,"href":"https:\/\/wp.ufpel.edu.br\/patrimonio\/wp-json\/wp\/v2\/pages\/226\/revisions\/271"}],"up":[{"embeddable":true,"href":"https:\/\/wp.ufpel.edu.br\/patrimonio\/wp-json\/wp\/v2\/pages\/6"}],"wp:attachment":[{"href":"https:\/\/wp.ufpel.edu.br\/patrimonio\/wp-json\/wp\/v2\/media?parent=226"}],"curies":[{"name":"wp","href":"https:\/\/api.w.org\/{rel}","templated":true}]}}